{"id":294,"date":"2025-02-21T10:12:24","date_gmt":"2025-02-21T10:12:24","guid":{"rendered":"https:\/\/hotel-centrale-alcamo.ms2.decms.eu\/?page_id=294"},"modified":"2025-05-02T08:33:30","modified_gmt":"2025-05-02T08:33:30","slug":"chambre","status":"publish","type":"page","link":"https:\/\/www.hotelcentrale.sicilia.it\/fr\/chambre\/","title":{"rendered":"Chambre"},"content":{"rendered":"<p>L\u2019H\u00f4tel dispose de 32 chambres. Les chambres sont divis\u00e9es en simples, doubles, triples, quadruples et chambres sup\u00e9rieures.<\/p>\n<p>Toutes tr\u00e8s spacieuses, avec climatisation \u00e0 r\u00e9glage individuel.<\/p>\n<p>Chaque chambre dispose d\u2019une salle de bains priv\u00e9e avec douche, et offre \u00e0 ses clients les services suivants: TV couleur LCD, t\u00e9l\u00e9phone, minibar, s\u00e8che- cheveux et des articles de toilette, coffre- fort et WI FI.<\/p>\n<p>Les Chambre sup\u00e9rieure disposent d\u2019un petit salon avec canap\u00e9 et une table basse, salle de bains avec douche hydro massage.<\/p>\n<p>Toutes les chambres disposent d\u2019un mobilier classique en bois et sont d\u00e9cor\u00e9es avec des peintures raffin\u00e9es sur les murs; tout \u00e7a les rend uniques, confortables et \u00e9l\u00e9gantes.<\/p>\n","protected":false},"excerpt":{"rendered":"<p>L\u2019H\u00f4tel dispose de 32 chambres. Les chambres sont divis\u00e9es en simples, doubles, triples, quadruples et chambres sup\u00e9rieures. Toutes tr\u00e8s spacieuses, avec climatisation \u00e0 r\u00e9glage individuel. Chaque chambre dispose d\u2019une salle de bains priv\u00e9e avec douche, et offre \u00e0 ses clients les services suivants: TV couleur LCD, t\u00e9l\u00e9phone, minibar, s\u00e8che- cheveux et des articles de toilette, [&hellip;]<\/p>\n","protected":false},"author":12,"featured_media":0,"parent":0,"menu_order":5,"comment_status":"closed","ping_status":"closed","template":"template-rooms.php","meta":{"footnotes":""},"yoast_head":"<!-- This site is optimized with the Yoast SEO plugin v22.3 - https:\/\/yoast.com\/wordpress\/plugins\/seo\/ -->\n<title>Chambre &#8211; Hotel Centrale Alcamo<\/title>\n<meta name=\"description\" content=\"L\u2019H\u00f4tel dispose de 32 chambres. Les chambres sont divis\u00e9es en simples, doubles, triples, quadruples et chambres sup\u00e9rieures.  Toutes tr\u00e8s spacieuses, avec climatisation \u00e0 r\u00e9glage individuel.  Chaque chambre dispose d\u2019une salle de bains priv\u00e9e avec douche, et offre \u00e0 ses clients les services suivants: TV couleur LCD, t\u00e9l\u00e9phone, minibar, s\u00e8che- cheveux et des articles de toilette, coffre- fort et WI FI.  Les Chambre sup\u00e9rieure disposent d\u2019un petit salon avec canap\u00e9 et une table basse, salle de bains avec douche hydro massage.  Toutes les chambres disposent d\u2019un mobilier classique en bois et sont d\u00e9cor\u00e9es avec des peintures raffin\u00e9es sur les murs; tout \u00e7a les rend uniques, confortables et \u00e9l\u00e9gantes.\" \/>\n<meta name=\"robots\" content=\"index, follow, max-snippet:-1, max-image-preview:large, max-video-preview:-1\" \/>\n<link rel=\"canonical\" href=\"https:\/\/www.hotelcentrale.sicilia.it\/fr\/chambre\/\" \/>\n<meta property=\"og:locale\" content=\"fr_FR\" \/>\n<meta property=\"og:type\" content=\"article\" \/>\n<meta property=\"og:title\" content=\"Chambre &#8211; Hotel Centrale Alcamo\" \/>\n<meta property=\"og:description\" content=\"L\u2019H\u00f4tel dispose de 32 chambres. Les chambres sont divis\u00e9es en simples, doubles, triples, quadruples et chambres sup\u00e9rieures.  Toutes tr\u00e8s spacieuses, avec climatisation \u00e0 r\u00e9glage individuel.  Chaque chambre dispose d\u2019une salle de bains priv\u00e9e avec douche, et offre \u00e0 ses clients les services suivants: TV couleur LCD, t\u00e9l\u00e9phone, minibar, s\u00e8che- cheveux et des articles de toilette, coffre- fort et WI FI.  Les Chambre sup\u00e9rieure disposent d\u2019un petit salon avec canap\u00e9 et une table basse, salle de bains avec douche hydro massage.  Toutes les chambres disposent d\u2019un mobilier classique en bois et sont d\u00e9cor\u00e9es avec des peintures raffin\u00e9es sur les murs; tout \u00e7a les rend uniques, confortables et \u00e9l\u00e9gantes.\" \/>\n<meta property=\"og:url\" content=\"https:\/\/www.hotelcentrale.sicilia.it\/fr\/chambre\/\" \/>\n<meta property=\"og:site_name\" content=\"Hotel Centrale Alcamo\" \/>\n<meta property=\"article:publisher\" content=\"https:\/\/www.facebook.com\/hotelcentrale.alcamo\/\" \/>\n<meta property=\"article:modified_time\" content=\"2025-05-02T08:33:30+00:00\" \/>\n<meta property=\"og:image\" content=\"https:\/\/www.hotelcentrale.sicilia.it\/wp-content\/uploads\/sites\/219\/2025\/03\/slide-hall.jpg\" \/>\n\t<meta property=\"og:image:width\" content=\"1800\" \/>\n\t<meta property=\"og:image:height\" content=\"1200\" \/>\n\t<meta property=\"og:image:type\" content=\"image\/jpeg\" \/>\n<meta name=\"twitter:card\" content=\"summary_large_image\" \/>\n<meta name=\"twitter:label1\" content=\"Dur\u00e9e de lecture estim\u00e9e\" \/>\n\t<meta name=\"twitter:data1\" content=\"1 minute\" \/>\n<script type=\"application\/ld+json\" class=\"yoast-schema-graph\">{\"@context\":\"https:\/\/schema.org\",\"@graph\":[{\"@type\":\"WebPage\",\"@id\":\"https:\/\/www.hotelcentrale.sicilia.it\/fr\/chambre\/\",\"url\":\"https:\/\/www.hotelcentrale.sicilia.it\/fr\/chambre\/\",\"name\":\"Chambre &#8211; Hotel Centrale Alcamo\",\"isPartOf\":{\"@id\":\"https:\/\/www.hotelcentrale.sicilia.it\/fr\/#website\"},\"datePublished\":\"2025-02-21T10:12:24+00:00\",\"dateModified\":\"2025-05-02T08:33:30+00:00\",\"description\":\"L\u2019H\u00f4tel dispose de 32 chambres. Les chambres sont divis\u00e9es en simples, doubles, triples, quadruples et chambres sup\u00e9rieures. Toutes tr\u00e8s spacieuses, avec climatisation \u00e0 r\u00e9glage individuel. Chaque chambre dispose d\u2019une salle de bains priv\u00e9e avec douche, et offre \u00e0 ses clients les services suivants: TV couleur LCD, t\u00e9l\u00e9phone, minibar, s\u00e8che- cheveux et des articles de toilette, coffre- fort et WI FI. Les Chambre sup\u00e9rieure disposent d\u2019un petit salon avec canap\u00e9 et une table basse, salle de bains avec douche hydro massage. Toutes les chambres disposent d\u2019un mobilier classique en bois et sont d\u00e9cor\u00e9es avec des peintures raffin\u00e9es sur les murs; tout \u00e7a les rend uniques, confortables et \u00e9l\u00e9gantes.\",\"breadcrumb\":{\"@id\":\"https:\/\/www.hotelcentrale.sicilia.it\/fr\/chambre\/#breadcrumb\"},\"inLanguage\":\"fr-FR\",\"potentialAction\":[{\"@type\":\"ReadAction\",\"target\":[\"https:\/\/www.hotelcentrale.sicilia.it\/fr\/chambre\/\"]}]},{\"@type\":\"BreadcrumbList\",\"@id\":\"https:\/\/www.hotelcentrale.sicilia.it\/fr\/chambre\/#breadcrumb\",\"itemListElement\":[{\"@type\":\"ListItem\",\"position\":1,\"name\":\"Home\",\"item\":\"https:\/\/www.hotelcentrale.sicilia.it\/fr\/\"},{\"@type\":\"ListItem\",\"position\":2,\"name\":\"Chambre\"}]},{\"@type\":\"WebSite\",\"@id\":\"https:\/\/www.hotelcentrale.sicilia.it\/fr\/#website\",\"url\":\"https:\/\/www.hotelcentrale.sicilia.it\/fr\/\",\"name\":\"Hotel Centrale Alcamo\",\"description\":\"Hotel  4 stelle nel cuore della citt\u00e0\",\"publisher\":{\"@id\":\"https:\/\/www.hotelcentrale.sicilia.it\/fr\/#organization\"},\"alternateName\":\"Hotel Centrale Alcamo\",\"potentialAction\":[{\"@type\":\"SearchAction\",\"target\":{\"@type\":\"EntryPoint\",\"urlTemplate\":\"https:\/\/www.hotelcentrale.sicilia.it\/fr\/?s={search_term_string}\"},\"query-input\":\"required name=search_term_string\"}],\"inLanguage\":\"fr-FR\"},{\"@type\":\"Organization\",\"@id\":\"https:\/\/www.hotelcentrale.sicilia.it\/fr\/#organization\",\"name\":\"Hotel Centrale Alcamo\",\"url\":\"https:\/\/www.hotelcentrale.sicilia.it\/fr\/\",\"logo\":{\"@type\":\"ImageObject\",\"inLanguage\":\"fr-FR\",\"@id\":\"https:\/\/www.hotelcentrale.sicilia.it\/fr\/#\/schema\/logo\/image\/\",\"url\":\"https:\/\/hotel-centrale-alcamo.ms2.decms.eu\/wp-content\/uploads\/sites\/219\/2025\/02\/logo.png\",\"contentUrl\":\"https:\/\/hotel-centrale-alcamo.ms2.decms.eu\/wp-content\/uploads\/sites\/219\/2025\/02\/logo.png\",\"width\":200,\"height\":98,\"caption\":\"Hotel Centrale Alcamo\"},\"image\":{\"@id\":\"https:\/\/www.hotelcentrale.sicilia.it\/fr\/#\/schema\/logo\/image\/\"},\"sameAs\":[\"https:\/\/www.facebook.com\/hotelcentrale.alcamo\/\"]}]}<\/script>\n<!-- \/ Yoast SEO plugin. -->","yoast_head_json":{"title":"Chambre &#8211; Hotel Centrale Alcamo","description":"L\u2019H\u00f4tel dispose de 32 chambres. Les chambres sont divis\u00e9es en simples, doubles, triples, quadruples et chambres sup\u00e9rieures.  Toutes tr\u00e8s spacieuses, avec climatisation \u00e0 r\u00e9glage individuel.  Chaque chambre dispose d\u2019une salle de bains priv\u00e9e avec douche, et offre \u00e0 ses clients les services suivants: TV couleur LCD, t\u00e9l\u00e9phone, minibar, s\u00e8che- cheveux et des articles de toilette, coffre- fort et WI FI.  Les Chambre sup\u00e9rieure disposent d\u2019un petit salon avec canap\u00e9 et une table basse, salle de bains avec douche hydro massage.  Toutes les chambres disposent d\u2019un mobilier classique en bois et sont d\u00e9cor\u00e9es avec des peintures raffin\u00e9es sur les murs; tout \u00e7a les rend uniques, confortables et \u00e9l\u00e9gantes.","robots":{"index":"index","follow":"follow","max-snippet":"max-snippet:-1","max-image-preview":"max-image-preview:large","max-video-preview":"max-video-preview:-1"},"canonical":"https:\/\/www.hotelcentrale.sicilia.it\/fr\/chambre\/","og_locale":"fr_FR","og_type":"article","og_title":"Chambre &#8211; Hotel Centrale Alcamo","og_description":"L\u2019H\u00f4tel dispose de 32 chambres. Les chambres sont divis\u00e9es en simples, doubles, triples, quadruples et chambres sup\u00e9rieures.  Toutes tr\u00e8s spacieuses, avec climatisation \u00e0 r\u00e9glage individuel.  Chaque chambre dispose d\u2019une salle de bains priv\u00e9e avec douche, et offre \u00e0 ses clients les services suivants: TV couleur LCD, t\u00e9l\u00e9phone, minibar, s\u00e8che- cheveux et des articles de toilette, coffre- fort et WI FI.  Les Chambre sup\u00e9rieure disposent d\u2019un petit salon avec canap\u00e9 et une table basse, salle de bains avec douche hydro massage.  Toutes les chambres disposent d\u2019un mobilier classique en bois et sont d\u00e9cor\u00e9es avec des peintures raffin\u00e9es sur les murs; tout \u00e7a les rend uniques, confortables et \u00e9l\u00e9gantes.","og_url":"https:\/\/www.hotelcentrale.sicilia.it\/fr\/chambre\/","og_site_name":"Hotel Centrale Alcamo","article_publisher":"https:\/\/www.facebook.com\/hotelcentrale.alcamo\/","article_modified_time":"2025-05-02T08:33:30+00:00","og_image":[{"width":1800,"height":1200,"url":"https:\/\/www.hotelcentrale.sicilia.it\/wp-content\/uploads\/sites\/219\/2025\/03\/slide-hall.jpg","type":"image\/jpeg"}],"twitter_card":"summary_large_image","twitter_misc":{"Dur\u00e9e de lecture estim\u00e9e":"1 minute"},"schema":{"@context":"https:\/\/schema.org","@graph":[{"@type":"WebPage","@id":"https:\/\/www.hotelcentrale.sicilia.it\/fr\/chambre\/","url":"https:\/\/www.hotelcentrale.sicilia.it\/fr\/chambre\/","name":"Chambre &#8211; Hotel Centrale Alcamo","isPartOf":{"@id":"https:\/\/www.hotelcentrale.sicilia.it\/fr\/#website"},"datePublished":"2025-02-21T10:12:24+00:00","dateModified":"2025-05-02T08:33:30+00:00","description":"L\u2019H\u00f4tel dispose de 32 chambres. Les chambres sont divis\u00e9es en simples, doubles, triples, quadruples et chambres sup\u00e9rieures. Toutes tr\u00e8s spacieuses, avec climatisation \u00e0 r\u00e9glage individuel. Chaque chambre dispose d\u2019une salle de bains priv\u00e9e avec douche, et offre \u00e0 ses clients les services suivants: TV couleur LCD, t\u00e9l\u00e9phone, minibar, s\u00e8che- cheveux et des articles de toilette, coffre- fort et WI FI. Les Chambre sup\u00e9rieure disposent d\u2019un petit salon avec canap\u00e9 et une table basse, salle de bains avec douche hydro massage. Toutes les chambres disposent d\u2019un mobilier classique en bois et sont d\u00e9cor\u00e9es avec des peintures raffin\u00e9es sur les murs; tout \u00e7a les rend uniques, confortables et \u00e9l\u00e9gantes.","breadcrumb":{"@id":"https:\/\/www.hotelcentrale.sicilia.it\/fr\/chambre\/#breadcrumb"},"inLanguage":"fr-FR","potentialAction":[{"@type":"ReadAction","target":["https:\/\/www.hotelcentrale.sicilia.it\/fr\/chambre\/"]}]},{"@type":"BreadcrumbList","@id":"https:\/\/www.hotelcentrale.sicilia.it\/fr\/chambre\/#breadcrumb","itemListElement":[{"@type":"ListItem","position":1,"name":"Home","item":"https:\/\/www.hotelcentrale.sicilia.it\/fr\/"},{"@type":"ListItem","position":2,"name":"Chambre"}]},{"@type":"WebSite","@id":"https:\/\/www.hotelcentrale.sicilia.it\/fr\/#website","url":"https:\/\/www.hotelcentrale.sicilia.it\/fr\/","name":"Hotel Centrale Alcamo","description":"Hotel  4 stelle nel cuore della citt\u00e0","publisher":{"@id":"https:\/\/www.hotelcentrale.sicilia.it\/fr\/#organization"},"alternateName":"Hotel Centrale Alcamo","potentialAction":[{"@type":"SearchAction","target":{"@type":"EntryPoint","urlTemplate":"https:\/\/www.hotelcentrale.sicilia.it\/fr\/?s={search_term_string}"},"query-input":"required name=search_term_string"}],"inLanguage":"fr-FR"},{"@type":"Organization","@id":"https:\/\/www.hotelcentrale.sicilia.it\/fr\/#organization","name":"Hotel Centrale Alcamo","url":"https:\/\/www.hotelcentrale.sicilia.it\/fr\/","logo":{"@type":"ImageObject","inLanguage":"fr-FR","@id":"https:\/\/www.hotelcentrale.sicilia.it\/fr\/#\/schema\/logo\/image\/","url":"https:\/\/hotel-centrale-alcamo.ms2.decms.eu\/wp-content\/uploads\/sites\/219\/2025\/02\/logo.png","contentUrl":"https:\/\/hotel-centrale-alcamo.ms2.decms.eu\/wp-content\/uploads\/sites\/219\/2025\/02\/logo.png","width":200,"height":98,"caption":"Hotel Centrale Alcamo"},"image":{"@id":"https:\/\/www.hotelcentrale.sicilia.it\/fr\/#\/schema\/logo\/image\/"},"sameAs":["https:\/\/www.facebook.com\/hotelcentrale.alcamo\/"]}]}},"acf":[],"_links":{"self":[{"href":"https:\/\/www.hotelcentrale.sicilia.it\/fr\/wp-json\/wp\/v2\/pages\/294"}],"collection":[{"href":"https:\/\/www.hotelcentrale.sicilia.it\/fr\/wp-json\/wp\/v2\/pages"}],"about":[{"href":"https:\/\/www.hotelcentrale.sicilia.it\/fr\/wp-json\/wp\/v2\/types\/page"}],"author":[{"embeddable":true,"href":"https:\/\/www.hotelcentrale.sicilia.it\/fr\/wp-json\/wp\/v2\/users\/12"}],"replies":[{"embeddable":true,"href":"https:\/\/www.hotelcentrale.sicilia.it\/fr\/wp-json\/wp\/v2\/comments?post=294"}],"version-history":[{"count":0,"href":"https:\/\/www.hotelcentrale.sicilia.it\/fr\/wp-json\/wp\/v2\/pages\/294\/revisions"}],"wp:attachment":[{"href":"https:\/\/www.hotelcentrale.sicilia.it\/fr\/wp-json\/wp\/v2\/media?parent=294"}],"curies":[{"name":"wp","href":"https:\/\/api.w.org\/{rel}","templated":true}]}}