{"id":296,"date":"2025-04-09T08:25:29","date_gmt":"2025-04-09T08:25:29","guid":{"rendered":"https:\/\/hotel-centrale-alcamo.ms2.decms.eu\/?page_id=296"},"modified":"2025-04-30T13:43:43","modified_gmt":"2025-04-30T13:43:43","slug":"forfait-spa-famille","status":"publish","type":"page","link":"https:\/\/www.hotelcentrale.sicilia.it\/fr\/experiences-bien-etre\/forfait-spa-famille\/","title":{"rendered":"Forfait Spa Famille"},"content":{"rendered":"<p>Vous cherchez le moyen parfait de vous d\u00e9tendre et de passer du temps de qualit\u00e9 avec votre famille ?<\/p>\n<p>Voici notre forfait exclusif d\u00e9di\u00e9 aux familles, con\u00e7u pour d\u00e9tendre et divertir tout le monde.<\/p>\n<p><em>Ce qui vous attend :<\/em><\/p>\n<ul>\n<li>1 heure de spa en exclusivit\u00e9 avec acc\u00e8s pour toute la famille (grands et petits)<\/li>\n<li>Chambre familiale<\/li>\n<li>Gadgets pour enfants<\/li>\n<li>D\u00eener sain et savoureux pour satisfaire tous les palais<\/li>\n<li>Copieux petit-d\u00e9jeuner buffet<\/li>\n<\/ul>\n<p>&nbsp;<\/p>\n<p><strong>\u20ac 249,00 en Chambre Triple<\/strong><\/p>\n<p><strong>\u20ac 299,00 en Chambre Quadruple\u00a0<\/strong><\/p>\n<p><strong>Enfants gratuits : de 0 \u00e0 2 ans<\/strong><\/p>\n<p>*Nous sommes \u00e0 votre disposition pour des devis personnalis\u00e9s en fonction de l&rsquo;\u00e2ge et du nombre d&rsquo;enfants.<\/p>\n","protected":false},"excerpt":{"rendered":"<p>Vous cherchez le moyen parfait de vous d\u00e9tendre et de passer du temps de qualit\u00e9 avec votre famille ? Voici notre forfait exclusif d\u00e9di\u00e9 aux familles, con\u00e7u pour d\u00e9tendre et divertir tout le monde. Ce qui vous attend : 1 heure de spa en exclusivit\u00e9 avec acc\u00e8s pour toute la famille (grands et petits) Chambre [&hellip;]<\/p>\n","protected":false},"author":12,"featured_media":0,"parent":303,"menu_order":57,"comment_status":"closed","ping_status":"closed","template":"template-default-2.php","meta":{"footnotes":""},"yoast_head":"<!-- This site is optimized with the Yoast SEO plugin v22.3 - https:\/\/yoast.com\/wordpress\/plugins\/seo\/ -->\n<title>Forfait Spa Famille &#8211; Hotel Centrale Alcamo<\/title>\n<meta name=\"description\" content=\"Vous cherchez le moyen parfait de vous d\u00e9tendre et de passer du temps de qualit\u00e9 avec votre famille ?  Voici notre forfait exclusif d\u00e9di\u00e9 aux familles, con\u00e7u pour d\u00e9tendre et divertir tout le monde.  Ce qui vous attend :   1 heure de spa en exclusivit\u00e9 avec acc\u00e8s pour toute la famille (grands et petits)  Chambre familiale  Gadgets pour enfants  D\u00eener sain et savoureux pour satisfaire tous les palais  Copieux petit-d\u00e9jeuner buffet  &nbsp;  \u20ac 249,00 en Chambre Triple  \u20ac 299,00 en Chambre Quadruple\u00a0  Enfants gratuits : de 0 \u00e0 2 ans  *Nous sommes \u00e0 votre disposition pour des devis personnalis\u00e9s en fonction de l&#039;\u00e2ge et du nombre d&#039;enfants..\" \/>\n<meta name=\"robots\" content=\"index, follow, max-snippet:-1, max-image-preview:large, max-video-preview:-1\" \/>\n<link rel=\"canonical\" href=\"https:\/\/www.hotelcentrale.sicilia.it\/fr\/experiences-bien-etre\/forfait-spa-famille\/\" \/>\n<meta property=\"og:locale\" content=\"fr_FR\" \/>\n<meta property=\"og:type\" content=\"article\" \/>\n<meta property=\"og:title\" content=\"Forfait Spa Famille &#8211; Hotel Centrale Alcamo\" \/>\n<meta property=\"og:description\" content=\"Vous cherchez le moyen parfait de vous d\u00e9tendre et de passer du temps de qualit\u00e9 avec votre famille ?  Voici notre forfait exclusif d\u00e9di\u00e9 aux familles, con\u00e7u pour d\u00e9tendre et divertir tout le monde.  Ce qui vous attend :   1 heure de spa en exclusivit\u00e9 avec acc\u00e8s pour toute la famille (grands et petits)  Chambre familiale  Gadgets pour enfants  D\u00eener sain et savoureux pour satisfaire tous les palais  Copieux petit-d\u00e9jeuner buffet  &nbsp;  \u20ac 249,00 en Chambre Triple  \u20ac 299,00 en Chambre Quadruple\u00a0  Enfants gratuits : de 0 \u00e0 2 ans  *Nous sommes \u00e0 votre disposition pour des devis personnalis\u00e9s en fonction de l&#039;\u00e2ge et du nombre d&#039;enfants..\" \/>\n<meta property=\"og:url\" content=\"https:\/\/www.hotelcentrale.sicilia.it\/fr\/experiences-bien-etre\/forfait-spa-famille\/\" \/>\n<meta property=\"og:site_name\" content=\"Hotel Centrale Alcamo\" \/>\n<meta property=\"article:publisher\" content=\"https:\/\/www.facebook.com\/hotelcentrale.alcamo\/\" \/>\n<meta property=\"article:modified_time\" content=\"2025-04-30T13:43:43+00:00\" \/>\n<meta property=\"og:image\" content=\"https:\/\/www.hotelcentrale.sicilia.it\/wp-content\/uploads\/sites\/219\/2025\/03\/slide-hall.jpg\" \/>\n\t<meta property=\"og:image:width\" content=\"1800\" \/>\n\t<meta property=\"og:image:height\" content=\"1200\" \/>\n\t<meta property=\"og:image:type\" content=\"image\/jpeg\" \/>\n<meta name=\"twitter:card\" content=\"summary_large_image\" \/>\n<meta name=\"twitter:label1\" content=\"Dur\u00e9e de lecture estim\u00e9e\" \/>\n\t<meta name=\"twitter:data1\" content=\"1 minute\" \/>\n<script type=\"application\/ld+json\" class=\"yoast-schema-graph\">{\"@context\":\"https:\/\/schema.org\",\"@graph\":[{\"@type\":\"WebPage\",\"@id\":\"https:\/\/www.hotelcentrale.sicilia.it\/fr\/experiences-bien-etre\/forfait-spa-famille\/\",\"url\":\"https:\/\/www.hotelcentrale.sicilia.it\/fr\/experiences-bien-etre\/forfait-spa-famille\/\",\"name\":\"Forfait Spa Famille &#8211; Hotel Centrale Alcamo\",\"isPartOf\":{\"@id\":\"https:\/\/www.hotelcentrale.sicilia.it\/fr\/#website\"},\"datePublished\":\"2025-04-09T08:25:29+00:00\",\"dateModified\":\"2025-04-30T13:43:43+00:00\",\"description\":\"Vous cherchez le moyen parfait de vous d\u00e9tendre et de passer du temps de qualit\u00e9 avec votre famille ? Voici notre forfait exclusif d\u00e9di\u00e9 aux familles, con\u00e7u pour d\u00e9tendre et divertir tout le monde. Ce qui vous attend : \u2022 1 heure de spa en exclusivit\u00e9 avec acc\u00e8s pour toute la famille (grands et petits) \u2022 Chambre familiale \u2022 Gadgets pour enfants \u2022 D\u00eener sain et savoureux pour satisfaire tous les palais \u2022 Copieux petit-d\u00e9jeuner buffet &nbsp; \u20ac 249,00 en Chambre Triple \u20ac 299,00 en Chambre Quadruple\u00a0 Enfants gratuits : de 0 \u00e0 2 ans *Nous sommes \u00e0 votre disposition pour des devis personnalis\u00e9s en fonction de l'\u00e2ge et du nombre d'enfants..\",\"breadcrumb\":{\"@id\":\"https:\/\/www.hotelcentrale.sicilia.it\/fr\/experiences-bien-etre\/forfait-spa-famille\/#breadcrumb\"},\"inLanguage\":\"fr-FR\",\"potentialAction\":[{\"@type\":\"ReadAction\",\"target\":[\"https:\/\/www.hotelcentrale.sicilia.it\/fr\/experiences-bien-etre\/forfait-spa-famille\/\"]}]},{\"@type\":\"BreadcrumbList\",\"@id\":\"https:\/\/www.hotelcentrale.sicilia.it\/fr\/experiences-bien-etre\/forfait-spa-famille\/#breadcrumb\",\"itemListElement\":[{\"@type\":\"ListItem\",\"position\":1,\"name\":\"Home\",\"item\":\"https:\/\/www.hotelcentrale.sicilia.it\/fr\/\"},{\"@type\":\"ListItem\",\"position\":2,\"name\":\"Exp\u00e9riences Bien-\u00catre\",\"item\":\"https:\/\/www.hotelcentrale.sicilia.it\/fr\/pacchetti-benessere\/\"},{\"@type\":\"ListItem\",\"position\":3,\"name\":\"Forfait Spa Famille\"}]},{\"@type\":\"WebSite\",\"@id\":\"https:\/\/www.hotelcentrale.sicilia.it\/fr\/#website\",\"url\":\"https:\/\/www.hotelcentrale.sicilia.it\/fr\/\",\"name\":\"Hotel Centrale Alcamo\",\"description\":\"Hotel  4 stelle nel cuore della citt\u00e0\",\"publisher\":{\"@id\":\"https:\/\/www.hotelcentrale.sicilia.it\/fr\/#organization\"},\"alternateName\":\"Hotel Centrale Alcamo\",\"potentialAction\":[{\"@type\":\"SearchAction\",\"target\":{\"@type\":\"EntryPoint\",\"urlTemplate\":\"https:\/\/www.hotelcentrale.sicilia.it\/fr\/?s={search_term_string}\"},\"query-input\":\"required name=search_term_string\"}],\"inLanguage\":\"fr-FR\"},{\"@type\":\"Organization\",\"@id\":\"https:\/\/www.hotelcentrale.sicilia.it\/fr\/#organization\",\"name\":\"Hotel Centrale Alcamo\",\"url\":\"https:\/\/www.hotelcentrale.sicilia.it\/fr\/\",\"logo\":{\"@type\":\"ImageObject\",\"inLanguage\":\"fr-FR\",\"@id\":\"https:\/\/www.hotelcentrale.sicilia.it\/fr\/#\/schema\/logo\/image\/\",\"url\":\"https:\/\/hotel-centrale-alcamo.ms2.decms.eu\/wp-content\/uploads\/sites\/219\/2025\/02\/logo.png\",\"contentUrl\":\"https:\/\/hotel-centrale-alcamo.ms2.decms.eu\/wp-content\/uploads\/sites\/219\/2025\/02\/logo.png\",\"width\":200,\"height\":98,\"caption\":\"Hotel Centrale Alcamo\"},\"image\":{\"@id\":\"https:\/\/www.hotelcentrale.sicilia.it\/fr\/#\/schema\/logo\/image\/\"},\"sameAs\":[\"https:\/\/www.facebook.com\/hotelcentrale.alcamo\/\"]}]}<\/script>\n<!-- \/ Yoast SEO plugin. -->","yoast_head_json":{"title":"Forfait Spa Famille &#8211; Hotel Centrale Alcamo","description":"Vous cherchez le moyen parfait de vous d\u00e9tendre et de passer du temps de qualit\u00e9 avec votre famille ?  Voici notre forfait exclusif d\u00e9di\u00e9 aux familles, con\u00e7u pour d\u00e9tendre et divertir tout le monde.  Ce qui vous attend :   1 heure de spa en exclusivit\u00e9 avec acc\u00e8s pour toute la famille (grands et petits)  Chambre familiale  Gadgets pour enfants  D\u00eener sain et savoureux pour satisfaire tous les palais  Copieux petit-d\u00e9jeuner buffet  &nbsp;  \u20ac 249,00 en Chambre Triple  \u20ac 299,00 en Chambre Quadruple\u00a0  Enfants gratuits : de 0 \u00e0 2 ans  *Nous sommes \u00e0 votre disposition pour des devis personnalis\u00e9s en fonction de l'\u00e2ge et du nombre d'enfants..","robots":{"index":"index","follow":"follow","max-snippet":"max-snippet:-1","max-image-preview":"max-image-preview:large","max-video-preview":"max-video-preview:-1"},"canonical":"https:\/\/www.hotelcentrale.sicilia.it\/fr\/experiences-bien-etre\/forfait-spa-famille\/","og_locale":"fr_FR","og_type":"article","og_title":"Forfait Spa Famille &#8211; Hotel Centrale Alcamo","og_description":"Vous cherchez le moyen parfait de vous d\u00e9tendre et de passer du temps de qualit\u00e9 avec votre famille ?  Voici notre forfait exclusif d\u00e9di\u00e9 aux familles, con\u00e7u pour d\u00e9tendre et divertir tout le monde.  Ce qui vous attend :   1 heure de spa en exclusivit\u00e9 avec acc\u00e8s pour toute la famille (grands et petits)  Chambre familiale  Gadgets pour enfants  D\u00eener sain et savoureux pour satisfaire tous les palais  Copieux petit-d\u00e9jeuner buffet  &nbsp;  \u20ac 249,00 en Chambre Triple  \u20ac 299,00 en Chambre Quadruple\u00a0  Enfants gratuits : de 0 \u00e0 2 ans  *Nous sommes \u00e0 votre disposition pour des devis personnalis\u00e9s en fonction de l'\u00e2ge et du nombre d'enfants..","og_url":"https:\/\/www.hotelcentrale.sicilia.it\/fr\/experiences-bien-etre\/forfait-spa-famille\/","og_site_name":"Hotel Centrale Alcamo","article_publisher":"https:\/\/www.facebook.com\/hotelcentrale.alcamo\/","article_modified_time":"2025-04-30T13:43:43+00:00","og_image":[{"width":1800,"height":1200,"url":"https:\/\/www.hotelcentrale.sicilia.it\/wp-content\/uploads\/sites\/219\/2025\/03\/slide-hall.jpg","type":"image\/jpeg"}],"twitter_card":"summary_large_image","twitter_misc":{"Dur\u00e9e de lecture estim\u00e9e":"1 minute"},"schema":{"@context":"https:\/\/schema.org","@graph":[{"@type":"WebPage","@id":"https:\/\/www.hotelcentrale.sicilia.it\/fr\/experiences-bien-etre\/forfait-spa-famille\/","url":"https:\/\/www.hotelcentrale.sicilia.it\/fr\/experiences-bien-etre\/forfait-spa-famille\/","name":"Forfait Spa Famille &#8211; Hotel Centrale Alcamo","isPartOf":{"@id":"https:\/\/www.hotelcentrale.sicilia.it\/fr\/#website"},"datePublished":"2025-04-09T08:25:29+00:00","dateModified":"2025-04-30T13:43:43+00:00","description":"Vous cherchez le moyen parfait de vous d\u00e9tendre et de passer du temps de qualit\u00e9 avec votre famille ? Voici notre forfait exclusif d\u00e9di\u00e9 aux familles, con\u00e7u pour d\u00e9tendre et divertir tout le monde. Ce qui vous attend : \u2022 1 heure de spa en exclusivit\u00e9 avec acc\u00e8s pour toute la famille (grands et petits) \u2022 Chambre familiale \u2022 Gadgets pour enfants \u2022 D\u00eener sain et savoureux pour satisfaire tous les palais \u2022 Copieux petit-d\u00e9jeuner buffet &nbsp; \u20ac 249,00 en Chambre Triple \u20ac 299,00 en Chambre Quadruple\u00a0 Enfants gratuits : de 0 \u00e0 2 ans *Nous sommes \u00e0 votre disposition pour des devis personnalis\u00e9s en fonction de l'\u00e2ge et du nombre d'enfants..","breadcrumb":{"@id":"https:\/\/www.hotelcentrale.sicilia.it\/fr\/experiences-bien-etre\/forfait-spa-famille\/#breadcrumb"},"inLanguage":"fr-FR","potentialAction":[{"@type":"ReadAction","target":["https:\/\/www.hotelcentrale.sicilia.it\/fr\/experiences-bien-etre\/forfait-spa-famille\/"]}]},{"@type":"BreadcrumbList","@id":"https:\/\/www.hotelcentrale.sicilia.it\/fr\/experiences-bien-etre\/forfait-spa-famille\/#breadcrumb","itemListElement":[{"@type":"ListItem","position":1,"name":"Home","item":"https:\/\/www.hotelcentrale.sicilia.it\/fr\/"},{"@type":"ListItem","position":2,"name":"Exp\u00e9riences Bien-\u00catre","item":"https:\/\/www.hotelcentrale.sicilia.it\/fr\/pacchetti-benessere\/"},{"@type":"ListItem","position":3,"name":"Forfait Spa Famille"}]},{"@type":"WebSite","@id":"https:\/\/www.hotelcentrale.sicilia.it\/fr\/#website","url":"https:\/\/www.hotelcentrale.sicilia.it\/fr\/","name":"Hotel Centrale Alcamo","description":"Hotel  4 stelle nel cuore della citt\u00e0","publisher":{"@id":"https:\/\/www.hotelcentrale.sicilia.it\/fr\/#organization"},"alternateName":"Hotel Centrale Alcamo","potentialAction":[{"@type":"SearchAction","target":{"@type":"EntryPoint","urlTemplate":"https:\/\/www.hotelcentrale.sicilia.it\/fr\/?s={search_term_string}"},"query-input":"required name=search_term_string"}],"inLanguage":"fr-FR"},{"@type":"Organization","@id":"https:\/\/www.hotelcentrale.sicilia.it\/fr\/#organization","name":"Hotel Centrale Alcamo","url":"https:\/\/www.hotelcentrale.sicilia.it\/fr\/","logo":{"@type":"ImageObject","inLanguage":"fr-FR","@id":"https:\/\/www.hotelcentrale.sicilia.it\/fr\/#\/schema\/logo\/image\/","url":"https:\/\/hotel-centrale-alcamo.ms2.decms.eu\/wp-content\/uploads\/sites\/219\/2025\/02\/logo.png","contentUrl":"https:\/\/hotel-centrale-alcamo.ms2.decms.eu\/wp-content\/uploads\/sites\/219\/2025\/02\/logo.png","width":200,"height":98,"caption":"Hotel Centrale Alcamo"},"image":{"@id":"https:\/\/www.hotelcentrale.sicilia.it\/fr\/#\/schema\/logo\/image\/"},"sameAs":["https:\/\/www.facebook.com\/hotelcentrale.alcamo\/"]}]}},"acf":[],"_links":{"self":[{"href":"https:\/\/www.hotelcentrale.sicilia.it\/fr\/wp-json\/wp\/v2\/pages\/296"}],"collection":[{"href":"https:\/\/www.hotelcentrale.sicilia.it\/fr\/wp-json\/wp\/v2\/pages"}],"about":[{"href":"https:\/\/www.hotelcentrale.sicilia.it\/fr\/wp-json\/wp\/v2\/types\/page"}],"author":[{"embeddable":true,"href":"https:\/\/www.hotelcentrale.sicilia.it\/fr\/wp-json\/wp\/v2\/users\/12"}],"replies":[{"embeddable":true,"href":"https:\/\/www.hotelcentrale.sicilia.it\/fr\/wp-json\/wp\/v2\/comments?post=296"}],"version-history":[{"count":0,"href":"https:\/\/www.hotelcentrale.sicilia.it\/fr\/wp-json\/wp\/v2\/pages\/296\/revisions"}],"up":[{"embeddable":true,"href":"https:\/\/www.hotelcentrale.sicilia.it\/fr\/wp-json\/wp\/v2\/pages\/303"}],"wp:attachment":[{"href":"https:\/\/www.hotelcentrale.sicilia.it\/fr\/wp-json\/wp\/v2\/media?parent=296"}],"curies":[{"name":"wp","href":"https:\/\/api.w.org\/{rel}","templated":true}]}}