{"id":297,"date":"2025-04-09T16:04:55","date_gmt":"2025-04-09T16:04:55","guid":{"rendered":"https:\/\/hotel-centrale-alcamo.ms2.decms.eu\/?page_id=297"},"modified":"2025-04-17T14:46:11","modified_gmt":"2025-04-17T14:46:11","slug":"enterrement-de-vie-de-jeune-fille-garcon","status":"publish","type":"page","link":"https:\/\/www.hotelcentrale.sicilia.it\/fr\/centre-de-bien-etre\/celebrez-avec-nous\/enterrement-de-vie-de-jeune-fille-garcon\/","title":{"rendered":"Enterrement de vie de jeune fille\/gar\u00e7on"},"content":{"rendered":"<p style=\"text-align: center;\">Vous cherchez le moyen parfait de c\u00e9l\u00e9brer un enterrement de vie de c\u00e9libataire ?<\/p>\n<p style=\"text-align: center;\">Rejoignez-nous pour une exp\u00e9rience inoubliable de d\u00e9tente et de plaisir dans notre spa !<\/p>\n<p style=\"text-align: center;\"><strong>\u20ac 50,00 par personne (min. 4)<\/strong><\/p>\n","protected":false},"excerpt":{"rendered":"<p>Vous cherchez le moyen parfait de c\u00e9l\u00e9brer un enterrement de vie de c\u00e9libataire ? Rejoignez-nous pour une exp\u00e9rience inoubliable de d\u00e9tente et de plaisir dans notre spa ! \u20ac 50,00 par personne (min. 4)<\/p>\n","protected":false},"author":12,"featured_media":0,"parent":301,"menu_order":0,"comment_status":"closed","ping_status":"closed","template":"template-default-2.php","meta":{"footnotes":""},"class_list":["post-297","page","type-page","status-publish","hentry"],"yoast_head":"<!-- This site is optimized with the Yoast SEO plugin v27.3 - https:\/\/yoast.com\/product\/yoast-seo-wordpress\/ -->\n<title>Enterrement de vie de jeune fille\/gar\u00e7on &#8211; Hotel Centrale Alcamo<\/title>\n<meta name=\"description\" content=\"Vous cherchez le moyen parfait de c\u00e9l\u00e9brer un enterrement de vie de c\u00e9libataire ? Rejoignez-nous pour une exp\u00e9rience inoubliable de d\u00e9tente et de plaisir dans notre spa ! \u20ac 50,00 par personne (min. 4)\" \/>\n<meta name=\"robots\" content=\"index, follow, max-snippet:-1, max-image-preview:large, max-video-preview:-1\" \/>\n<link rel=\"canonical\" href=\"https:\/\/www.hotelcentrale.sicilia.it\/fr\/centre-de-bien-etre\/celebrez-avec-nous\/enterrement-de-vie-de-jeune-fille-garcon\/\" \/>\n<meta property=\"og:locale\" content=\"fr_FR\" \/>\n<meta property=\"og:type\" content=\"article\" \/>\n<meta property=\"og:title\" content=\"Enterrement de vie de jeune fille\/gar\u00e7on &#8211; Hotel Centrale Alcamo\" \/>\n<meta property=\"og:description\" content=\"Vous cherchez le moyen parfait de c\u00e9l\u00e9brer un enterrement de vie de c\u00e9libataire ? Rejoignez-nous pour une exp\u00e9rience inoubliable de d\u00e9tente et de plaisir dans notre spa ! \u20ac 50,00 par personne (min. 4)\" \/>\n<meta property=\"og:url\" content=\"https:\/\/www.hotelcentrale.sicilia.it\/fr\/centre-de-bien-etre\/celebrez-avec-nous\/enterrement-de-vie-de-jeune-fille-garcon\/\" \/>\n<meta property=\"og:site_name\" content=\"Hotel Centrale Alcamo\" \/>\n<meta property=\"article:publisher\" content=\"https:\/\/www.facebook.com\/hotelcentrale.alcamo\/\" \/>\n<meta property=\"article:modified_time\" content=\"2025-04-17T14:46:11+00:00\" \/>\n<meta property=\"og:image\" content=\"https:\/\/www.hotelcentrale.sicilia.it\/wp-content\/uploads\/sites\/219\/2025\/03\/slide-hall.jpg\" \/>\n\t<meta property=\"og:image:width\" content=\"1800\" \/>\n\t<meta property=\"og:image:height\" content=\"1200\" \/>\n\t<meta property=\"og:image:type\" content=\"image\/jpeg\" \/>\n<meta name=\"twitter:card\" content=\"summary_large_image\" \/>\n<meta name=\"twitter:label1\" content=\"Dur\u00e9e de lecture estim\u00e9e\" \/>\n\t<meta name=\"twitter:data1\" content=\"1 minute\" \/>\n<script type=\"application\/ld+json\" class=\"yoast-schema-graph\">{\"@context\":\"https:\\\/\\\/schema.org\",\"@graph\":[{\"@type\":\"WebPage\",\"@id\":\"https:\\\/\\\/www.hotelcentrale.sicilia.it\\\/fr\\\/centre-de-bien-etre\\\/celebrez-avec-nous\\\/enterrement-de-vie-de-jeune-fille-garcon\\\/\",\"url\":\"https:\\\/\\\/www.hotelcentrale.sicilia.it\\\/fr\\\/centre-de-bien-etre\\\/celebrez-avec-nous\\\/enterrement-de-vie-de-jeune-fille-garcon\\\/\",\"name\":\"Enterrement de vie de jeune fille\\\/gar\u00e7on &#8211; Hotel Centrale Alcamo\",\"isPartOf\":{\"@id\":\"https:\\\/\\\/www.hotelcentrale.sicilia.it\\\/fr\\\/#website\"},\"datePublished\":\"2025-04-09T16:04:55+00:00\",\"dateModified\":\"2025-04-17T14:46:11+00:00\",\"description\":\"Vous cherchez le moyen parfait de c\u00e9l\u00e9brer un enterrement de vie de c\u00e9libataire ? Rejoignez-nous pour une exp\u00e9rience inoubliable de d\u00e9tente et de plaisir dans notre spa ! \u20ac 50,00 par personne (min. 4)\",\"breadcrumb\":{\"@id\":\"https:\\\/\\\/www.hotelcentrale.sicilia.it\\\/fr\\\/centre-de-bien-etre\\\/celebrez-avec-nous\\\/enterrement-de-vie-de-jeune-fille-garcon\\\/#breadcrumb\"},\"inLanguage\":\"fr-FR\",\"potentialAction\":[{\"@type\":\"ReadAction\",\"target\":[\"https:\\\/\\\/www.hotelcentrale.sicilia.it\\\/fr\\\/centre-de-bien-etre\\\/celebrez-avec-nous\\\/enterrement-de-vie-de-jeune-fille-garcon\\\/\"]}]},{\"@type\":\"BreadcrumbList\",\"@id\":\"https:\\\/\\\/www.hotelcentrale.sicilia.it\\\/fr\\\/centre-de-bien-etre\\\/celebrez-avec-nous\\\/enterrement-de-vie-de-jeune-fille-garcon\\\/#breadcrumb\",\"itemListElement\":[{\"@type\":\"ListItem\",\"position\":1,\"name\":\"Home\",\"item\":\"https:\\\/\\\/www.hotelcentrale.sicilia.it\\\/fr\\\/\"},{\"@type\":\"ListItem\",\"position\":2,\"name\":\"Centre de bien-\u00eatre\",\"item\":\"https:\\\/\\\/www.hotelcentrale.sicilia.it\\\/fr\\\/centro-benessere\\\/\"},{\"@type\":\"ListItem\",\"position\":3,\"name\":\"C\u00e9l\u00e9brez avec nous\",\"item\":\"https:\\\/\\\/www.hotelcentrale.sicilia.it\\\/fr\\\/centro-benessere\\\/festeggia-con-noi\\\/\"},{\"@type\":\"ListItem\",\"position\":4,\"name\":\"Enterrement de vie de jeune fille\\\/gar\u00e7on\"}]},{\"@type\":\"WebSite\",\"@id\":\"https:\\\/\\\/www.hotelcentrale.sicilia.it\\\/fr\\\/#website\",\"url\":\"https:\\\/\\\/www.hotelcentrale.sicilia.it\\\/fr\\\/\",\"name\":\"Hotel Centrale Alcamo\",\"description\":\"Hotel  4 stelle nel cuore della citt\u00e0\",\"publisher\":{\"@id\":\"https:\\\/\\\/www.hotelcentrale.sicilia.it\\\/fr\\\/#organization\"},\"alternateName\":\"Hotel Centrale Alcamo\",\"potentialAction\":[{\"@type\":\"SearchAction\",\"target\":{\"@type\":\"EntryPoint\",\"urlTemplate\":\"https:\\\/\\\/www.hotelcentrale.sicilia.it\\\/fr\\\/?s={search_term_string}\"},\"query-input\":{\"@type\":\"PropertyValueSpecification\",\"valueRequired\":true,\"valueName\":\"search_term_string\"}}],\"inLanguage\":\"fr-FR\"},{\"@type\":\"Organization\",\"@id\":\"https:\\\/\\\/www.hotelcentrale.sicilia.it\\\/fr\\\/#organization\",\"name\":\"Hotel Centrale Alcamo\",\"url\":\"https:\\\/\\\/www.hotelcentrale.sicilia.it\\\/fr\\\/\",\"logo\":{\"@type\":\"ImageObject\",\"inLanguage\":\"fr-FR\",\"@id\":\"https:\\\/\\\/www.hotelcentrale.sicilia.it\\\/fr\\\/#\\\/schema\\\/logo\\\/image\\\/\",\"url\":\"https:\\\/\\\/hotel-centrale-alcamo.ms2.decms.eu\\\/wp-content\\\/uploads\\\/sites\\\/219\\\/2025\\\/02\\\/logo.png\",\"contentUrl\":\"https:\\\/\\\/hotel-centrale-alcamo.ms2.decms.eu\\\/wp-content\\\/uploads\\\/sites\\\/219\\\/2025\\\/02\\\/logo.png\",\"width\":200,\"height\":98,\"caption\":\"Hotel Centrale Alcamo\"},\"image\":{\"@id\":\"https:\\\/\\\/www.hotelcentrale.sicilia.it\\\/fr\\\/#\\\/schema\\\/logo\\\/image\\\/\"},\"sameAs\":[\"https:\\\/\\\/www.facebook.com\\\/hotelcentrale.alcamo\\\/\"]}]}<\/script>\n<!-- \/ Yoast SEO plugin. -->","yoast_head_json":{"title":"Enterrement de vie de jeune fille\/gar\u00e7on &#8211; Hotel Centrale Alcamo","description":"Vous cherchez le moyen parfait de c\u00e9l\u00e9brer un enterrement de vie de c\u00e9libataire ? Rejoignez-nous pour une exp\u00e9rience inoubliable de d\u00e9tente et de plaisir dans notre spa ! \u20ac 50,00 par personne (min. 4)","robots":{"index":"index","follow":"follow","max-snippet":"max-snippet:-1","max-image-preview":"max-image-preview:large","max-video-preview":"max-video-preview:-1"},"canonical":"https:\/\/www.hotelcentrale.sicilia.it\/fr\/centre-de-bien-etre\/celebrez-avec-nous\/enterrement-de-vie-de-jeune-fille-garcon\/","og_locale":"fr_FR","og_type":"article","og_title":"Enterrement de vie de jeune fille\/gar\u00e7on &#8211; Hotel Centrale Alcamo","og_description":"Vous cherchez le moyen parfait de c\u00e9l\u00e9brer un enterrement de vie de c\u00e9libataire ? Rejoignez-nous pour une exp\u00e9rience inoubliable de d\u00e9tente et de plaisir dans notre spa ! \u20ac 50,00 par personne (min. 4)","og_url":"https:\/\/www.hotelcentrale.sicilia.it\/fr\/centre-de-bien-etre\/celebrez-avec-nous\/enterrement-de-vie-de-jeune-fille-garcon\/","og_site_name":"Hotel Centrale Alcamo","article_publisher":"https:\/\/www.facebook.com\/hotelcentrale.alcamo\/","article_modified_time":"2025-04-17T14:46:11+00:00","og_image":[{"width":1800,"height":1200,"url":"https:\/\/www.hotelcentrale.sicilia.it\/wp-content\/uploads\/sites\/219\/2025\/03\/slide-hall.jpg","type":"image\/jpeg"}],"twitter_card":"summary_large_image","twitter_misc":{"Dur\u00e9e de lecture estim\u00e9e":"1 minute"},"schema":{"@context":"https:\/\/schema.org","@graph":[{"@type":"WebPage","@id":"https:\/\/www.hotelcentrale.sicilia.it\/fr\/centre-de-bien-etre\/celebrez-avec-nous\/enterrement-de-vie-de-jeune-fille-garcon\/","url":"https:\/\/www.hotelcentrale.sicilia.it\/fr\/centre-de-bien-etre\/celebrez-avec-nous\/enterrement-de-vie-de-jeune-fille-garcon\/","name":"Enterrement de vie de jeune fille\/gar\u00e7on &#8211; Hotel Centrale Alcamo","isPartOf":{"@id":"https:\/\/www.hotelcentrale.sicilia.it\/fr\/#website"},"datePublished":"2025-04-09T16:04:55+00:00","dateModified":"2025-04-17T14:46:11+00:00","description":"Vous cherchez le moyen parfait de c\u00e9l\u00e9brer un enterrement de vie de c\u00e9libataire ? Rejoignez-nous pour une exp\u00e9rience inoubliable de d\u00e9tente et de plaisir dans notre spa ! \u20ac 50,00 par personne (min. 4)","breadcrumb":{"@id":"https:\/\/www.hotelcentrale.sicilia.it\/fr\/centre-de-bien-etre\/celebrez-avec-nous\/enterrement-de-vie-de-jeune-fille-garcon\/#breadcrumb"},"inLanguage":"fr-FR","potentialAction":[{"@type":"ReadAction","target":["https:\/\/www.hotelcentrale.sicilia.it\/fr\/centre-de-bien-etre\/celebrez-avec-nous\/enterrement-de-vie-de-jeune-fille-garcon\/"]}]},{"@type":"BreadcrumbList","@id":"https:\/\/www.hotelcentrale.sicilia.it\/fr\/centre-de-bien-etre\/celebrez-avec-nous\/enterrement-de-vie-de-jeune-fille-garcon\/#breadcrumb","itemListElement":[{"@type":"ListItem","position":1,"name":"Home","item":"https:\/\/www.hotelcentrale.sicilia.it\/fr\/"},{"@type":"ListItem","position":2,"name":"Centre de bien-\u00eatre","item":"https:\/\/www.hotelcentrale.sicilia.it\/fr\/centro-benessere\/"},{"@type":"ListItem","position":3,"name":"C\u00e9l\u00e9brez avec nous","item":"https:\/\/www.hotelcentrale.sicilia.it\/fr\/centro-benessere\/festeggia-con-noi\/"},{"@type":"ListItem","position":4,"name":"Enterrement de vie de jeune fille\/gar\u00e7on"}]},{"@type":"WebSite","@id":"https:\/\/www.hotelcentrale.sicilia.it\/fr\/#website","url":"https:\/\/www.hotelcentrale.sicilia.it\/fr\/","name":"Hotel Centrale Alcamo","description":"Hotel  4 stelle nel cuore della citt\u00e0","publisher":{"@id":"https:\/\/www.hotelcentrale.sicilia.it\/fr\/#organization"},"alternateName":"Hotel Centrale Alcamo","potentialAction":[{"@type":"SearchAction","target":{"@type":"EntryPoint","urlTemplate":"https:\/\/www.hotelcentrale.sicilia.it\/fr\/?s={search_term_string}"},"query-input":{"@type":"PropertyValueSpecification","valueRequired":true,"valueName":"search_term_string"}}],"inLanguage":"fr-FR"},{"@type":"Organization","@id":"https:\/\/www.hotelcentrale.sicilia.it\/fr\/#organization","name":"Hotel Centrale Alcamo","url":"https:\/\/www.hotelcentrale.sicilia.it\/fr\/","logo":{"@type":"ImageObject","inLanguage":"fr-FR","@id":"https:\/\/www.hotelcentrale.sicilia.it\/fr\/#\/schema\/logo\/image\/","url":"https:\/\/hotel-centrale-alcamo.ms2.decms.eu\/wp-content\/uploads\/sites\/219\/2025\/02\/logo.png","contentUrl":"https:\/\/hotel-centrale-alcamo.ms2.decms.eu\/wp-content\/uploads\/sites\/219\/2025\/02\/logo.png","width":200,"height":98,"caption":"Hotel Centrale Alcamo"},"image":{"@id":"https:\/\/www.hotelcentrale.sicilia.it\/fr\/#\/schema\/logo\/image\/"},"sameAs":["https:\/\/www.facebook.com\/hotelcentrale.alcamo\/"]}]}},"acf":[],"_links":{"self":[{"href":"https:\/\/www.hotelcentrale.sicilia.it\/fr\/wp-json\/wp\/v2\/pages\/297","targetHints":{"allow":["GET"]}}],"collection":[{"href":"https:\/\/www.hotelcentrale.sicilia.it\/fr\/wp-json\/wp\/v2\/pages"}],"about":[{"href":"https:\/\/www.hotelcentrale.sicilia.it\/fr\/wp-json\/wp\/v2\/types\/page"}],"author":[{"embeddable":true,"href":"https:\/\/www.hotelcentrale.sicilia.it\/fr\/wp-json\/wp\/v2\/users\/12"}],"replies":[{"embeddable":true,"href":"https:\/\/www.hotelcentrale.sicilia.it\/fr\/wp-json\/wp\/v2\/comments?post=297"}],"version-history":[{"count":0,"href":"https:\/\/www.hotelcentrale.sicilia.it\/fr\/wp-json\/wp\/v2\/pages\/297\/revisions"}],"up":[{"embeddable":true,"href":"https:\/\/www.hotelcentrale.sicilia.it\/fr\/wp-json\/wp\/v2\/pages\/301"}],"wp:attachment":[{"href":"https:\/\/www.hotelcentrale.sicilia.it\/fr\/wp-json\/wp\/v2\/media?parent=297"}],"curies":[{"name":"wp","href":"https:\/\/api.w.org\/{rel}","templated":true}]}}