{"id":378,"date":"2025-02-19T16:12:13","date_gmt":"2025-02-19T16:12:13","guid":{"rendered":"https:\/\/hotel-centrale-alcamo.ms2.decms.eu\/?page_id=378"},"modified":"2025-05-06T12:28:30","modified_gmt":"2025-05-06T12:28:30","slug":"bienvenue-a-lhotel-central%e2%98%85%e2%98%85%e2%98%85%e2%98%85","status":"publish","type":"page","link":"https:\/\/www.hotelcentrale.sicilia.it\/fr\/","title":{"rendered":"Bienvenue \u00e0 l\u2019H\u00f4tel Central\u2605\u2605\u2605\u2605"},"content":{"rendered":"<p>H\u00f4tel Central se trouve au c\u0153ur de Alcamo, entre Trapani et Palerme, \u00e0 proximit\u00e9 de toutes les grandes villes et les superbes plages pour d\u00e9couvrir l\u2019art, la culture et la mer. Est un h\u00f4tel 4 \u00e9toiles avec tous les services, id\u00e9al pour les vacances et pour le travail, o\u00f9 vous pouvz passer un s\u00e9jour agr\u00e9able de d\u00e9tente, \u00e0 la d\u00e9couverte des lieux, des traditions et de la bonne cuisine.<\/p>\n<p>L \u2018h\u00f4tel est situ\u00e9 dans le palais nobiliaire du 18me si\u00e8cle Lazio De Quiros\u00a0: il dispose de chambres spacieuses, d\u2019un \u00e9l\u00e9gant restaurant, salle de conf\u00e9rence et un caf\u00e9.<\/p>\n<p>A partir de cette ann\u00e9e, vous pourrez vous d\u00e9tendre dans notre magnifique \u00a0terrasse panoramique avec un mini-bain \u00e0 remous, solarium, sauna, salle de fitness et un bar.<\/p>\n<p>La haute qualit\u00e9 des services, l\u2019accueil chaleureux typique sicilien et la gentillesse du personnel toujours attentif \u00e0 tous vos besoins, laissera un souvenir ind\u00e9l\u00e9bile de vos vacances.<\/p>\n","protected":false},"excerpt":{"rendered":"<p>H\u00f4tel Central se trouve au c\u0153ur de Alcamo, entre Trapani et Palerme, \u00e0 proximit\u00e9 de toutes les grandes villes et les superbes plages pour d\u00e9couvrir l\u2019art, la culture et la mer. Est un h\u00f4tel 4 \u00e9toiles avec tous les services, id\u00e9al pour les vacances et pour le travail, o\u00f9 vous pouvz passer un s\u00e9jour agr\u00e9able [&hellip;]<\/p>\n","protected":false},"author":199,"featured_media":0,"parent":0,"menu_order":0,"comment_status":"closed","ping_status":"closed","template":"","meta":{"footnotes":""},"yoast_head":"<!-- This site is optimized with the Yoast SEO plugin v22.3 - https:\/\/yoast.com\/wordpress\/plugins\/seo\/ -->\n<title>Bienvenue \u00e0 l\u2019H\u00f4tel Central\u2605\u2605\u2605\u2605 &#8211; Hotel Centrale Alcamo<\/title>\n<meta name=\"description\" content=\"H\u00f4tel Central se trouve au c\u0153ur de Alcamo, entre Trapani et Palerme, \u00e0 proximit\u00e9 de toutes les grandes villes et les superbes plages pour d\u00e9couvrir l\u2019art, la culture et la mer. Est un h\u00f4tel 4 \u00e9toiles avec tous les services, id\u00e9al pour les vacances et pour le travail, o\u00f9 vous pouvz passer un s\u00e9jour agr\u00e9able de d\u00e9tente, \u00e0 la d\u00e9couverte des lieux, des traditions et de la bonne cuisine.  L \u2018h\u00f4tel est situ\u00e9 dans le palais nobiliaire du 18me si\u00e8cle Lazio De Quiros\u00a0: il dispose de chambres spacieuses, d\u2019un \u00e9l\u00e9gant restaurant, salle de conf\u00e9rence et un caf\u00e9.  A partir de cette ann\u00e9e, vous pourrez vous d\u00e9tendre dans notre magnifique \u00a0terrasse panoramique avec un mini-bain \u00e0 remous, solarium, sauna, salle de fitness et un bar.  La haute qualit\u00e9 des services, l\u2019accueil chaleureux typique sicilien et la gentillesse du personnel toujours attentif \u00e0 tous vos besoins, laissera un souvenir ind\u00e9l\u00e9bile de vos vacances.\" \/>\n<meta name=\"robots\" content=\"index, follow, max-snippet:-1, max-image-preview:large, max-video-preview:-1\" \/>\n<link rel=\"canonical\" href=\"https:\/\/www.hotelcentrale.sicilia.it\/fr\/\" \/>\n<meta property=\"og:locale\" content=\"fr_FR\" \/>\n<meta property=\"og:type\" content=\"article\" \/>\n<meta property=\"og:title\" content=\"Bienvenue \u00e0 l\u2019H\u00f4tel Central\u2605\u2605\u2605\u2605 &#8211; Hotel Centrale Alcamo\" \/>\n<meta property=\"og:description\" content=\"H\u00f4tel Central se trouve au c\u0153ur de Alcamo, entre Trapani et Palerme, \u00e0 proximit\u00e9 de toutes les grandes villes et les superbes plages pour d\u00e9couvrir l\u2019art, la culture et la mer. Est un h\u00f4tel 4 \u00e9toiles avec tous les services, id\u00e9al pour les vacances et pour le travail, o\u00f9 vous pouvz passer un s\u00e9jour agr\u00e9able de d\u00e9tente, \u00e0 la d\u00e9couverte des lieux, des traditions et de la bonne cuisine.  L \u2018h\u00f4tel est situ\u00e9 dans le palais nobiliaire du 18me si\u00e8cle Lazio De Quiros\u00a0: il dispose de chambres spacieuses, d\u2019un \u00e9l\u00e9gant restaurant, salle de conf\u00e9rence et un caf\u00e9.  A partir de cette ann\u00e9e, vous pourrez vous d\u00e9tendre dans notre magnifique \u00a0terrasse panoramique avec un mini-bain \u00e0 remous, solarium, sauna, salle de fitness et un bar.  La haute qualit\u00e9 des services, l\u2019accueil chaleureux typique sicilien et la gentillesse du personnel toujours attentif \u00e0 tous vos besoins, laissera un souvenir ind\u00e9l\u00e9bile de vos vacances.\" \/>\n<meta property=\"og:url\" content=\"https:\/\/www.hotelcentrale.sicilia.it\/fr\/\" \/>\n<meta property=\"og:site_name\" content=\"Hotel Centrale Alcamo\" \/>\n<meta property=\"article:publisher\" content=\"https:\/\/www.facebook.com\/hotelcentrale.alcamo\/\" \/>\n<meta property=\"article:modified_time\" content=\"2025-05-06T12:28:30+00:00\" \/>\n<meta property=\"og:image\" content=\"https:\/\/www.hotelcentrale.sicilia.it\/wp-content\/uploads\/sites\/219\/2025\/03\/slide-hall.jpg\" \/>\n\t<meta property=\"og:image:width\" content=\"1800\" \/>\n\t<meta property=\"og:image:height\" content=\"1200\" \/>\n\t<meta property=\"og:image:type\" content=\"image\/jpeg\" \/>\n<meta name=\"twitter:card\" content=\"summary_large_image\" \/>\n<meta name=\"twitter:label1\" content=\"Dur\u00e9e de lecture estim\u00e9e\" \/>\n\t<meta name=\"twitter:data1\" content=\"1 minute\" \/>\n<script type=\"application\/ld+json\" class=\"yoast-schema-graph\">{\"@context\":\"https:\/\/schema.org\",\"@graph\":[{\"@type\":\"WebPage\",\"@id\":\"https:\/\/www.hotelcentrale.sicilia.it\/fr\/\",\"url\":\"https:\/\/www.hotelcentrale.sicilia.it\/fr\/\",\"name\":\"Bienvenue \u00e0 l\u2019H\u00f4tel Central\u2605\u2605\u2605\u2605 &#8211; Hotel Centrale Alcamo\",\"isPartOf\":{\"@id\":\"https:\/\/www.hotelcentrale.sicilia.it\/fr\/#website\"},\"datePublished\":\"2025-02-19T16:12:13+00:00\",\"dateModified\":\"2025-05-06T12:28:30+00:00\",\"description\":\"H\u00f4tel Central se trouve au c\u0153ur de Alcamo, entre Trapani et Palerme, \u00e0 proximit\u00e9 de toutes les grandes villes et les superbes plages pour d\u00e9couvrir l\u2019art, la culture et la mer. Est un h\u00f4tel 4 \u00e9toiles avec tous les services, id\u00e9al pour les vacances et pour le travail, o\u00f9 vous pouvz passer un s\u00e9jour agr\u00e9able de d\u00e9tente, \u00e0 la d\u00e9couverte des lieux, des traditions et de la bonne cuisine. L \u2018h\u00f4tel est situ\u00e9 dans le palais nobiliaire du 18me si\u00e8cle Lazio De Quiros\u00a0: il dispose de chambres spacieuses, d\u2019un \u00e9l\u00e9gant restaurant, salle de conf\u00e9rence et un caf\u00e9. A partir de cette ann\u00e9e, vous pourrez vous d\u00e9tendre dans notre magnifique \u00a0terrasse panoramique avec un mini-bain \u00e0 remous, solarium, sauna, salle de fitness et un bar. La haute qualit\u00e9 des services, l\u2019accueil chaleureux typique sicilien et la gentillesse du personnel toujours attentif \u00e0 tous vos besoins, laissera un souvenir ind\u00e9l\u00e9bile de vos vacances.\",\"breadcrumb\":{\"@id\":\"https:\/\/www.hotelcentrale.sicilia.it\/fr\/#breadcrumb\"},\"inLanguage\":\"fr-FR\",\"potentialAction\":[{\"@type\":\"ReadAction\",\"target\":[\"https:\/\/www.hotelcentrale.sicilia.it\/fr\/\"]}]},{\"@type\":\"BreadcrumbList\",\"@id\":\"https:\/\/www.hotelcentrale.sicilia.it\/fr\/#breadcrumb\",\"itemListElement\":[{\"@type\":\"ListItem\",\"position\":1,\"name\":\"Home\",\"item\":\"https:\/\/www.hotelcentrale.sicilia.it\/fr\/\"},{\"@type\":\"ListItem\",\"position\":2,\"name\":\"Bienvenue \u00e0 l\u2019H\u00f4tel Central\u2605\u2605\u2605\u2605\"}]},{\"@type\":\"WebSite\",\"@id\":\"https:\/\/www.hotelcentrale.sicilia.it\/fr\/#website\",\"url\":\"https:\/\/www.hotelcentrale.sicilia.it\/fr\/\",\"name\":\"Hotel Centrale Alcamo\",\"description\":\"Hotel  4 stelle nel cuore della citt\u00e0\",\"publisher\":{\"@id\":\"https:\/\/www.hotelcentrale.sicilia.it\/fr\/#organization\"},\"alternateName\":\"Hotel Centrale Alcamo\",\"potentialAction\":[{\"@type\":\"SearchAction\",\"target\":{\"@type\":\"EntryPoint\",\"urlTemplate\":\"https:\/\/www.hotelcentrale.sicilia.it\/fr\/?s={search_term_string}\"},\"query-input\":\"required name=search_term_string\"}],\"inLanguage\":\"fr-FR\"},{\"@type\":\"Organization\",\"@id\":\"https:\/\/www.hotelcentrale.sicilia.it\/fr\/#organization\",\"name\":\"Hotel Centrale Alcamo\",\"url\":\"https:\/\/www.hotelcentrale.sicilia.it\/fr\/\",\"logo\":{\"@type\":\"ImageObject\",\"inLanguage\":\"fr-FR\",\"@id\":\"https:\/\/www.hotelcentrale.sicilia.it\/fr\/#\/schema\/logo\/image\/\",\"url\":\"https:\/\/hotel-centrale-alcamo.ms2.decms.eu\/wp-content\/uploads\/sites\/219\/2025\/02\/logo.png\",\"contentUrl\":\"https:\/\/hotel-centrale-alcamo.ms2.decms.eu\/wp-content\/uploads\/sites\/219\/2025\/02\/logo.png\",\"width\":200,\"height\":98,\"caption\":\"Hotel Centrale Alcamo\"},\"image\":{\"@id\":\"https:\/\/www.hotelcentrale.sicilia.it\/fr\/#\/schema\/logo\/image\/\"},\"sameAs\":[\"https:\/\/www.facebook.com\/hotelcentrale.alcamo\/\"]}]}<\/script>\n<!-- \/ Yoast SEO plugin. -->","yoast_head_json":{"title":"Bienvenue \u00e0 l\u2019H\u00f4tel Central\u2605\u2605\u2605\u2605 &#8211; Hotel Centrale Alcamo","description":"H\u00f4tel Central se trouve au c\u0153ur de Alcamo, entre Trapani et Palerme, \u00e0 proximit\u00e9 de toutes les grandes villes et les superbes plages pour d\u00e9couvrir l\u2019art, la culture et la mer. Est un h\u00f4tel 4 \u00e9toiles avec tous les services, id\u00e9al pour les vacances et pour le travail, o\u00f9 vous pouvz passer un s\u00e9jour agr\u00e9able de d\u00e9tente, \u00e0 la d\u00e9couverte des lieux, des traditions et de la bonne cuisine.  L \u2018h\u00f4tel est situ\u00e9 dans le palais nobiliaire du 18me si\u00e8cle Lazio De Quiros\u00a0: il dispose de chambres spacieuses, d\u2019un \u00e9l\u00e9gant restaurant, salle de conf\u00e9rence et un caf\u00e9.  A partir de cette ann\u00e9e, vous pourrez vous d\u00e9tendre dans notre magnifique \u00a0terrasse panoramique avec un mini-bain \u00e0 remous, solarium, sauna, salle de fitness et un bar.  La haute qualit\u00e9 des services, l\u2019accueil chaleureux typique sicilien et la gentillesse du personnel toujours attentif \u00e0 tous vos besoins, laissera un souvenir ind\u00e9l\u00e9bile de vos vacances.","robots":{"index":"index","follow":"follow","max-snippet":"max-snippet:-1","max-image-preview":"max-image-preview:large","max-video-preview":"max-video-preview:-1"},"canonical":"https:\/\/www.hotelcentrale.sicilia.it\/fr\/","og_locale":"fr_FR","og_type":"article","og_title":"Bienvenue \u00e0 l\u2019H\u00f4tel Central\u2605\u2605\u2605\u2605 &#8211; Hotel Centrale Alcamo","og_description":"H\u00f4tel Central se trouve au c\u0153ur de Alcamo, entre Trapani et Palerme, \u00e0 proximit\u00e9 de toutes les grandes villes et les superbes plages pour d\u00e9couvrir l\u2019art, la culture et la mer. Est un h\u00f4tel 4 \u00e9toiles avec tous les services, id\u00e9al pour les vacances et pour le travail, o\u00f9 vous pouvz passer un s\u00e9jour agr\u00e9able de d\u00e9tente, \u00e0 la d\u00e9couverte des lieux, des traditions et de la bonne cuisine.  L \u2018h\u00f4tel est situ\u00e9 dans le palais nobiliaire du 18me si\u00e8cle Lazio De Quiros\u00a0: il dispose de chambres spacieuses, d\u2019un \u00e9l\u00e9gant restaurant, salle de conf\u00e9rence et un caf\u00e9.  A partir de cette ann\u00e9e, vous pourrez vous d\u00e9tendre dans notre magnifique \u00a0terrasse panoramique avec un mini-bain \u00e0 remous, solarium, sauna, salle de fitness et un bar.  La haute qualit\u00e9 des services, l\u2019accueil chaleureux typique sicilien et la gentillesse du personnel toujours attentif \u00e0 tous vos besoins, laissera un souvenir ind\u00e9l\u00e9bile de vos vacances.","og_url":"https:\/\/www.hotelcentrale.sicilia.it\/fr\/","og_site_name":"Hotel Centrale Alcamo","article_publisher":"https:\/\/www.facebook.com\/hotelcentrale.alcamo\/","article_modified_time":"2025-05-06T12:28:30+00:00","og_image":[{"width":1800,"height":1200,"url":"https:\/\/www.hotelcentrale.sicilia.it\/wp-content\/uploads\/sites\/219\/2025\/03\/slide-hall.jpg","type":"image\/jpeg"}],"twitter_card":"summary_large_image","twitter_misc":{"Dur\u00e9e de lecture estim\u00e9e":"1 minute"},"schema":{"@context":"https:\/\/schema.org","@graph":[{"@type":"WebPage","@id":"https:\/\/www.hotelcentrale.sicilia.it\/fr\/","url":"https:\/\/www.hotelcentrale.sicilia.it\/fr\/","name":"Bienvenue \u00e0 l\u2019H\u00f4tel Central\u2605\u2605\u2605\u2605 &#8211; Hotel Centrale Alcamo","isPartOf":{"@id":"https:\/\/www.hotelcentrale.sicilia.it\/fr\/#website"},"datePublished":"2025-02-19T16:12:13+00:00","dateModified":"2025-05-06T12:28:30+00:00","description":"H\u00f4tel Central se trouve au c\u0153ur de Alcamo, entre Trapani et Palerme, \u00e0 proximit\u00e9 de toutes les grandes villes et les superbes plages pour d\u00e9couvrir l\u2019art, la culture et la mer. Est un h\u00f4tel 4 \u00e9toiles avec tous les services, id\u00e9al pour les vacances et pour le travail, o\u00f9 vous pouvz passer un s\u00e9jour agr\u00e9able de d\u00e9tente, \u00e0 la d\u00e9couverte des lieux, des traditions et de la bonne cuisine. L \u2018h\u00f4tel est situ\u00e9 dans le palais nobiliaire du 18me si\u00e8cle Lazio De Quiros\u00a0: il dispose de chambres spacieuses, d\u2019un \u00e9l\u00e9gant restaurant, salle de conf\u00e9rence et un caf\u00e9. A partir de cette ann\u00e9e, vous pourrez vous d\u00e9tendre dans notre magnifique \u00a0terrasse panoramique avec un mini-bain \u00e0 remous, solarium, sauna, salle de fitness et un bar. La haute qualit\u00e9 des services, l\u2019accueil chaleureux typique sicilien et la gentillesse du personnel toujours attentif \u00e0 tous vos besoins, laissera un souvenir ind\u00e9l\u00e9bile de vos vacances.","breadcrumb":{"@id":"https:\/\/www.hotelcentrale.sicilia.it\/fr\/#breadcrumb"},"inLanguage":"fr-FR","potentialAction":[{"@type":"ReadAction","target":["https:\/\/www.hotelcentrale.sicilia.it\/fr\/"]}]},{"@type":"BreadcrumbList","@id":"https:\/\/www.hotelcentrale.sicilia.it\/fr\/#breadcrumb","itemListElement":[{"@type":"ListItem","position":1,"name":"Home","item":"https:\/\/www.hotelcentrale.sicilia.it\/fr\/"},{"@type":"ListItem","position":2,"name":"Bienvenue \u00e0 l\u2019H\u00f4tel Central\u2605\u2605\u2605\u2605"}]},{"@type":"WebSite","@id":"https:\/\/www.hotelcentrale.sicilia.it\/fr\/#website","url":"https:\/\/www.hotelcentrale.sicilia.it\/fr\/","name":"Hotel Centrale Alcamo","description":"Hotel  4 stelle nel cuore della citt\u00e0","publisher":{"@id":"https:\/\/www.hotelcentrale.sicilia.it\/fr\/#organization"},"alternateName":"Hotel Centrale Alcamo","potentialAction":[{"@type":"SearchAction","target":{"@type":"EntryPoint","urlTemplate":"https:\/\/www.hotelcentrale.sicilia.it\/fr\/?s={search_term_string}"},"query-input":"required name=search_term_string"}],"inLanguage":"fr-FR"},{"@type":"Organization","@id":"https:\/\/www.hotelcentrale.sicilia.it\/fr\/#organization","name":"Hotel Centrale Alcamo","url":"https:\/\/www.hotelcentrale.sicilia.it\/fr\/","logo":{"@type":"ImageObject","inLanguage":"fr-FR","@id":"https:\/\/www.hotelcentrale.sicilia.it\/fr\/#\/schema\/logo\/image\/","url":"https:\/\/hotel-centrale-alcamo.ms2.decms.eu\/wp-content\/uploads\/sites\/219\/2025\/02\/logo.png","contentUrl":"https:\/\/hotel-centrale-alcamo.ms2.decms.eu\/wp-content\/uploads\/sites\/219\/2025\/02\/logo.png","width":200,"height":98,"caption":"Hotel Centrale Alcamo"},"image":{"@id":"https:\/\/www.hotelcentrale.sicilia.it\/fr\/#\/schema\/logo\/image\/"},"sameAs":["https:\/\/www.facebook.com\/hotelcentrale.alcamo\/"]}]}},"acf":[],"_links":{"self":[{"href":"https:\/\/www.hotelcentrale.sicilia.it\/fr\/wp-json\/wp\/v2\/pages\/378"}],"collection":[{"href":"https:\/\/www.hotelcentrale.sicilia.it\/fr\/wp-json\/wp\/v2\/pages"}],"about":[{"href":"https:\/\/www.hotelcentrale.sicilia.it\/fr\/wp-json\/wp\/v2\/types\/page"}],"author":[{"embeddable":true,"href":"https:\/\/www.hotelcentrale.sicilia.it\/fr\/wp-json\/wp\/v2\/users\/199"}],"replies":[{"embeddable":true,"href":"https:\/\/www.hotelcentrale.sicilia.it\/fr\/wp-json\/wp\/v2\/comments?post=378"}],"version-history":[{"count":0,"href":"https:\/\/www.hotelcentrale.sicilia.it\/fr\/wp-json\/wp\/v2\/pages\/378\/revisions"}],"wp:attachment":[{"href":"https:\/\/www.hotelcentrale.sicilia.it\/fr\/wp-json\/wp\/v2\/media?parent=378"}],"curies":[{"name":"wp","href":"https:\/\/api.w.org\/{rel}","templated":true}]}}