{"id":382,"date":"2025-03-06T13:39:14","date_gmt":"2025-03-06T13:39:14","guid":{"rendered":"https:\/\/hotel-centrale-alcamo.ms2.decms.eu\/?page_id=382"},"modified":"2025-04-29T16:11:03","modified_gmt":"2025-04-29T16:11:03","slug":"chambre-familiale","status":"publish","type":"page","link":"https:\/\/www.hotelcentrale.sicilia.it\/fr\/chambre\/chambre-familiale\/","title":{"rendered":"Chambre Familiale"},"content":{"rendered":"<p>D\u00e9couvrez le confort ultime dans nos chambres Sup\u00e9rieures r\u00e9cemment r\u00e9nov\u00e9es, con\u00e7ues pour vous offrir un s\u00e9jour alliant praticit\u00e9 et d\u00e9tente. Spacieuses et lumineuses, ces chambres sont id\u00e9ales pour les familles gr\u00e2ce \u00e0 leur douche spacieuse et leurs nombreux \u00e9quipements d\u00e9di\u00e9s \u00e0 votre bien-\u00eatre.<\/p>\n<p>Les options de lits varient selon vos besoins : un lit double confortable + 1 lit simple ou 2 lits simples, \u00e9galement superpos\u00e9s, pour r\u00e9pondre \u00e0 toutes vos exigences.<\/p>\n<p>Et pour les familles plus nombreuses, sur demande, nous pouvons accueillir jusqu\u2019\u00e0 5 personnes plus un enfant dans un berceau.<\/p>\n","protected":false},"excerpt":{"rendered":"<p>D\u00e9couvrez le confort ultime dans nos chambres Sup\u00e9rieures r\u00e9cemment r\u00e9nov\u00e9es, con\u00e7ues pour vous offrir un s\u00e9jour alliant praticit\u00e9 et d\u00e9tente. Spacieuses et lumineuses, ces chambres sont id\u00e9ales pour les familles gr\u00e2ce \u00e0 leur douche spacieuse et leurs nombreux \u00e9quipements d\u00e9di\u00e9s \u00e0 votre bien-\u00eatre. Les options de lits varient selon vos besoins : un lit double [&hellip;]<\/p>\n","protected":false},"author":199,"featured_media":0,"parent":294,"menu_order":16,"comment_status":"closed","ping_status":"closed","template":"template-single-room.php","meta":{"footnotes":""},"yoast_head":"<!-- This site is optimized with the Yoast SEO plugin v22.3 - https:\/\/yoast.com\/wordpress\/plugins\/seo\/ -->\n<title>Chambre Familiale &#8211; Hotel Centrale Alcamo<\/title>\n<meta name=\"description\" content=\"D\u00e9couvrez le confort ultime dans nos chambres Sup\u00e9rieures r\u00e9cemment r\u00e9nov\u00e9es, con\u00e7ues pour vous offrir un s\u00e9jour alliant praticit\u00e9 et d\u00e9tente. Spacieuses et lumineuses, ces chambres sont id\u00e9ales pour les familles gr\u00e2ce \u00e0 leur douche spacieuse et leurs nombreux \u00e9quipements d\u00e9di\u00e9s \u00e0 votre bien-\u00eatre.  Les options de lits varient selon vos besoins : un lit double confortable + 1 lit simple ou 2 lits simples, \u00e9galement superpos\u00e9s, pour r\u00e9pondre \u00e0 toutes vos exigences.  Et pour les familles plus nombreuses, sur demande, nous pouvons accueillir jusqu\u2019\u00e0 5 personnes plus un enfant dans un berceau.\" \/>\n<meta name=\"robots\" content=\"index, follow, max-snippet:-1, max-image-preview:large, max-video-preview:-1\" \/>\n<link rel=\"canonical\" href=\"https:\/\/www.hotelcentrale.sicilia.it\/fr\/chambre\/chambre-familiale\/\" \/>\n<meta property=\"og:locale\" content=\"fr_FR\" \/>\n<meta property=\"og:type\" content=\"article\" \/>\n<meta property=\"og:title\" content=\"Chambre Familiale &#8211; Hotel Centrale Alcamo\" \/>\n<meta property=\"og:description\" content=\"D\u00e9couvrez le confort ultime dans nos chambres Sup\u00e9rieures r\u00e9cemment r\u00e9nov\u00e9es, con\u00e7ues pour vous offrir un s\u00e9jour alliant praticit\u00e9 et d\u00e9tente. Spacieuses et lumineuses, ces chambres sont id\u00e9ales pour les familles gr\u00e2ce \u00e0 leur douche spacieuse et leurs nombreux \u00e9quipements d\u00e9di\u00e9s \u00e0 votre bien-\u00eatre.  Les options de lits varient selon vos besoins : un lit double confortable + 1 lit simple ou 2 lits simples, \u00e9galement superpos\u00e9s, pour r\u00e9pondre \u00e0 toutes vos exigences.  Et pour les familles plus nombreuses, sur demande, nous pouvons accueillir jusqu\u2019\u00e0 5 personnes plus un enfant dans un berceau.\" \/>\n<meta property=\"og:url\" content=\"https:\/\/www.hotelcentrale.sicilia.it\/fr\/chambre\/chambre-familiale\/\" \/>\n<meta property=\"og:site_name\" content=\"Hotel Centrale Alcamo\" \/>\n<meta property=\"article:publisher\" content=\"https:\/\/www.facebook.com\/hotelcentrale.alcamo\/\" \/>\n<meta property=\"article:modified_time\" content=\"2025-04-29T16:11:03+00:00\" \/>\n<meta property=\"og:image\" content=\"https:\/\/www.hotelcentrale.sicilia.it\/wp-content\/uploads\/sites\/219\/2025\/03\/slide-hall.jpg\" \/>\n\t<meta property=\"og:image:width\" content=\"1800\" \/>\n\t<meta property=\"og:image:height\" content=\"1200\" \/>\n\t<meta property=\"og:image:type\" content=\"image\/jpeg\" \/>\n<meta name=\"twitter:card\" content=\"summary_large_image\" \/>\n<meta name=\"twitter:label1\" content=\"Dur\u00e9e de lecture estim\u00e9e\" \/>\n\t<meta name=\"twitter:data1\" content=\"1 minute\" \/>\n<script type=\"application\/ld+json\" class=\"yoast-schema-graph\">{\"@context\":\"https:\/\/schema.org\",\"@graph\":[{\"@type\":\"WebPage\",\"@id\":\"https:\/\/www.hotelcentrale.sicilia.it\/fr\/chambre\/chambre-familiale\/\",\"url\":\"https:\/\/www.hotelcentrale.sicilia.it\/fr\/chambre\/chambre-familiale\/\",\"name\":\"Chambre Familiale &#8211; Hotel Centrale Alcamo\",\"isPartOf\":{\"@id\":\"https:\/\/www.hotelcentrale.sicilia.it\/fr\/#website\"},\"datePublished\":\"2025-03-06T13:39:14+00:00\",\"dateModified\":\"2025-04-29T16:11:03+00:00\",\"description\":\"D\u00e9couvrez le confort ultime dans nos chambres Sup\u00e9rieures r\u00e9cemment r\u00e9nov\u00e9es, con\u00e7ues pour vous offrir un s\u00e9jour alliant praticit\u00e9 et d\u00e9tente. Spacieuses et lumineuses, ces chambres sont id\u00e9ales pour les familles gr\u00e2ce \u00e0 leur douche spacieuse et leurs nombreux \u00e9quipements d\u00e9di\u00e9s \u00e0 votre bien-\u00eatre. Les options de lits varient selon vos besoins : un lit double confortable + 1 lit simple ou 2 lits simples, \u00e9galement superpos\u00e9s, pour r\u00e9pondre \u00e0 toutes vos exigences. Et pour les familles plus nombreuses, sur demande, nous pouvons accueillir jusqu\u2019\u00e0 5 personnes plus un enfant dans un berceau.\",\"breadcrumb\":{\"@id\":\"https:\/\/www.hotelcentrale.sicilia.it\/fr\/chambre\/chambre-familiale\/#breadcrumb\"},\"inLanguage\":\"fr-FR\",\"potentialAction\":[{\"@type\":\"ReadAction\",\"target\":[\"https:\/\/www.hotelcentrale.sicilia.it\/fr\/chambre\/chambre-familiale\/\"]}]},{\"@type\":\"BreadcrumbList\",\"@id\":\"https:\/\/www.hotelcentrale.sicilia.it\/fr\/chambre\/chambre-familiale\/#breadcrumb\",\"itemListElement\":[{\"@type\":\"ListItem\",\"position\":1,\"name\":\"Home\",\"item\":\"https:\/\/www.hotelcentrale.sicilia.it\/fr\/\"},{\"@type\":\"ListItem\",\"position\":2,\"name\":\"Chambre\",\"item\":\"https:\/\/www.hotelcentrale.sicilia.it\/fr\/camere\/\"},{\"@type\":\"ListItem\",\"position\":3,\"name\":\"Chambre Familiale\"}]},{\"@type\":\"WebSite\",\"@id\":\"https:\/\/www.hotelcentrale.sicilia.it\/fr\/#website\",\"url\":\"https:\/\/www.hotelcentrale.sicilia.it\/fr\/\",\"name\":\"Hotel Centrale Alcamo\",\"description\":\"Hotel  4 stelle nel cuore della citt\u00e0\",\"publisher\":{\"@id\":\"https:\/\/www.hotelcentrale.sicilia.it\/fr\/#organization\"},\"alternateName\":\"Hotel Centrale Alcamo\",\"potentialAction\":[{\"@type\":\"SearchAction\",\"target\":{\"@type\":\"EntryPoint\",\"urlTemplate\":\"https:\/\/www.hotelcentrale.sicilia.it\/fr\/?s={search_term_string}\"},\"query-input\":\"required name=search_term_string\"}],\"inLanguage\":\"fr-FR\"},{\"@type\":\"Organization\",\"@id\":\"https:\/\/www.hotelcentrale.sicilia.it\/fr\/#organization\",\"name\":\"Hotel Centrale Alcamo\",\"url\":\"https:\/\/www.hotelcentrale.sicilia.it\/fr\/\",\"logo\":{\"@type\":\"ImageObject\",\"inLanguage\":\"fr-FR\",\"@id\":\"https:\/\/www.hotelcentrale.sicilia.it\/fr\/#\/schema\/logo\/image\/\",\"url\":\"https:\/\/hotel-centrale-alcamo.ms2.decms.eu\/wp-content\/uploads\/sites\/219\/2025\/02\/logo.png\",\"contentUrl\":\"https:\/\/hotel-centrale-alcamo.ms2.decms.eu\/wp-content\/uploads\/sites\/219\/2025\/02\/logo.png\",\"width\":200,\"height\":98,\"caption\":\"Hotel Centrale Alcamo\"},\"image\":{\"@id\":\"https:\/\/www.hotelcentrale.sicilia.it\/fr\/#\/schema\/logo\/image\/\"},\"sameAs\":[\"https:\/\/www.facebook.com\/hotelcentrale.alcamo\/\"]}]}<\/script>\n<!-- \/ Yoast SEO plugin. -->","yoast_head_json":{"title":"Chambre Familiale &#8211; Hotel Centrale Alcamo","description":"D\u00e9couvrez le confort ultime dans nos chambres Sup\u00e9rieures r\u00e9cemment r\u00e9nov\u00e9es, con\u00e7ues pour vous offrir un s\u00e9jour alliant praticit\u00e9 et d\u00e9tente. Spacieuses et lumineuses, ces chambres sont id\u00e9ales pour les familles gr\u00e2ce \u00e0 leur douche spacieuse et leurs nombreux \u00e9quipements d\u00e9di\u00e9s \u00e0 votre bien-\u00eatre.  Les options de lits varient selon vos besoins : un lit double confortable + 1 lit simple ou 2 lits simples, \u00e9galement superpos\u00e9s, pour r\u00e9pondre \u00e0 toutes vos exigences.  Et pour les familles plus nombreuses, sur demande, nous pouvons accueillir jusqu\u2019\u00e0 5 personnes plus un enfant dans un berceau.","robots":{"index":"index","follow":"follow","max-snippet":"max-snippet:-1","max-image-preview":"max-image-preview:large","max-video-preview":"max-video-preview:-1"},"canonical":"https:\/\/www.hotelcentrale.sicilia.it\/fr\/chambre\/chambre-familiale\/","og_locale":"fr_FR","og_type":"article","og_title":"Chambre Familiale &#8211; Hotel Centrale Alcamo","og_description":"D\u00e9couvrez le confort ultime dans nos chambres Sup\u00e9rieures r\u00e9cemment r\u00e9nov\u00e9es, con\u00e7ues pour vous offrir un s\u00e9jour alliant praticit\u00e9 et d\u00e9tente. Spacieuses et lumineuses, ces chambres sont id\u00e9ales pour les familles gr\u00e2ce \u00e0 leur douche spacieuse et leurs nombreux \u00e9quipements d\u00e9di\u00e9s \u00e0 votre bien-\u00eatre.  Les options de lits varient selon vos besoins : un lit double confortable + 1 lit simple ou 2 lits simples, \u00e9galement superpos\u00e9s, pour r\u00e9pondre \u00e0 toutes vos exigences.  Et pour les familles plus nombreuses, sur demande, nous pouvons accueillir jusqu\u2019\u00e0 5 personnes plus un enfant dans un berceau.","og_url":"https:\/\/www.hotelcentrale.sicilia.it\/fr\/chambre\/chambre-familiale\/","og_site_name":"Hotel Centrale Alcamo","article_publisher":"https:\/\/www.facebook.com\/hotelcentrale.alcamo\/","article_modified_time":"2025-04-29T16:11:03+00:00","og_image":[{"width":1800,"height":1200,"url":"https:\/\/www.hotelcentrale.sicilia.it\/wp-content\/uploads\/sites\/219\/2025\/03\/slide-hall.jpg","type":"image\/jpeg"}],"twitter_card":"summary_large_image","twitter_misc":{"Dur\u00e9e de lecture estim\u00e9e":"1 minute"},"schema":{"@context":"https:\/\/schema.org","@graph":[{"@type":"WebPage","@id":"https:\/\/www.hotelcentrale.sicilia.it\/fr\/chambre\/chambre-familiale\/","url":"https:\/\/www.hotelcentrale.sicilia.it\/fr\/chambre\/chambre-familiale\/","name":"Chambre Familiale &#8211; Hotel Centrale Alcamo","isPartOf":{"@id":"https:\/\/www.hotelcentrale.sicilia.it\/fr\/#website"},"datePublished":"2025-03-06T13:39:14+00:00","dateModified":"2025-04-29T16:11:03+00:00","description":"D\u00e9couvrez le confort ultime dans nos chambres Sup\u00e9rieures r\u00e9cemment r\u00e9nov\u00e9es, con\u00e7ues pour vous offrir un s\u00e9jour alliant praticit\u00e9 et d\u00e9tente. Spacieuses et lumineuses, ces chambres sont id\u00e9ales pour les familles gr\u00e2ce \u00e0 leur douche spacieuse et leurs nombreux \u00e9quipements d\u00e9di\u00e9s \u00e0 votre bien-\u00eatre. Les options de lits varient selon vos besoins : un lit double confortable + 1 lit simple ou 2 lits simples, \u00e9galement superpos\u00e9s, pour r\u00e9pondre \u00e0 toutes vos exigences. Et pour les familles plus nombreuses, sur demande, nous pouvons accueillir jusqu\u2019\u00e0 5 personnes plus un enfant dans un berceau.","breadcrumb":{"@id":"https:\/\/www.hotelcentrale.sicilia.it\/fr\/chambre\/chambre-familiale\/#breadcrumb"},"inLanguage":"fr-FR","potentialAction":[{"@type":"ReadAction","target":["https:\/\/www.hotelcentrale.sicilia.it\/fr\/chambre\/chambre-familiale\/"]}]},{"@type":"BreadcrumbList","@id":"https:\/\/www.hotelcentrale.sicilia.it\/fr\/chambre\/chambre-familiale\/#breadcrumb","itemListElement":[{"@type":"ListItem","position":1,"name":"Home","item":"https:\/\/www.hotelcentrale.sicilia.it\/fr\/"},{"@type":"ListItem","position":2,"name":"Chambre","item":"https:\/\/www.hotelcentrale.sicilia.it\/fr\/camere\/"},{"@type":"ListItem","position":3,"name":"Chambre Familiale"}]},{"@type":"WebSite","@id":"https:\/\/www.hotelcentrale.sicilia.it\/fr\/#website","url":"https:\/\/www.hotelcentrale.sicilia.it\/fr\/","name":"Hotel Centrale Alcamo","description":"Hotel  4 stelle nel cuore della citt\u00e0","publisher":{"@id":"https:\/\/www.hotelcentrale.sicilia.it\/fr\/#organization"},"alternateName":"Hotel Centrale Alcamo","potentialAction":[{"@type":"SearchAction","target":{"@type":"EntryPoint","urlTemplate":"https:\/\/www.hotelcentrale.sicilia.it\/fr\/?s={search_term_string}"},"query-input":"required name=search_term_string"}],"inLanguage":"fr-FR"},{"@type":"Organization","@id":"https:\/\/www.hotelcentrale.sicilia.it\/fr\/#organization","name":"Hotel Centrale Alcamo","url":"https:\/\/www.hotelcentrale.sicilia.it\/fr\/","logo":{"@type":"ImageObject","inLanguage":"fr-FR","@id":"https:\/\/www.hotelcentrale.sicilia.it\/fr\/#\/schema\/logo\/image\/","url":"https:\/\/hotel-centrale-alcamo.ms2.decms.eu\/wp-content\/uploads\/sites\/219\/2025\/02\/logo.png","contentUrl":"https:\/\/hotel-centrale-alcamo.ms2.decms.eu\/wp-content\/uploads\/sites\/219\/2025\/02\/logo.png","width":200,"height":98,"caption":"Hotel Centrale Alcamo"},"image":{"@id":"https:\/\/www.hotelcentrale.sicilia.it\/fr\/#\/schema\/logo\/image\/"},"sameAs":["https:\/\/www.facebook.com\/hotelcentrale.alcamo\/"]}]}},"acf":[],"_links":{"self":[{"href":"https:\/\/www.hotelcentrale.sicilia.it\/fr\/wp-json\/wp\/v2\/pages\/382"}],"collection":[{"href":"https:\/\/www.hotelcentrale.sicilia.it\/fr\/wp-json\/wp\/v2\/pages"}],"about":[{"href":"https:\/\/www.hotelcentrale.sicilia.it\/fr\/wp-json\/wp\/v2\/types\/page"}],"author":[{"embeddable":true,"href":"https:\/\/www.hotelcentrale.sicilia.it\/fr\/wp-json\/wp\/v2\/users\/199"}],"replies":[{"embeddable":true,"href":"https:\/\/www.hotelcentrale.sicilia.it\/fr\/wp-json\/wp\/v2\/comments?post=382"}],"version-history":[{"count":0,"href":"https:\/\/www.hotelcentrale.sicilia.it\/fr\/wp-json\/wp\/v2\/pages\/382\/revisions"}],"up":[{"embeddable":true,"href":"https:\/\/www.hotelcentrale.sicilia.it\/fr\/wp-json\/wp\/v2\/pages\/294"}],"wp:attachment":[{"href":"https:\/\/www.hotelcentrale.sicilia.it\/fr\/wp-json\/wp\/v2\/media?parent=382"}],"curies":[{"name":"wp","href":"https:\/\/api.w.org\/{rel}","templated":true}]}}