{"id":393,"date":"2025-03-07T10:49:20","date_gmt":"2025-03-07T10:49:20","guid":{"rendered":"https:\/\/hotel-centrale-alcamo.ms2.decms.eu\/?page_id=393"},"modified":"2025-04-29T07:19:59","modified_gmt":"2025-04-29T07:19:59","slug":"idee-cadeau","status":"publish","type":"page","link":"https:\/\/www.hotelcentrale.sicilia.it\/fr\/offres-speciales\/idee-cadeau\/","title":{"rendered":"Id\u00e9e cadeau"},"content":{"rendered":"<p>Pour une id\u00e9e cadeau diff\u00e9rente, achetez un bon pour un s\u00e9jour \u00e0 l\u2019H\u00f4tel Centrale!<\/p>\n<p>Offrez-vous l\u2019un de nos forfaits, ou simplement une nuit ou un d\u00eener dans notre restaurant La Quinta Stella.<\/p>\n<p>Un cocktail de bienvenue est gratuit<\/p>\n","protected":false},"excerpt":{"rendered":"<p>Pour une id\u00e9e cadeau diff\u00e9rente, achetez un bon pour un s\u00e9jour \u00e0 l\u2019H\u00f4tel Centrale! Offrez-vous l\u2019un de nos forfaits, ou simplement une nuit ou un d\u00eener dans notre restaurant La Quinta Stella. Un cocktail de bienvenue est gratuit<\/p>\n","protected":false},"author":199,"featured_media":0,"parent":390,"menu_order":76,"comment_status":"closed","ping_status":"closed","template":"template-default-2.php","meta":{"footnotes":""},"class_list":["post-393","page","type-page","status-publish","hentry"],"yoast_head":"<!-- This site is optimized with the Yoast SEO plugin v27.3 - https:\/\/yoast.com\/product\/yoast-seo-wordpress\/ -->\n<title>Id\u00e9e cadeau &#8211; Hotel Centrale Alcamo<\/title>\n<meta name=\"description\" content=\"Pour une id\u00e9e cadeau diff\u00e9rente, achetez un bon pour un s\u00e9jour \u00e0 l\u2019H\u00f4tel Centrale!  Offrez-vous l\u2019un de nos forfaits, ou simplement une nuit ou un d\u00eener dans notre restaurant La Quinta Stella.  Un cocktail de bienvenue est gratuit.\" \/>\n<meta name=\"robots\" content=\"index, follow, max-snippet:-1, max-image-preview:large, max-video-preview:-1\" \/>\n<link rel=\"canonical\" href=\"https:\/\/www.hotelcentrale.sicilia.it\/fr\/offres-speciales\/idee-cadeau\/\" \/>\n<meta property=\"og:locale\" content=\"fr_FR\" \/>\n<meta property=\"og:type\" content=\"article\" \/>\n<meta property=\"og:title\" content=\"Id\u00e9e cadeau &#8211; Hotel Centrale Alcamo\" \/>\n<meta property=\"og:description\" content=\"Pour une id\u00e9e cadeau diff\u00e9rente, achetez un bon pour un s\u00e9jour \u00e0 l\u2019H\u00f4tel Centrale!  Offrez-vous l\u2019un de nos forfaits, ou simplement une nuit ou un d\u00eener dans notre restaurant La Quinta Stella.  Un cocktail de bienvenue est gratuit.\" \/>\n<meta property=\"og:url\" content=\"https:\/\/www.hotelcentrale.sicilia.it\/fr\/offres-speciales\/idee-cadeau\/\" \/>\n<meta property=\"og:site_name\" content=\"Hotel Centrale Alcamo\" \/>\n<meta property=\"article:publisher\" content=\"https:\/\/www.facebook.com\/hotelcentrale.alcamo\/\" \/>\n<meta property=\"article:modified_time\" content=\"2025-04-29T07:19:59+00:00\" \/>\n<meta property=\"og:image\" content=\"https:\/\/www.hotelcentrale.sicilia.it\/wp-content\/uploads\/sites\/219\/2025\/03\/slide-hall.jpg\" \/>\n\t<meta property=\"og:image:width\" content=\"1800\" \/>\n\t<meta property=\"og:image:height\" content=\"1200\" \/>\n\t<meta property=\"og:image:type\" content=\"image\/jpeg\" \/>\n<meta name=\"twitter:card\" content=\"summary_large_image\" \/>\n<meta name=\"twitter:label1\" content=\"Dur\u00e9e de lecture estim\u00e9e\" \/>\n\t<meta name=\"twitter:data1\" content=\"1 minute\" \/>\n<script type=\"application\/ld+json\" class=\"yoast-schema-graph\">{\"@context\":\"https:\\\/\\\/schema.org\",\"@graph\":[{\"@type\":\"WebPage\",\"@id\":\"https:\\\/\\\/www.hotelcentrale.sicilia.it\\\/fr\\\/offres-speciales\\\/idee-cadeau\\\/\",\"url\":\"https:\\\/\\\/www.hotelcentrale.sicilia.it\\\/fr\\\/offres-speciales\\\/idee-cadeau\\\/\",\"name\":\"Id\u00e9e cadeau &#8211; Hotel Centrale Alcamo\",\"isPartOf\":{\"@id\":\"https:\\\/\\\/www.hotelcentrale.sicilia.it\\\/fr\\\/#website\"},\"datePublished\":\"2025-03-07T10:49:20+00:00\",\"dateModified\":\"2025-04-29T07:19:59+00:00\",\"description\":\"Pour une id\u00e9e cadeau diff\u00e9rente, achetez un bon pour un s\u00e9jour \u00e0 l\u2019H\u00f4tel Centrale! Offrez-vous l\u2019un de nos forfaits, ou simplement une nuit ou un d\u00eener dans notre restaurant La Quinta Stella. Un cocktail de bienvenue est gratuit.\",\"breadcrumb\":{\"@id\":\"https:\\\/\\\/www.hotelcentrale.sicilia.it\\\/fr\\\/offres-speciales\\\/idee-cadeau\\\/#breadcrumb\"},\"inLanguage\":\"fr-FR\",\"potentialAction\":[{\"@type\":\"ReadAction\",\"target\":[\"https:\\\/\\\/www.hotelcentrale.sicilia.it\\\/fr\\\/offres-speciales\\\/idee-cadeau\\\/\"]}]},{\"@type\":\"BreadcrumbList\",\"@id\":\"https:\\\/\\\/www.hotelcentrale.sicilia.it\\\/fr\\\/offres-speciales\\\/idee-cadeau\\\/#breadcrumb\",\"itemListElement\":[{\"@type\":\"ListItem\",\"position\":1,\"name\":\"Home\",\"item\":\"https:\\\/\\\/www.hotelcentrale.sicilia.it\\\/fr\\\/\"},{\"@type\":\"ListItem\",\"position\":2,\"name\":\"Offres sp\u00e9ciales\",\"item\":\"https:\\\/\\\/www.hotelcentrale.sicilia.it\\\/fr\\\/pacchetti-hotel\\\/\"},{\"@type\":\"ListItem\",\"position\":3,\"name\":\"Id\u00e9e cadeau\"}]},{\"@type\":\"WebSite\",\"@id\":\"https:\\\/\\\/www.hotelcentrale.sicilia.it\\\/fr\\\/#website\",\"url\":\"https:\\\/\\\/www.hotelcentrale.sicilia.it\\\/fr\\\/\",\"name\":\"Hotel Centrale Alcamo\",\"description\":\"Hotel  4 stelle nel cuore della citt\u00e0\",\"publisher\":{\"@id\":\"https:\\\/\\\/www.hotelcentrale.sicilia.it\\\/fr\\\/#organization\"},\"alternateName\":\"Hotel Centrale Alcamo\",\"potentialAction\":[{\"@type\":\"SearchAction\",\"target\":{\"@type\":\"EntryPoint\",\"urlTemplate\":\"https:\\\/\\\/www.hotelcentrale.sicilia.it\\\/fr\\\/?s={search_term_string}\"},\"query-input\":{\"@type\":\"PropertyValueSpecification\",\"valueRequired\":true,\"valueName\":\"search_term_string\"}}],\"inLanguage\":\"fr-FR\"},{\"@type\":\"Organization\",\"@id\":\"https:\\\/\\\/www.hotelcentrale.sicilia.it\\\/fr\\\/#organization\",\"name\":\"Hotel Centrale Alcamo\",\"url\":\"https:\\\/\\\/www.hotelcentrale.sicilia.it\\\/fr\\\/\",\"logo\":{\"@type\":\"ImageObject\",\"inLanguage\":\"fr-FR\",\"@id\":\"https:\\\/\\\/www.hotelcentrale.sicilia.it\\\/fr\\\/#\\\/schema\\\/logo\\\/image\\\/\",\"url\":\"https:\\\/\\\/hotel-centrale-alcamo.ms2.decms.eu\\\/wp-content\\\/uploads\\\/sites\\\/219\\\/2025\\\/02\\\/logo.png\",\"contentUrl\":\"https:\\\/\\\/hotel-centrale-alcamo.ms2.decms.eu\\\/wp-content\\\/uploads\\\/sites\\\/219\\\/2025\\\/02\\\/logo.png\",\"width\":200,\"height\":98,\"caption\":\"Hotel Centrale Alcamo\"},\"image\":{\"@id\":\"https:\\\/\\\/www.hotelcentrale.sicilia.it\\\/fr\\\/#\\\/schema\\\/logo\\\/image\\\/\"},\"sameAs\":[\"https:\\\/\\\/www.facebook.com\\\/hotelcentrale.alcamo\\\/\"]}]}<\/script>\n<!-- \/ Yoast SEO plugin. -->","yoast_head_json":{"title":"Id\u00e9e cadeau &#8211; Hotel Centrale Alcamo","description":"Pour une id\u00e9e cadeau diff\u00e9rente, achetez un bon pour un s\u00e9jour \u00e0 l\u2019H\u00f4tel Centrale!  Offrez-vous l\u2019un de nos forfaits, ou simplement une nuit ou un d\u00eener dans notre restaurant La Quinta Stella.  Un cocktail de bienvenue est gratuit.","robots":{"index":"index","follow":"follow","max-snippet":"max-snippet:-1","max-image-preview":"max-image-preview:large","max-video-preview":"max-video-preview:-1"},"canonical":"https:\/\/www.hotelcentrale.sicilia.it\/fr\/offres-speciales\/idee-cadeau\/","og_locale":"fr_FR","og_type":"article","og_title":"Id\u00e9e cadeau &#8211; Hotel Centrale Alcamo","og_description":"Pour une id\u00e9e cadeau diff\u00e9rente, achetez un bon pour un s\u00e9jour \u00e0 l\u2019H\u00f4tel Centrale!  Offrez-vous l\u2019un de nos forfaits, ou simplement une nuit ou un d\u00eener dans notre restaurant La Quinta Stella.  Un cocktail de bienvenue est gratuit.","og_url":"https:\/\/www.hotelcentrale.sicilia.it\/fr\/offres-speciales\/idee-cadeau\/","og_site_name":"Hotel Centrale Alcamo","article_publisher":"https:\/\/www.facebook.com\/hotelcentrale.alcamo\/","article_modified_time":"2025-04-29T07:19:59+00:00","og_image":[{"width":1800,"height":1200,"url":"https:\/\/www.hotelcentrale.sicilia.it\/wp-content\/uploads\/sites\/219\/2025\/03\/slide-hall.jpg","type":"image\/jpeg"}],"twitter_card":"summary_large_image","twitter_misc":{"Dur\u00e9e de lecture estim\u00e9e":"1 minute"},"schema":{"@context":"https:\/\/schema.org","@graph":[{"@type":"WebPage","@id":"https:\/\/www.hotelcentrale.sicilia.it\/fr\/offres-speciales\/idee-cadeau\/","url":"https:\/\/www.hotelcentrale.sicilia.it\/fr\/offres-speciales\/idee-cadeau\/","name":"Id\u00e9e cadeau &#8211; Hotel Centrale Alcamo","isPartOf":{"@id":"https:\/\/www.hotelcentrale.sicilia.it\/fr\/#website"},"datePublished":"2025-03-07T10:49:20+00:00","dateModified":"2025-04-29T07:19:59+00:00","description":"Pour une id\u00e9e cadeau diff\u00e9rente, achetez un bon pour un s\u00e9jour \u00e0 l\u2019H\u00f4tel Centrale! Offrez-vous l\u2019un de nos forfaits, ou simplement une nuit ou un d\u00eener dans notre restaurant La Quinta Stella. Un cocktail de bienvenue est gratuit.","breadcrumb":{"@id":"https:\/\/www.hotelcentrale.sicilia.it\/fr\/offres-speciales\/idee-cadeau\/#breadcrumb"},"inLanguage":"fr-FR","potentialAction":[{"@type":"ReadAction","target":["https:\/\/www.hotelcentrale.sicilia.it\/fr\/offres-speciales\/idee-cadeau\/"]}]},{"@type":"BreadcrumbList","@id":"https:\/\/www.hotelcentrale.sicilia.it\/fr\/offres-speciales\/idee-cadeau\/#breadcrumb","itemListElement":[{"@type":"ListItem","position":1,"name":"Home","item":"https:\/\/www.hotelcentrale.sicilia.it\/fr\/"},{"@type":"ListItem","position":2,"name":"Offres sp\u00e9ciales","item":"https:\/\/www.hotelcentrale.sicilia.it\/fr\/pacchetti-hotel\/"},{"@type":"ListItem","position":3,"name":"Id\u00e9e cadeau"}]},{"@type":"WebSite","@id":"https:\/\/www.hotelcentrale.sicilia.it\/fr\/#website","url":"https:\/\/www.hotelcentrale.sicilia.it\/fr\/","name":"Hotel Centrale Alcamo","description":"Hotel  4 stelle nel cuore della citt\u00e0","publisher":{"@id":"https:\/\/www.hotelcentrale.sicilia.it\/fr\/#organization"},"alternateName":"Hotel Centrale Alcamo","potentialAction":[{"@type":"SearchAction","target":{"@type":"EntryPoint","urlTemplate":"https:\/\/www.hotelcentrale.sicilia.it\/fr\/?s={search_term_string}"},"query-input":{"@type":"PropertyValueSpecification","valueRequired":true,"valueName":"search_term_string"}}],"inLanguage":"fr-FR"},{"@type":"Organization","@id":"https:\/\/www.hotelcentrale.sicilia.it\/fr\/#organization","name":"Hotel Centrale Alcamo","url":"https:\/\/www.hotelcentrale.sicilia.it\/fr\/","logo":{"@type":"ImageObject","inLanguage":"fr-FR","@id":"https:\/\/www.hotelcentrale.sicilia.it\/fr\/#\/schema\/logo\/image\/","url":"https:\/\/hotel-centrale-alcamo.ms2.decms.eu\/wp-content\/uploads\/sites\/219\/2025\/02\/logo.png","contentUrl":"https:\/\/hotel-centrale-alcamo.ms2.decms.eu\/wp-content\/uploads\/sites\/219\/2025\/02\/logo.png","width":200,"height":98,"caption":"Hotel Centrale Alcamo"},"image":{"@id":"https:\/\/www.hotelcentrale.sicilia.it\/fr\/#\/schema\/logo\/image\/"},"sameAs":["https:\/\/www.facebook.com\/hotelcentrale.alcamo\/"]}]}},"acf":[],"_links":{"self":[{"href":"https:\/\/www.hotelcentrale.sicilia.it\/fr\/wp-json\/wp\/v2\/pages\/393","targetHints":{"allow":["GET"]}}],"collection":[{"href":"https:\/\/www.hotelcentrale.sicilia.it\/fr\/wp-json\/wp\/v2\/pages"}],"about":[{"href":"https:\/\/www.hotelcentrale.sicilia.it\/fr\/wp-json\/wp\/v2\/types\/page"}],"author":[{"embeddable":true,"href":"https:\/\/www.hotelcentrale.sicilia.it\/fr\/wp-json\/wp\/v2\/users\/199"}],"replies":[{"embeddable":true,"href":"https:\/\/www.hotelcentrale.sicilia.it\/fr\/wp-json\/wp\/v2\/comments?post=393"}],"version-history":[{"count":0,"href":"https:\/\/www.hotelcentrale.sicilia.it\/fr\/wp-json\/wp\/v2\/pages\/393\/revisions"}],"up":[{"embeddable":true,"href":"https:\/\/www.hotelcentrale.sicilia.it\/fr\/wp-json\/wp\/v2\/pages\/390"}],"wp:attachment":[{"href":"https:\/\/www.hotelcentrale.sicilia.it\/fr\/wp-json\/wp\/v2\/media?parent=393"}],"curies":[{"name":"wp","href":"https:\/\/api.w.org\/{rel}","templated":true}]}}