{"id":400,"date":"2025-03-07T14:49:32","date_gmt":"2025-03-07T14:49:32","guid":{"rendered":"https:\/\/hotel-centrale-alcamo.ms2.decms.eu\/?page_id=400"},"modified":"2025-04-29T08:11:26","modified_gmt":"2025-04-29T08:11:26","slug":"environs","status":"publish","type":"page","link":"https:\/\/www.hotelcentrale.sicilia.it\/fr\/environs\/","title":{"rendered":"Environs"},"content":{"rendered":"<p>L\u2019H\u00f4tel Central au c\u0153ur de Alcamo, sur le c\u00f4t\u00e9 ouest de la Sicile, est id\u00e9al pour vos vacances d\u2019\u00e9t\u00e9:\u00a0 est \u00e0 proximit\u00e9 de toutes les grandes villes et les superbes plages pour d\u00e9couvrir l\u2019art, la culture et la mer.<\/p>\n<p>Vous pouvez passer un s\u00e9jour agr\u00e9able et relaxant, \u00e0 la d\u00e9couverte des lieux, des traditions et de la bonne cuisine.<\/p>\n<p>La position de la structure permet d\u2019acc\u00e9der facilement \u00e0 des sites tels que Segesta, Erice, Trapani et ses marais salants, Palerme avec ses magnifiques monuments et palais, S\u00e9linunte, etc.<\/p>\n<p>Les charmantes stations baln\u00e9aires telles que Zingaro, Scopello, la plage de Castellammare del Golfo, Alcamo Marina, Balestrate, etc., ne sont qu\u2019\u00e0 quelques minutes de l\u2019h\u00f4tel.<\/p>\n","protected":false},"excerpt":{"rendered":"<p>L\u2019H\u00f4tel Central au c\u0153ur de Alcamo, sur le c\u00f4t\u00e9 ouest de la Sicile, est id\u00e9al pour vos vacances d\u2019\u00e9t\u00e9:\u00a0 est \u00e0 proximit\u00e9 de toutes les grandes villes et les superbes plages pour d\u00e9couvrir l\u2019art, la culture et la mer. Vous pouvez passer un s\u00e9jour agr\u00e9able et relaxant, \u00e0 la d\u00e9couverte des lieux, des traditions et [&hellip;]<\/p>\n","protected":false},"author":199,"featured_media":0,"parent":0,"menu_order":80,"comment_status":"closed","ping_status":"closed","template":"template-events.php","meta":{"footnotes":""},"yoast_head":"<!-- This site is optimized with the Yoast SEO plugin v22.3 - https:\/\/yoast.com\/wordpress\/plugins\/seo\/ -->\n<title>Environs &#8211; Hotel Centrale Alcamo<\/title>\n<meta name=\"description\" content=\"L\u2019H\u00f4tel Central au c\u0153ur de Alcamo, sur le c\u00f4t\u00e9 ouest de la Sicile, est id\u00e9al pour vos vacances d\u2019\u00e9t\u00e9:\u00a0 est \u00e0 proximit\u00e9 de toutes les grandes villes et les superbes plages pour d\u00e9couvrir l\u2019art, la culture et la mer.  Vous pouvez passer un s\u00e9jour agr\u00e9able et relaxant, \u00e0 la d\u00e9couverte des lieux, des traditions et de la bonne cuisine.  La position de la structure permet d\u2019acc\u00e9der facilement \u00e0 des sites tels que Segesta, Erice, Trapani et ses marais salants, Palerme avec ses magnifiques monuments et palais, S\u00e9linunte, etc.  Les charmantes stations baln\u00e9aires telles que Zingaro, Scopello, la plage de Castellammare del Golfo, Alcamo Marina, Balestrate, etc., ne sont qu\u2019\u00e0 quelques minutes de l\u2019h\u00f4tel..\" \/>\n<meta name=\"robots\" content=\"index, follow, max-snippet:-1, max-image-preview:large, max-video-preview:-1\" \/>\n<link rel=\"canonical\" href=\"https:\/\/www.hotelcentrale.sicilia.it\/fr\/environs\/\" \/>\n<meta property=\"og:locale\" content=\"fr_FR\" \/>\n<meta property=\"og:type\" content=\"article\" \/>\n<meta property=\"og:title\" content=\"Environs &#8211; Hotel Centrale Alcamo\" \/>\n<meta property=\"og:description\" content=\"L\u2019H\u00f4tel Central au c\u0153ur de Alcamo, sur le c\u00f4t\u00e9 ouest de la Sicile, est id\u00e9al pour vos vacances d\u2019\u00e9t\u00e9:\u00a0 est \u00e0 proximit\u00e9 de toutes les grandes villes et les superbes plages pour d\u00e9couvrir l\u2019art, la culture et la mer.  Vous pouvez passer un s\u00e9jour agr\u00e9able et relaxant, \u00e0 la d\u00e9couverte des lieux, des traditions et de la bonne cuisine.  La position de la structure permet d\u2019acc\u00e9der facilement \u00e0 des sites tels que Segesta, Erice, Trapani et ses marais salants, Palerme avec ses magnifiques monuments et palais, S\u00e9linunte, etc.  Les charmantes stations baln\u00e9aires telles que Zingaro, Scopello, la plage de Castellammare del Golfo, Alcamo Marina, Balestrate, etc., ne sont qu\u2019\u00e0 quelques minutes de l\u2019h\u00f4tel..\" \/>\n<meta property=\"og:url\" content=\"https:\/\/www.hotelcentrale.sicilia.it\/fr\/environs\/\" \/>\n<meta property=\"og:site_name\" content=\"Hotel Centrale Alcamo\" \/>\n<meta property=\"article:publisher\" content=\"https:\/\/www.facebook.com\/hotelcentrale.alcamo\/\" \/>\n<meta property=\"article:modified_time\" content=\"2025-04-29T08:11:26+00:00\" \/>\n<meta property=\"og:image\" content=\"https:\/\/www.hotelcentrale.sicilia.it\/wp-content\/uploads\/sites\/219\/2025\/03\/slide-hall.jpg\" \/>\n\t<meta property=\"og:image:width\" content=\"1800\" \/>\n\t<meta property=\"og:image:height\" content=\"1200\" \/>\n\t<meta property=\"og:image:type\" content=\"image\/jpeg\" \/>\n<meta name=\"twitter:card\" content=\"summary_large_image\" \/>\n<meta name=\"twitter:label1\" content=\"Dur\u00e9e de lecture estim\u00e9e\" \/>\n\t<meta name=\"twitter:data1\" content=\"1 minute\" \/>\n<script type=\"application\/ld+json\" class=\"yoast-schema-graph\">{\"@context\":\"https:\/\/schema.org\",\"@graph\":[{\"@type\":\"WebPage\",\"@id\":\"https:\/\/www.hotelcentrale.sicilia.it\/fr\/environs\/\",\"url\":\"https:\/\/www.hotelcentrale.sicilia.it\/fr\/environs\/\",\"name\":\"Environs &#8211; Hotel Centrale Alcamo\",\"isPartOf\":{\"@id\":\"https:\/\/www.hotelcentrale.sicilia.it\/fr\/#website\"},\"datePublished\":\"2025-03-07T14:49:32+00:00\",\"dateModified\":\"2025-04-29T08:11:26+00:00\",\"description\":\"L\u2019H\u00f4tel Central au c\u0153ur de Alcamo, sur le c\u00f4t\u00e9 ouest de la Sicile, est id\u00e9al pour vos vacances d\u2019\u00e9t\u00e9:\u00a0 est \u00e0 proximit\u00e9 de toutes les grandes villes et les superbes plages pour d\u00e9couvrir l\u2019art, la culture et la mer. Vous pouvez passer un s\u00e9jour agr\u00e9able et relaxant, \u00e0 la d\u00e9couverte des lieux, des traditions et de la bonne cuisine. La position de la structure permet d\u2019acc\u00e9der facilement \u00e0 des sites tels que Segesta, Erice, Trapani et ses marais salants, Palerme avec ses magnifiques monuments et palais, S\u00e9linunte, etc. Les charmantes stations baln\u00e9aires telles que Zingaro, Scopello, la plage de Castellammare del Golfo, Alcamo Marina, Balestrate, etc., ne sont qu\u2019\u00e0 quelques minutes de l\u2019h\u00f4tel..\",\"breadcrumb\":{\"@id\":\"https:\/\/www.hotelcentrale.sicilia.it\/fr\/environs\/#breadcrumb\"},\"inLanguage\":\"fr-FR\",\"potentialAction\":[{\"@type\":\"ReadAction\",\"target\":[\"https:\/\/www.hotelcentrale.sicilia.it\/fr\/environs\/\"]}]},{\"@type\":\"BreadcrumbList\",\"@id\":\"https:\/\/www.hotelcentrale.sicilia.it\/fr\/environs\/#breadcrumb\",\"itemListElement\":[{\"@type\":\"ListItem\",\"position\":1,\"name\":\"Home\",\"item\":\"https:\/\/www.hotelcentrale.sicilia.it\/fr\/\"},{\"@type\":\"ListItem\",\"position\":2,\"name\":\"Environs\"}]},{\"@type\":\"WebSite\",\"@id\":\"https:\/\/www.hotelcentrale.sicilia.it\/fr\/#website\",\"url\":\"https:\/\/www.hotelcentrale.sicilia.it\/fr\/\",\"name\":\"Hotel Centrale Alcamo\",\"description\":\"Hotel  4 stelle nel cuore della citt\u00e0\",\"publisher\":{\"@id\":\"https:\/\/www.hotelcentrale.sicilia.it\/fr\/#organization\"},\"alternateName\":\"Hotel Centrale Alcamo\",\"potentialAction\":[{\"@type\":\"SearchAction\",\"target\":{\"@type\":\"EntryPoint\",\"urlTemplate\":\"https:\/\/www.hotelcentrale.sicilia.it\/fr\/?s={search_term_string}\"},\"query-input\":\"required name=search_term_string\"}],\"inLanguage\":\"fr-FR\"},{\"@type\":\"Organization\",\"@id\":\"https:\/\/www.hotelcentrale.sicilia.it\/fr\/#organization\",\"name\":\"Hotel Centrale Alcamo\",\"url\":\"https:\/\/www.hotelcentrale.sicilia.it\/fr\/\",\"logo\":{\"@type\":\"ImageObject\",\"inLanguage\":\"fr-FR\",\"@id\":\"https:\/\/www.hotelcentrale.sicilia.it\/fr\/#\/schema\/logo\/image\/\",\"url\":\"https:\/\/hotel-centrale-alcamo.ms2.decms.eu\/wp-content\/uploads\/sites\/219\/2025\/02\/logo.png\",\"contentUrl\":\"https:\/\/hotel-centrale-alcamo.ms2.decms.eu\/wp-content\/uploads\/sites\/219\/2025\/02\/logo.png\",\"width\":200,\"height\":98,\"caption\":\"Hotel Centrale Alcamo\"},\"image\":{\"@id\":\"https:\/\/www.hotelcentrale.sicilia.it\/fr\/#\/schema\/logo\/image\/\"},\"sameAs\":[\"https:\/\/www.facebook.com\/hotelcentrale.alcamo\/\"]}]}<\/script>\n<!-- \/ Yoast SEO plugin. -->","yoast_head_json":{"title":"Environs &#8211; Hotel Centrale Alcamo","description":"L\u2019H\u00f4tel Central au c\u0153ur de Alcamo, sur le c\u00f4t\u00e9 ouest de la Sicile, est id\u00e9al pour vos vacances d\u2019\u00e9t\u00e9:\u00a0 est \u00e0 proximit\u00e9 de toutes les grandes villes et les superbes plages pour d\u00e9couvrir l\u2019art, la culture et la mer.  Vous pouvez passer un s\u00e9jour agr\u00e9able et relaxant, \u00e0 la d\u00e9couverte des lieux, des traditions et de la bonne cuisine.  La position de la structure permet d\u2019acc\u00e9der facilement \u00e0 des sites tels que Segesta, Erice, Trapani et ses marais salants, Palerme avec ses magnifiques monuments et palais, S\u00e9linunte, etc.  Les charmantes stations baln\u00e9aires telles que Zingaro, Scopello, la plage de Castellammare del Golfo, Alcamo Marina, Balestrate, etc., ne sont qu\u2019\u00e0 quelques minutes de l\u2019h\u00f4tel..","robots":{"index":"index","follow":"follow","max-snippet":"max-snippet:-1","max-image-preview":"max-image-preview:large","max-video-preview":"max-video-preview:-1"},"canonical":"https:\/\/www.hotelcentrale.sicilia.it\/fr\/environs\/","og_locale":"fr_FR","og_type":"article","og_title":"Environs &#8211; Hotel Centrale Alcamo","og_description":"L\u2019H\u00f4tel Central au c\u0153ur de Alcamo, sur le c\u00f4t\u00e9 ouest de la Sicile, est id\u00e9al pour vos vacances d\u2019\u00e9t\u00e9:\u00a0 est \u00e0 proximit\u00e9 de toutes les grandes villes et les superbes plages pour d\u00e9couvrir l\u2019art, la culture et la mer.  Vous pouvez passer un s\u00e9jour agr\u00e9able et relaxant, \u00e0 la d\u00e9couverte des lieux, des traditions et de la bonne cuisine.  La position de la structure permet d\u2019acc\u00e9der facilement \u00e0 des sites tels que Segesta, Erice, Trapani et ses marais salants, Palerme avec ses magnifiques monuments et palais, S\u00e9linunte, etc.  Les charmantes stations baln\u00e9aires telles que Zingaro, Scopello, la plage de Castellammare del Golfo, Alcamo Marina, Balestrate, etc., ne sont qu\u2019\u00e0 quelques minutes de l\u2019h\u00f4tel..","og_url":"https:\/\/www.hotelcentrale.sicilia.it\/fr\/environs\/","og_site_name":"Hotel Centrale Alcamo","article_publisher":"https:\/\/www.facebook.com\/hotelcentrale.alcamo\/","article_modified_time":"2025-04-29T08:11:26+00:00","og_image":[{"width":1800,"height":1200,"url":"https:\/\/www.hotelcentrale.sicilia.it\/wp-content\/uploads\/sites\/219\/2025\/03\/slide-hall.jpg","type":"image\/jpeg"}],"twitter_card":"summary_large_image","twitter_misc":{"Dur\u00e9e de lecture estim\u00e9e":"1 minute"},"schema":{"@context":"https:\/\/schema.org","@graph":[{"@type":"WebPage","@id":"https:\/\/www.hotelcentrale.sicilia.it\/fr\/environs\/","url":"https:\/\/www.hotelcentrale.sicilia.it\/fr\/environs\/","name":"Environs &#8211; Hotel Centrale Alcamo","isPartOf":{"@id":"https:\/\/www.hotelcentrale.sicilia.it\/fr\/#website"},"datePublished":"2025-03-07T14:49:32+00:00","dateModified":"2025-04-29T08:11:26+00:00","description":"L\u2019H\u00f4tel Central au c\u0153ur de Alcamo, sur le c\u00f4t\u00e9 ouest de la Sicile, est id\u00e9al pour vos vacances d\u2019\u00e9t\u00e9:\u00a0 est \u00e0 proximit\u00e9 de toutes les grandes villes et les superbes plages pour d\u00e9couvrir l\u2019art, la culture et la mer. Vous pouvez passer un s\u00e9jour agr\u00e9able et relaxant, \u00e0 la d\u00e9couverte des lieux, des traditions et de la bonne cuisine. La position de la structure permet d\u2019acc\u00e9der facilement \u00e0 des sites tels que Segesta, Erice, Trapani et ses marais salants, Palerme avec ses magnifiques monuments et palais, S\u00e9linunte, etc. Les charmantes stations baln\u00e9aires telles que Zingaro, Scopello, la plage de Castellammare del Golfo, Alcamo Marina, Balestrate, etc., ne sont qu\u2019\u00e0 quelques minutes de l\u2019h\u00f4tel..","breadcrumb":{"@id":"https:\/\/www.hotelcentrale.sicilia.it\/fr\/environs\/#breadcrumb"},"inLanguage":"fr-FR","potentialAction":[{"@type":"ReadAction","target":["https:\/\/www.hotelcentrale.sicilia.it\/fr\/environs\/"]}]},{"@type":"BreadcrumbList","@id":"https:\/\/www.hotelcentrale.sicilia.it\/fr\/environs\/#breadcrumb","itemListElement":[{"@type":"ListItem","position":1,"name":"Home","item":"https:\/\/www.hotelcentrale.sicilia.it\/fr\/"},{"@type":"ListItem","position":2,"name":"Environs"}]},{"@type":"WebSite","@id":"https:\/\/www.hotelcentrale.sicilia.it\/fr\/#website","url":"https:\/\/www.hotelcentrale.sicilia.it\/fr\/","name":"Hotel Centrale Alcamo","description":"Hotel  4 stelle nel cuore della citt\u00e0","publisher":{"@id":"https:\/\/www.hotelcentrale.sicilia.it\/fr\/#organization"},"alternateName":"Hotel Centrale Alcamo","potentialAction":[{"@type":"SearchAction","target":{"@type":"EntryPoint","urlTemplate":"https:\/\/www.hotelcentrale.sicilia.it\/fr\/?s={search_term_string}"},"query-input":"required name=search_term_string"}],"inLanguage":"fr-FR"},{"@type":"Organization","@id":"https:\/\/www.hotelcentrale.sicilia.it\/fr\/#organization","name":"Hotel Centrale Alcamo","url":"https:\/\/www.hotelcentrale.sicilia.it\/fr\/","logo":{"@type":"ImageObject","inLanguage":"fr-FR","@id":"https:\/\/www.hotelcentrale.sicilia.it\/fr\/#\/schema\/logo\/image\/","url":"https:\/\/hotel-centrale-alcamo.ms2.decms.eu\/wp-content\/uploads\/sites\/219\/2025\/02\/logo.png","contentUrl":"https:\/\/hotel-centrale-alcamo.ms2.decms.eu\/wp-content\/uploads\/sites\/219\/2025\/02\/logo.png","width":200,"height":98,"caption":"Hotel Centrale Alcamo"},"image":{"@id":"https:\/\/www.hotelcentrale.sicilia.it\/fr\/#\/schema\/logo\/image\/"},"sameAs":["https:\/\/www.facebook.com\/hotelcentrale.alcamo\/"]}]}},"acf":[],"_links":{"self":[{"href":"https:\/\/www.hotelcentrale.sicilia.it\/fr\/wp-json\/wp\/v2\/pages\/400"}],"collection":[{"href":"https:\/\/www.hotelcentrale.sicilia.it\/fr\/wp-json\/wp\/v2\/pages"}],"about":[{"href":"https:\/\/www.hotelcentrale.sicilia.it\/fr\/wp-json\/wp\/v2\/types\/page"}],"author":[{"embeddable":true,"href":"https:\/\/www.hotelcentrale.sicilia.it\/fr\/wp-json\/wp\/v2\/users\/199"}],"replies":[{"embeddable":true,"href":"https:\/\/www.hotelcentrale.sicilia.it\/fr\/wp-json\/wp\/v2\/comments?post=400"}],"version-history":[{"count":0,"href":"https:\/\/www.hotelcentrale.sicilia.it\/fr\/wp-json\/wp\/v2\/pages\/400\/revisions"}],"wp:attachment":[{"href":"https:\/\/www.hotelcentrale.sicilia.it\/fr\/wp-json\/wp\/v2\/media?parent=400"}],"curies":[{"name":"wp","href":"https:\/\/api.w.org\/{rel}","templated":true}]}}