{"id":402,"date":"2025-03-11T16:32:00","date_gmt":"2025-03-11T16:32:00","guid":{"rendered":"https:\/\/hotel-centrale-alcamo.ms2.decms.eu\/?page_id=402"},"modified":"2025-04-30T08:15:36","modified_gmt":"2025-04-30T08:15:36","slug":"alcamo","status":"publish","type":"page","link":"https:\/\/www.hotelcentrale.sicilia.it\/fr\/alcamo\/","title":{"rendered":"Alcamo"},"content":{"rendered":"<p>De l\u2019H\u00f4tel Centrale on peut explorer la ville du vin et de l\u2019art: Alcamo, l\u2019une des communes les plus \u00e9vocateurs de la Sicile occidentale. Situ\u00e9 dans la province de Trapani, sur un plateau de 256 m, sur les pentes du mont Bonifato, consid\u00e9r\u00e9 comme le \u00ab\u00a0Toit de la Sicile occidentale.\u00a0\u00bb Son emplacement est consid\u00e9r\u00e9 comme strat\u00e9gique depuis l\u2019antiquit\u00e9 parce- que est \u00e9quitable de Trapani et Palerme, offrant des vues \u00e0 couper le souffle suspendu entre le ciel et la mer avec le magnifique paysage du Golfe de Castellammare, grav\u00e9 et bord\u00e9e \u00e0 l\u2019est de Punta Raisi et \u00e0 l\u2019ouest par le promontoire de Capo San Vito.<\/p>\n<p>Alcamo est connect\u00e9 \u00e0 l\u2019ouest de toute la Sicile par un r\u00e9seau autoroutier gratuit. Vous pouvez rejoindre facilement \u00a0les a\u00e9roports \u00a0de Trapani et \u00a0Palerme. En peu de temps, vous pouvez \u00e9galement rejoindre le temple et l\u2019amphith\u00e9\u00e2tre de Segesta o\u00f9, en \u00e9t\u00e9, se \u00a0basent \u00a0de nombreuses manifestations suggestives; la r\u00e9serve naturelle de Zingaro; les marais de sel de Trapani; l\u2019ancienne et pittoresque \u00eele de Mothia; Palerme avec son charme unique et ses beaut\u00e9s architecturales et monumentales; Trapani et le mus\u00e9e Pepoli; Marsala et le mus\u00e9e du bateau punique; Mazara del Vallo et encore beaucoup d\u2019autres endroits qui rendront sp\u00e9cial votre s\u00e9jour dans cette partie de la Sicile.<\/p>\n","protected":false},"excerpt":{"rendered":"<p>De l\u2019H\u00f4tel Centrale on peut explorer la ville du vin et de l\u2019art: Alcamo, l\u2019une des communes les plus \u00e9vocateurs de la Sicile occidentale. Situ\u00e9 dans la province de Trapani, sur un plateau de 256 m, sur les pentes du mont Bonifato, consid\u00e9r\u00e9 comme le \u00ab\u00a0Toit de la Sicile occidentale.\u00a0\u00bb Son emplacement est consid\u00e9r\u00e9 comme [&hellip;]<\/p>\n","protected":false},"author":199,"featured_media":0,"parent":0,"menu_order":110,"comment_status":"closed","ping_status":"closed","template":"template-location.php","meta":{"footnotes":""},"yoast_head":"<!-- This site is optimized with the Yoast SEO plugin v22.3 - https:\/\/yoast.com\/wordpress\/plugins\/seo\/ -->\n<title>Alcamo &#8211; Hotel Centrale Alcamo<\/title>\n<meta name=\"description\" content=\"De l\u2019H\u00f4tel Centrale on peut explorer la ville du vin et de l\u2019art: Alcamo, l\u2019une des communes les plus \u00e9vocateurs de la Sicile occidentale. Situ\u00e9 dans la province de Trapani, sur un plateau de 256 m, sur les pentes du mont Bonifato, consid\u00e9r\u00e9 comme le \u00ab\u00a0Toit de la Sicile occidentale.\u00a0\u00bb Son emplacement est consid\u00e9r\u00e9 comme strat\u00e9gique depuis l\u2019antiquit\u00e9 parce- que est \u00e9quitable de Trapani et Palerme, offrant des vues \u00e0 couper le souffle suspendu entre le ciel et la mer avec le magnifique paysage du Golfe de Castellammare, grav\u00e9 et bord\u00e9e \u00e0 l\u2019est de Punta Raisi et \u00e0 l\u2019ouest par le promontoire de Capo San Vito.  Alcamo est connect\u00e9 \u00e0 l\u2019ouest de toute la Sicile par un r\u00e9seau autoroutier gratuit\" \/>\n<meta name=\"robots\" content=\"index, follow, max-snippet:-1, max-image-preview:large, max-video-preview:-1\" \/>\n<link rel=\"canonical\" href=\"https:\/\/www.hotelcentrale.sicilia.it\/fr\/alcamo\/\" \/>\n<meta property=\"og:locale\" content=\"fr_FR\" \/>\n<meta property=\"og:type\" content=\"article\" \/>\n<meta property=\"og:title\" content=\"Alcamo &#8211; Hotel Centrale Alcamo\" \/>\n<meta property=\"og:description\" content=\"De l\u2019H\u00f4tel Centrale on peut explorer la ville du vin et de l\u2019art: Alcamo, l\u2019une des communes les plus \u00e9vocateurs de la Sicile occidentale. Situ\u00e9 dans la province de Trapani, sur un plateau de 256 m, sur les pentes du mont Bonifato, consid\u00e9r\u00e9 comme le \u00ab\u00a0Toit de la Sicile occidentale.\u00a0\u00bb Son emplacement est consid\u00e9r\u00e9 comme strat\u00e9gique depuis l\u2019antiquit\u00e9 parce- que est \u00e9quitable de Trapani et Palerme, offrant des vues \u00e0 couper le souffle suspendu entre le ciel et la mer avec le magnifique paysage du Golfe de Castellammare, grav\u00e9 et bord\u00e9e \u00e0 l\u2019est de Punta Raisi et \u00e0 l\u2019ouest par le promontoire de Capo San Vito.  Alcamo est connect\u00e9 \u00e0 l\u2019ouest de toute la Sicile par un r\u00e9seau autoroutier gratuit\" \/>\n<meta property=\"og:url\" content=\"https:\/\/www.hotelcentrale.sicilia.it\/fr\/alcamo\/\" \/>\n<meta property=\"og:site_name\" content=\"Hotel Centrale Alcamo\" \/>\n<meta property=\"article:publisher\" content=\"https:\/\/www.facebook.com\/hotelcentrale.alcamo\/\" \/>\n<meta property=\"article:modified_time\" content=\"2025-04-30T08:15:36+00:00\" \/>\n<meta property=\"og:image\" content=\"https:\/\/www.hotelcentrale.sicilia.it\/wp-content\/uploads\/sites\/219\/2025\/03\/slide-hall.jpg\" \/>\n\t<meta property=\"og:image:width\" content=\"1800\" \/>\n\t<meta property=\"og:image:height\" content=\"1200\" \/>\n\t<meta property=\"og:image:type\" content=\"image\/jpeg\" \/>\n<meta name=\"twitter:card\" content=\"summary_large_image\" \/>\n<meta name=\"twitter:label1\" content=\"Dur\u00e9e de lecture estim\u00e9e\" \/>\n\t<meta name=\"twitter:data1\" content=\"1 minute\" \/>\n<script type=\"application\/ld+json\" class=\"yoast-schema-graph\">{\"@context\":\"https:\/\/schema.org\",\"@graph\":[{\"@type\":\"WebPage\",\"@id\":\"https:\/\/www.hotelcentrale.sicilia.it\/fr\/alcamo\/\",\"url\":\"https:\/\/www.hotelcentrale.sicilia.it\/fr\/alcamo\/\",\"name\":\"Alcamo &#8211; Hotel Centrale Alcamo\",\"isPartOf\":{\"@id\":\"https:\/\/www.hotelcentrale.sicilia.it\/fr\/#website\"},\"datePublished\":\"2025-03-11T16:32:00+00:00\",\"dateModified\":\"2025-04-30T08:15:36+00:00\",\"description\":\"De l\u2019H\u00f4tel Centrale on peut explorer la ville du vin et de l\u2019art: Alcamo, l\u2019une des communes les plus \u00e9vocateurs de la Sicile occidentale. Situ\u00e9 dans la province de Trapani, sur un plateau de 256 m, sur les pentes du mont Bonifato, consid\u00e9r\u00e9 comme le \u00ab\u00a0Toit de la Sicile occidentale.\u00a0\u00bb Son emplacement est consid\u00e9r\u00e9 comme strat\u00e9gique depuis l\u2019antiquit\u00e9 parce- que est \u00e9quitable de Trapani et Palerme, offrant des vues \u00e0 couper le souffle suspendu entre le ciel et la mer avec le magnifique paysage du Golfe de Castellammare, grav\u00e9 et bord\u00e9e \u00e0 l\u2019est de Punta Raisi et \u00e0 l\u2019ouest par le promontoire de Capo San Vito. Alcamo est connect\u00e9 \u00e0 l\u2019ouest de toute la Sicile par un r\u00e9seau autoroutier gratuit\",\"breadcrumb\":{\"@id\":\"https:\/\/www.hotelcentrale.sicilia.it\/fr\/alcamo\/#breadcrumb\"},\"inLanguage\":\"fr-FR\",\"potentialAction\":[{\"@type\":\"ReadAction\",\"target\":[\"https:\/\/www.hotelcentrale.sicilia.it\/fr\/alcamo\/\"]}]},{\"@type\":\"BreadcrumbList\",\"@id\":\"https:\/\/www.hotelcentrale.sicilia.it\/fr\/alcamo\/#breadcrumb\",\"itemListElement\":[{\"@type\":\"ListItem\",\"position\":1,\"name\":\"Home\",\"item\":\"https:\/\/www.hotelcentrale.sicilia.it\/fr\/\"},{\"@type\":\"ListItem\",\"position\":2,\"name\":\"Alcamo\"}]},{\"@type\":\"WebSite\",\"@id\":\"https:\/\/www.hotelcentrale.sicilia.it\/fr\/#website\",\"url\":\"https:\/\/www.hotelcentrale.sicilia.it\/fr\/\",\"name\":\"Hotel Centrale Alcamo\",\"description\":\"Hotel  4 stelle nel cuore della citt\u00e0\",\"publisher\":{\"@id\":\"https:\/\/www.hotelcentrale.sicilia.it\/fr\/#organization\"},\"alternateName\":\"Hotel Centrale Alcamo\",\"potentialAction\":[{\"@type\":\"SearchAction\",\"target\":{\"@type\":\"EntryPoint\",\"urlTemplate\":\"https:\/\/www.hotelcentrale.sicilia.it\/fr\/?s={search_term_string}\"},\"query-input\":\"required name=search_term_string\"}],\"inLanguage\":\"fr-FR\"},{\"@type\":\"Organization\",\"@id\":\"https:\/\/www.hotelcentrale.sicilia.it\/fr\/#organization\",\"name\":\"Hotel Centrale Alcamo\",\"url\":\"https:\/\/www.hotelcentrale.sicilia.it\/fr\/\",\"logo\":{\"@type\":\"ImageObject\",\"inLanguage\":\"fr-FR\",\"@id\":\"https:\/\/www.hotelcentrale.sicilia.it\/fr\/#\/schema\/logo\/image\/\",\"url\":\"https:\/\/hotel-centrale-alcamo.ms2.decms.eu\/wp-content\/uploads\/sites\/219\/2025\/02\/logo.png\",\"contentUrl\":\"https:\/\/hotel-centrale-alcamo.ms2.decms.eu\/wp-content\/uploads\/sites\/219\/2025\/02\/logo.png\",\"width\":200,\"height\":98,\"caption\":\"Hotel Centrale Alcamo\"},\"image\":{\"@id\":\"https:\/\/www.hotelcentrale.sicilia.it\/fr\/#\/schema\/logo\/image\/\"},\"sameAs\":[\"https:\/\/www.facebook.com\/hotelcentrale.alcamo\/\"]}]}<\/script>\n<!-- \/ Yoast SEO plugin. -->","yoast_head_json":{"title":"Alcamo &#8211; Hotel Centrale Alcamo","description":"De l\u2019H\u00f4tel Centrale on peut explorer la ville du vin et de l\u2019art: Alcamo, l\u2019une des communes les plus \u00e9vocateurs de la Sicile occidentale. Situ\u00e9 dans la province de Trapani, sur un plateau de 256 m, sur les pentes du mont Bonifato, consid\u00e9r\u00e9 comme le \u00ab\u00a0Toit de la Sicile occidentale.\u00a0\u00bb Son emplacement est consid\u00e9r\u00e9 comme strat\u00e9gique depuis l\u2019antiquit\u00e9 parce- que est \u00e9quitable de Trapani et Palerme, offrant des vues \u00e0 couper le souffle suspendu entre le ciel et la mer avec le magnifique paysage du Golfe de Castellammare, grav\u00e9 et bord\u00e9e \u00e0 l\u2019est de Punta Raisi et \u00e0 l\u2019ouest par le promontoire de Capo San Vito.  Alcamo est connect\u00e9 \u00e0 l\u2019ouest de toute la Sicile par un r\u00e9seau autoroutier gratuit","robots":{"index":"index","follow":"follow","max-snippet":"max-snippet:-1","max-image-preview":"max-image-preview:large","max-video-preview":"max-video-preview:-1"},"canonical":"https:\/\/www.hotelcentrale.sicilia.it\/fr\/alcamo\/","og_locale":"fr_FR","og_type":"article","og_title":"Alcamo &#8211; Hotel Centrale Alcamo","og_description":"De l\u2019H\u00f4tel Centrale on peut explorer la ville du vin et de l\u2019art: Alcamo, l\u2019une des communes les plus \u00e9vocateurs de la Sicile occidentale. Situ\u00e9 dans la province de Trapani, sur un plateau de 256 m, sur les pentes du mont Bonifato, consid\u00e9r\u00e9 comme le \u00ab\u00a0Toit de la Sicile occidentale.\u00a0\u00bb Son emplacement est consid\u00e9r\u00e9 comme strat\u00e9gique depuis l\u2019antiquit\u00e9 parce- que est \u00e9quitable de Trapani et Palerme, offrant des vues \u00e0 couper le souffle suspendu entre le ciel et la mer avec le magnifique paysage du Golfe de Castellammare, grav\u00e9 et bord\u00e9e \u00e0 l\u2019est de Punta Raisi et \u00e0 l\u2019ouest par le promontoire de Capo San Vito.  Alcamo est connect\u00e9 \u00e0 l\u2019ouest de toute la Sicile par un r\u00e9seau autoroutier gratuit","og_url":"https:\/\/www.hotelcentrale.sicilia.it\/fr\/alcamo\/","og_site_name":"Hotel Centrale Alcamo","article_publisher":"https:\/\/www.facebook.com\/hotelcentrale.alcamo\/","article_modified_time":"2025-04-30T08:15:36+00:00","og_image":[{"width":1800,"height":1200,"url":"https:\/\/www.hotelcentrale.sicilia.it\/wp-content\/uploads\/sites\/219\/2025\/03\/slide-hall.jpg","type":"image\/jpeg"}],"twitter_card":"summary_large_image","twitter_misc":{"Dur\u00e9e de lecture estim\u00e9e":"1 minute"},"schema":{"@context":"https:\/\/schema.org","@graph":[{"@type":"WebPage","@id":"https:\/\/www.hotelcentrale.sicilia.it\/fr\/alcamo\/","url":"https:\/\/www.hotelcentrale.sicilia.it\/fr\/alcamo\/","name":"Alcamo &#8211; Hotel Centrale Alcamo","isPartOf":{"@id":"https:\/\/www.hotelcentrale.sicilia.it\/fr\/#website"},"datePublished":"2025-03-11T16:32:00+00:00","dateModified":"2025-04-30T08:15:36+00:00","description":"De l\u2019H\u00f4tel Centrale on peut explorer la ville du vin et de l\u2019art: Alcamo, l\u2019une des communes les plus \u00e9vocateurs de la Sicile occidentale. Situ\u00e9 dans la province de Trapani, sur un plateau de 256 m, sur les pentes du mont Bonifato, consid\u00e9r\u00e9 comme le \u00ab\u00a0Toit de la Sicile occidentale.\u00a0\u00bb Son emplacement est consid\u00e9r\u00e9 comme strat\u00e9gique depuis l\u2019antiquit\u00e9 parce- que est \u00e9quitable de Trapani et Palerme, offrant des vues \u00e0 couper le souffle suspendu entre le ciel et la mer avec le magnifique paysage du Golfe de Castellammare, grav\u00e9 et bord\u00e9e \u00e0 l\u2019est de Punta Raisi et \u00e0 l\u2019ouest par le promontoire de Capo San Vito. Alcamo est connect\u00e9 \u00e0 l\u2019ouest de toute la Sicile par un r\u00e9seau autoroutier gratuit","breadcrumb":{"@id":"https:\/\/www.hotelcentrale.sicilia.it\/fr\/alcamo\/#breadcrumb"},"inLanguage":"fr-FR","potentialAction":[{"@type":"ReadAction","target":["https:\/\/www.hotelcentrale.sicilia.it\/fr\/alcamo\/"]}]},{"@type":"BreadcrumbList","@id":"https:\/\/www.hotelcentrale.sicilia.it\/fr\/alcamo\/#breadcrumb","itemListElement":[{"@type":"ListItem","position":1,"name":"Home","item":"https:\/\/www.hotelcentrale.sicilia.it\/fr\/"},{"@type":"ListItem","position":2,"name":"Alcamo"}]},{"@type":"WebSite","@id":"https:\/\/www.hotelcentrale.sicilia.it\/fr\/#website","url":"https:\/\/www.hotelcentrale.sicilia.it\/fr\/","name":"Hotel Centrale Alcamo","description":"Hotel  4 stelle nel cuore della citt\u00e0","publisher":{"@id":"https:\/\/www.hotelcentrale.sicilia.it\/fr\/#organization"},"alternateName":"Hotel Centrale Alcamo","potentialAction":[{"@type":"SearchAction","target":{"@type":"EntryPoint","urlTemplate":"https:\/\/www.hotelcentrale.sicilia.it\/fr\/?s={search_term_string}"},"query-input":"required name=search_term_string"}],"inLanguage":"fr-FR"},{"@type":"Organization","@id":"https:\/\/www.hotelcentrale.sicilia.it\/fr\/#organization","name":"Hotel Centrale Alcamo","url":"https:\/\/www.hotelcentrale.sicilia.it\/fr\/","logo":{"@type":"ImageObject","inLanguage":"fr-FR","@id":"https:\/\/www.hotelcentrale.sicilia.it\/fr\/#\/schema\/logo\/image\/","url":"https:\/\/hotel-centrale-alcamo.ms2.decms.eu\/wp-content\/uploads\/sites\/219\/2025\/02\/logo.png","contentUrl":"https:\/\/hotel-centrale-alcamo.ms2.decms.eu\/wp-content\/uploads\/sites\/219\/2025\/02\/logo.png","width":200,"height":98,"caption":"Hotel Centrale Alcamo"},"image":{"@id":"https:\/\/www.hotelcentrale.sicilia.it\/fr\/#\/schema\/logo\/image\/"},"sameAs":["https:\/\/www.facebook.com\/hotelcentrale.alcamo\/"]}]}},"acf":[],"_links":{"self":[{"href":"https:\/\/www.hotelcentrale.sicilia.it\/fr\/wp-json\/wp\/v2\/pages\/402"}],"collection":[{"href":"https:\/\/www.hotelcentrale.sicilia.it\/fr\/wp-json\/wp\/v2\/pages"}],"about":[{"href":"https:\/\/www.hotelcentrale.sicilia.it\/fr\/wp-json\/wp\/v2\/types\/page"}],"author":[{"embeddable":true,"href":"https:\/\/www.hotelcentrale.sicilia.it\/fr\/wp-json\/wp\/v2\/users\/199"}],"replies":[{"embeddable":true,"href":"https:\/\/www.hotelcentrale.sicilia.it\/fr\/wp-json\/wp\/v2\/comments?post=402"}],"version-history":[{"count":0,"href":"https:\/\/www.hotelcentrale.sicilia.it\/fr\/wp-json\/wp\/v2\/pages\/402\/revisions"}],"wp:attachment":[{"href":"https:\/\/www.hotelcentrale.sicilia.it\/fr\/wp-json\/wp\/v2\/media?parent=402"}],"curies":[{"name":"wp","href":"https:\/\/api.w.org\/{rel}","templated":true}]}}