{"id":497,"date":"2025-02-21T15:26:20","date_gmt":"2025-02-21T15:26:20","guid":{"rendered":"https:\/\/hotel-centrale-alcamo.ms2.decms.eu\/?page_id=497"},"modified":"2025-05-05T13:55:11","modified_gmt":"2025-05-05T13:55:11","slug":"restaurant","status":"publish","type":"page","link":"https:\/\/www.hotelcentrale.sicilia.it\/fr\/restaurant\/","title":{"rendered":"Restaurant \u00e0 Alcamo"},"content":{"rendered":"<p>Notre longue exp\u00e9rience dans le secteur de la restauration nous permet de cr\u00e9er et de servir des menus personnalis\u00e9s pour des groupes, banquets et \u00e9v\u00e9nements sp\u00e9ciaux. Nous sommes \u00e0 votre disposition pour organiser des communions, confirmations, anniversaires, f\u00eates de remise de dipl\u00f4mes, anniversaires, mariages, etc.<\/p>\n<p>Nos propositions vont de l&rsquo;ap\u00e9ritif simple mais copieux au buffet jusqu\u2019au d\u00eener de gala \u00e9l\u00e9gant, et nous serons heureux de vous guider avec professionnalisme dans la r\u00e9alisation de votre \u00e9v\u00e9nement.<\/p>\n","protected":false},"excerpt":{"rendered":"<p>Notre longue exp\u00e9rience dans le secteur de la restauration nous permet de cr\u00e9er et de servir des menus personnalis\u00e9s pour des groupes, banquets et \u00e9v\u00e9nements sp\u00e9ciaux. Nous sommes \u00e0 votre disposition pour organiser des communions, confirmations, anniversaires, f\u00eates de remise de dipl\u00f4mes, anniversaires, mariages, etc. Nos propositions vont de l&rsquo;ap\u00e9ritif simple mais copieux au buffet [&hellip;]<\/p>\n","protected":false},"author":12,"featured_media":0,"parent":0,"menu_order":20,"comment_status":"closed","ping_status":"closed","template":"template-single-restaurant.php","meta":{"footnotes":""},"yoast_head":"<!-- This site is optimized with the Yoast SEO plugin v22.3 - https:\/\/yoast.com\/wordpress\/plugins\/seo\/ -->\n<title>Restaurant \u00e0 Alcamo &#8211; Hotel Centrale Alcamo<\/title>\n<meta name=\"description\" content=\"Notre longue exp\u00e9rience dans le secteur de la restauration nous permet de cr\u00e9er et de servir des menus personnalis\u00e9s pour des groupes, banquets et \u00e9v\u00e9nements sp\u00e9ciaux. Nous sommes \u00e0 votre disposition pour organiser des communions, confirmations, anniversaires, f\u00eates de remise de dipl\u00f4mes, anniversaires, mariages, etc.  Nos propositions vont de l&#039;ap\u00e9ritif simple mais copieux au buffet jusqu\u2019au d\u00eener de gala \u00e9l\u00e9gant, et nous serons heureux de vous guider avec professionnalisme dans la r\u00e9alisation de votre \u00e9v\u00e9nement.\" \/>\n<meta name=\"robots\" content=\"index, follow, max-snippet:-1, max-image-preview:large, max-video-preview:-1\" \/>\n<link rel=\"canonical\" href=\"https:\/\/www.hotelcentrale.sicilia.it\/fr\/restaurant\/\" \/>\n<meta property=\"og:locale\" content=\"fr_FR\" \/>\n<meta property=\"og:type\" content=\"article\" \/>\n<meta property=\"og:title\" content=\"Restaurant \u00e0 Alcamo &#8211; Hotel Centrale Alcamo\" \/>\n<meta property=\"og:description\" content=\"Notre longue exp\u00e9rience dans le secteur de la restauration nous permet de cr\u00e9er et de servir des menus personnalis\u00e9s pour des groupes, banquets et \u00e9v\u00e9nements sp\u00e9ciaux. Nous sommes \u00e0 votre disposition pour organiser des communions, confirmations, anniversaires, f\u00eates de remise de dipl\u00f4mes, anniversaires, mariages, etc.  Nos propositions vont de l&#039;ap\u00e9ritif simple mais copieux au buffet jusqu\u2019au d\u00eener de gala \u00e9l\u00e9gant, et nous serons heureux de vous guider avec professionnalisme dans la r\u00e9alisation de votre \u00e9v\u00e9nement.\" \/>\n<meta property=\"og:url\" content=\"https:\/\/www.hotelcentrale.sicilia.it\/fr\/restaurant\/\" \/>\n<meta property=\"og:site_name\" content=\"Hotel Centrale Alcamo\" \/>\n<meta property=\"article:publisher\" content=\"https:\/\/www.facebook.com\/hotelcentrale.alcamo\/\" \/>\n<meta property=\"article:modified_time\" content=\"2025-05-05T13:55:11+00:00\" \/>\n<meta property=\"og:image\" content=\"https:\/\/www.hotelcentrale.sicilia.it\/wp-content\/uploads\/sites\/219\/2025\/03\/slide-hall.jpg\" \/>\n\t<meta property=\"og:image:width\" content=\"1800\" \/>\n\t<meta property=\"og:image:height\" content=\"1200\" \/>\n\t<meta property=\"og:image:type\" content=\"image\/jpeg\" \/>\n<meta name=\"twitter:card\" content=\"summary_large_image\" \/>\n<meta name=\"twitter:label1\" content=\"Dur\u00e9e de lecture estim\u00e9e\" \/>\n\t<meta name=\"twitter:data1\" content=\"1 minute\" \/>\n<script type=\"application\/ld+json\" class=\"yoast-schema-graph\">{\"@context\":\"https:\/\/schema.org\",\"@graph\":[{\"@type\":\"WebPage\",\"@id\":\"https:\/\/www.hotelcentrale.sicilia.it\/fr\/restaurant\/\",\"url\":\"https:\/\/www.hotelcentrale.sicilia.it\/fr\/restaurant\/\",\"name\":\"Restaurant \u00e0 Alcamo &#8211; Hotel Centrale Alcamo\",\"isPartOf\":{\"@id\":\"https:\/\/www.hotelcentrale.sicilia.it\/fr\/#website\"},\"datePublished\":\"2025-02-21T15:26:20+00:00\",\"dateModified\":\"2025-05-05T13:55:11+00:00\",\"description\":\"Notre longue exp\u00e9rience dans le secteur de la restauration nous permet de cr\u00e9er et de servir des menus personnalis\u00e9s pour des groupes, banquets et \u00e9v\u00e9nements sp\u00e9ciaux. Nous sommes \u00e0 votre disposition pour organiser des communions, confirmations, anniversaires, f\u00eates de remise de dipl\u00f4mes, anniversaires, mariages, etc. Nos propositions vont de l'ap\u00e9ritif simple mais copieux au buffet jusqu\u2019au d\u00eener de gala \u00e9l\u00e9gant, et nous serons heureux de vous guider avec professionnalisme dans la r\u00e9alisation de votre \u00e9v\u00e9nement.\",\"breadcrumb\":{\"@id\":\"https:\/\/www.hotelcentrale.sicilia.it\/fr\/restaurant\/#breadcrumb\"},\"inLanguage\":\"fr-FR\",\"potentialAction\":[{\"@type\":\"ReadAction\",\"target\":[\"https:\/\/www.hotelcentrale.sicilia.it\/fr\/restaurant\/\"]}]},{\"@type\":\"BreadcrumbList\",\"@id\":\"https:\/\/www.hotelcentrale.sicilia.it\/fr\/restaurant\/#breadcrumb\",\"itemListElement\":[{\"@type\":\"ListItem\",\"position\":1,\"name\":\"Home\",\"item\":\"https:\/\/www.hotelcentrale.sicilia.it\/fr\/\"},{\"@type\":\"ListItem\",\"position\":2,\"name\":\"Restaurant \u00e0 Alcamo\"}]},{\"@type\":\"WebSite\",\"@id\":\"https:\/\/www.hotelcentrale.sicilia.it\/fr\/#website\",\"url\":\"https:\/\/www.hotelcentrale.sicilia.it\/fr\/\",\"name\":\"Hotel Centrale Alcamo\",\"description\":\"Hotel  4 stelle nel cuore della citt\u00e0\",\"publisher\":{\"@id\":\"https:\/\/www.hotelcentrale.sicilia.it\/fr\/#organization\"},\"alternateName\":\"Hotel Centrale Alcamo\",\"potentialAction\":[{\"@type\":\"SearchAction\",\"target\":{\"@type\":\"EntryPoint\",\"urlTemplate\":\"https:\/\/www.hotelcentrale.sicilia.it\/fr\/?s={search_term_string}\"},\"query-input\":\"required name=search_term_string\"}],\"inLanguage\":\"fr-FR\"},{\"@type\":\"Organization\",\"@id\":\"https:\/\/www.hotelcentrale.sicilia.it\/fr\/#organization\",\"name\":\"Hotel Centrale Alcamo\",\"url\":\"https:\/\/www.hotelcentrale.sicilia.it\/fr\/\",\"logo\":{\"@type\":\"ImageObject\",\"inLanguage\":\"fr-FR\",\"@id\":\"https:\/\/www.hotelcentrale.sicilia.it\/fr\/#\/schema\/logo\/image\/\",\"url\":\"https:\/\/hotel-centrale-alcamo.ms2.decms.eu\/wp-content\/uploads\/sites\/219\/2025\/02\/logo.png\",\"contentUrl\":\"https:\/\/hotel-centrale-alcamo.ms2.decms.eu\/wp-content\/uploads\/sites\/219\/2025\/02\/logo.png\",\"width\":200,\"height\":98,\"caption\":\"Hotel Centrale Alcamo\"},\"image\":{\"@id\":\"https:\/\/www.hotelcentrale.sicilia.it\/fr\/#\/schema\/logo\/image\/\"},\"sameAs\":[\"https:\/\/www.facebook.com\/hotelcentrale.alcamo\/\"]}]}<\/script>\n<!-- \/ Yoast SEO plugin. -->","yoast_head_json":{"title":"Restaurant \u00e0 Alcamo &#8211; Hotel Centrale Alcamo","description":"Notre longue exp\u00e9rience dans le secteur de la restauration nous permet de cr\u00e9er et de servir des menus personnalis\u00e9s pour des groupes, banquets et \u00e9v\u00e9nements sp\u00e9ciaux. Nous sommes \u00e0 votre disposition pour organiser des communions, confirmations, anniversaires, f\u00eates de remise de dipl\u00f4mes, anniversaires, mariages, etc.  Nos propositions vont de l'ap\u00e9ritif simple mais copieux au buffet jusqu\u2019au d\u00eener de gala \u00e9l\u00e9gant, et nous serons heureux de vous guider avec professionnalisme dans la r\u00e9alisation de votre \u00e9v\u00e9nement.","robots":{"index":"index","follow":"follow","max-snippet":"max-snippet:-1","max-image-preview":"max-image-preview:large","max-video-preview":"max-video-preview:-1"},"canonical":"https:\/\/www.hotelcentrale.sicilia.it\/fr\/restaurant\/","og_locale":"fr_FR","og_type":"article","og_title":"Restaurant \u00e0 Alcamo &#8211; Hotel Centrale Alcamo","og_description":"Notre longue exp\u00e9rience dans le secteur de la restauration nous permet de cr\u00e9er et de servir des menus personnalis\u00e9s pour des groupes, banquets et \u00e9v\u00e9nements sp\u00e9ciaux. Nous sommes \u00e0 votre disposition pour organiser des communions, confirmations, anniversaires, f\u00eates de remise de dipl\u00f4mes, anniversaires, mariages, etc.  Nos propositions vont de l'ap\u00e9ritif simple mais copieux au buffet jusqu\u2019au d\u00eener de gala \u00e9l\u00e9gant, et nous serons heureux de vous guider avec professionnalisme dans la r\u00e9alisation de votre \u00e9v\u00e9nement.","og_url":"https:\/\/www.hotelcentrale.sicilia.it\/fr\/restaurant\/","og_site_name":"Hotel Centrale Alcamo","article_publisher":"https:\/\/www.facebook.com\/hotelcentrale.alcamo\/","article_modified_time":"2025-05-05T13:55:11+00:00","og_image":[{"width":1800,"height":1200,"url":"https:\/\/www.hotelcentrale.sicilia.it\/wp-content\/uploads\/sites\/219\/2025\/03\/slide-hall.jpg","type":"image\/jpeg"}],"twitter_card":"summary_large_image","twitter_misc":{"Dur\u00e9e de lecture estim\u00e9e":"1 minute"},"schema":{"@context":"https:\/\/schema.org","@graph":[{"@type":"WebPage","@id":"https:\/\/www.hotelcentrale.sicilia.it\/fr\/restaurant\/","url":"https:\/\/www.hotelcentrale.sicilia.it\/fr\/restaurant\/","name":"Restaurant \u00e0 Alcamo &#8211; Hotel Centrale Alcamo","isPartOf":{"@id":"https:\/\/www.hotelcentrale.sicilia.it\/fr\/#website"},"datePublished":"2025-02-21T15:26:20+00:00","dateModified":"2025-05-05T13:55:11+00:00","description":"Notre longue exp\u00e9rience dans le secteur de la restauration nous permet de cr\u00e9er et de servir des menus personnalis\u00e9s pour des groupes, banquets et \u00e9v\u00e9nements sp\u00e9ciaux. Nous sommes \u00e0 votre disposition pour organiser des communions, confirmations, anniversaires, f\u00eates de remise de dipl\u00f4mes, anniversaires, mariages, etc. Nos propositions vont de l'ap\u00e9ritif simple mais copieux au buffet jusqu\u2019au d\u00eener de gala \u00e9l\u00e9gant, et nous serons heureux de vous guider avec professionnalisme dans la r\u00e9alisation de votre \u00e9v\u00e9nement.","breadcrumb":{"@id":"https:\/\/www.hotelcentrale.sicilia.it\/fr\/restaurant\/#breadcrumb"},"inLanguage":"fr-FR","potentialAction":[{"@type":"ReadAction","target":["https:\/\/www.hotelcentrale.sicilia.it\/fr\/restaurant\/"]}]},{"@type":"BreadcrumbList","@id":"https:\/\/www.hotelcentrale.sicilia.it\/fr\/restaurant\/#breadcrumb","itemListElement":[{"@type":"ListItem","position":1,"name":"Home","item":"https:\/\/www.hotelcentrale.sicilia.it\/fr\/"},{"@type":"ListItem","position":2,"name":"Restaurant \u00e0 Alcamo"}]},{"@type":"WebSite","@id":"https:\/\/www.hotelcentrale.sicilia.it\/fr\/#website","url":"https:\/\/www.hotelcentrale.sicilia.it\/fr\/","name":"Hotel Centrale Alcamo","description":"Hotel  4 stelle nel cuore della citt\u00e0","publisher":{"@id":"https:\/\/www.hotelcentrale.sicilia.it\/fr\/#organization"},"alternateName":"Hotel Centrale Alcamo","potentialAction":[{"@type":"SearchAction","target":{"@type":"EntryPoint","urlTemplate":"https:\/\/www.hotelcentrale.sicilia.it\/fr\/?s={search_term_string}"},"query-input":"required name=search_term_string"}],"inLanguage":"fr-FR"},{"@type":"Organization","@id":"https:\/\/www.hotelcentrale.sicilia.it\/fr\/#organization","name":"Hotel Centrale Alcamo","url":"https:\/\/www.hotelcentrale.sicilia.it\/fr\/","logo":{"@type":"ImageObject","inLanguage":"fr-FR","@id":"https:\/\/www.hotelcentrale.sicilia.it\/fr\/#\/schema\/logo\/image\/","url":"https:\/\/hotel-centrale-alcamo.ms2.decms.eu\/wp-content\/uploads\/sites\/219\/2025\/02\/logo.png","contentUrl":"https:\/\/hotel-centrale-alcamo.ms2.decms.eu\/wp-content\/uploads\/sites\/219\/2025\/02\/logo.png","width":200,"height":98,"caption":"Hotel Centrale Alcamo"},"image":{"@id":"https:\/\/www.hotelcentrale.sicilia.it\/fr\/#\/schema\/logo\/image\/"},"sameAs":["https:\/\/www.facebook.com\/hotelcentrale.alcamo\/"]}]}},"acf":[],"_links":{"self":[{"href":"https:\/\/www.hotelcentrale.sicilia.it\/fr\/wp-json\/wp\/v2\/pages\/497"}],"collection":[{"href":"https:\/\/www.hotelcentrale.sicilia.it\/fr\/wp-json\/wp\/v2\/pages"}],"about":[{"href":"https:\/\/www.hotelcentrale.sicilia.it\/fr\/wp-json\/wp\/v2\/types\/page"}],"author":[{"embeddable":true,"href":"https:\/\/www.hotelcentrale.sicilia.it\/fr\/wp-json\/wp\/v2\/users\/12"}],"replies":[{"embeddable":true,"href":"https:\/\/www.hotelcentrale.sicilia.it\/fr\/wp-json\/wp\/v2\/comments?post=497"}],"version-history":[{"count":0,"href":"https:\/\/www.hotelcentrale.sicilia.it\/fr\/wp-json\/wp\/v2\/pages\/497\/revisions"}],"wp:attachment":[{"href":"https:\/\/www.hotelcentrale.sicilia.it\/fr\/wp-json\/wp\/v2\/media?parent=497"}],"curies":[{"name":"wp","href":"https:\/\/api.w.org\/{rel}","templated":true}]}}