{"id":511,"date":"2025-03-07T09:42:15","date_gmt":"2025-03-07T09:42:15","guid":{"rendered":"https:\/\/hotel-centrale-alcamo.ms2.decms.eu\/?page_id=511"},"modified":"2025-04-30T13:35:21","modified_gmt":"2025-04-30T13:35:21","slug":"forfait-bien-etre-un-toucher-de-paradis","status":"publish","type":"page","link":"https:\/\/www.hotelcentrale.sicilia.it\/fr\/experiences-bien-etre\/forfait-bien-etre-un-toucher-de-paradis\/","title":{"rendered":"Forfait Bien-\u00eatre Un Toucher de Paradis"},"content":{"rendered":"<p><em>Le forfait comprend :<\/em><\/p>\n<ul>\n<li>Une exp\u00e9rience Bien-\u00eatre Priv\u00e9e de 60 minutes avec un verre de Prosecco offert,<\/li>\n<li>Massaggio Relax di coppia 30 min. ,<\/li>\n<li>Nuit dans la chambre r\u00e9serv\u00e9e,<\/li>\n<li>Petit-d\u00e9jeuner buffet copieux,<\/li>\n<li>D\u00eener au raffin\u00e9 Restaurant de l&rsquo;Hotel Centrale (boissons non incluses). De mai \u00e0 octobre, le d\u00eener sera servi sur notre terrasse panoramique.<\/li>\n<\/ul>\n<p><strong>259,00 \u20ac par couple<\/strong><\/p>\n","protected":false},"excerpt":{"rendered":"<p>Le forfait comprend : Une exp\u00e9rience Bien-\u00eatre Priv\u00e9e de 60 minutes avec un verre de Prosecco offert, Massaggio Relax di coppia 30 min. , Nuit dans la chambre r\u00e9serv\u00e9e, Petit-d\u00e9jeuner buffet copieux, D\u00eener au raffin\u00e9 Restaurant de l&rsquo;Hotel Centrale (boissons non incluses). De mai \u00e0 octobre, le d\u00eener sera servi sur notre terrasse panoramique. 259,00 [&hellip;]<\/p>\n","protected":false},"author":12,"featured_media":0,"parent":303,"menu_order":55,"comment_status":"closed","ping_status":"closed","template":"template-default-2.php","meta":{"footnotes":""},"class_list":["post-511","page","type-page","status-publish","hentry"],"yoast_head":"<!-- This site is optimized with the Yoast SEO plugin v22.3 - https:\/\/yoast.com\/wordpress\/plugins\/seo\/ -->\n<title>Forfait Bien-\u00eatre Un Toucher de Paradis &#8211; Hotel Centrale Alcamo<\/title>\n<meta name=\"description\" content=\"Le forfait comprend :   Une exp\u00e9rience Bien-\u00eatre Priv\u00e9e de 60 minutes avec un verre de Prosecco offert,  Massaggio Relax di coppia 30 min. ,  Nuit dans la chambre r\u00e9serv\u00e9e,  Petit-d\u00e9jeuner buffet copieux,  D\u00eener au raffin\u00e9 Restaurant de l&#039;Hotel Centrale (boissons non incluses)\" \/>\n<meta name=\"robots\" content=\"index, follow, max-snippet:-1, max-image-preview:large, max-video-preview:-1\" \/>\n<link rel=\"canonical\" href=\"https:\/\/www.hotelcentrale.sicilia.it\/fr\/experiences-bien-etre\/forfait-bien-etre-un-toucher-de-paradis\/\" \/>\n<meta property=\"og:locale\" content=\"fr_FR\" \/>\n<meta property=\"og:type\" content=\"article\" \/>\n<meta property=\"og:title\" content=\"Forfait Bien-\u00eatre Un Toucher de Paradis &#8211; Hotel Centrale Alcamo\" \/>\n<meta property=\"og:description\" content=\"Le forfait comprend :   Une exp\u00e9rience Bien-\u00eatre Priv\u00e9e de 60 minutes avec un verre de Prosecco offert,  Massaggio Relax di coppia 30 min. ,  Nuit dans la chambre r\u00e9serv\u00e9e,  Petit-d\u00e9jeuner buffet copieux,  D\u00eener au raffin\u00e9 Restaurant de l&#039;Hotel Centrale (boissons non incluses)\" \/>\n<meta property=\"og:url\" content=\"https:\/\/www.hotelcentrale.sicilia.it\/fr\/experiences-bien-etre\/forfait-bien-etre-un-toucher-de-paradis\/\" \/>\n<meta property=\"og:site_name\" content=\"Hotel Centrale Alcamo\" \/>\n<meta property=\"article:publisher\" content=\"https:\/\/www.facebook.com\/hotelcentrale.alcamo\/\" \/>\n<meta property=\"article:modified_time\" content=\"2025-04-30T13:35:21+00:00\" \/>\n<meta property=\"og:image\" content=\"https:\/\/www.hotelcentrale.sicilia.it\/wp-content\/uploads\/sites\/219\/2025\/03\/slide-hall.jpg\" \/>\n\t<meta property=\"og:image:width\" content=\"1800\" \/>\n\t<meta property=\"og:image:height\" content=\"1200\" \/>\n\t<meta property=\"og:image:type\" content=\"image\/jpeg\" \/>\n<meta name=\"twitter:card\" content=\"summary_large_image\" \/>\n<script type=\"application\/ld+json\" class=\"yoast-schema-graph\">{\"@context\":\"https:\/\/schema.org\",\"@graph\":[{\"@type\":\"WebPage\",\"@id\":\"https:\/\/www.hotelcentrale.sicilia.it\/fr\/experiences-bien-etre\/forfait-bien-etre-un-toucher-de-paradis\/\",\"url\":\"https:\/\/www.hotelcentrale.sicilia.it\/fr\/experiences-bien-etre\/forfait-bien-etre-un-toucher-de-paradis\/\",\"name\":\"Forfait Bien-\u00eatre Un Toucher de Paradis &#8211; Hotel Centrale Alcamo\",\"isPartOf\":{\"@id\":\"https:\/\/www.hotelcentrale.sicilia.it\/fr\/#website\"},\"datePublished\":\"2025-03-07T09:42:15+00:00\",\"dateModified\":\"2025-04-30T13:35:21+00:00\",\"description\":\"Le forfait comprend : \u2022 Une exp\u00e9rience Bien-\u00eatre Priv\u00e9e de 60 minutes avec un verre de Prosecco offert, \u2022 Massaggio Relax di coppia 30 min. , \u2022 Nuit dans la chambre r\u00e9serv\u00e9e, \u2022 Petit-d\u00e9jeuner buffet copieux, \u2022 D\u00eener au raffin\u00e9 Restaurant de l'Hotel Centrale (boissons non incluses)\",\"breadcrumb\":{\"@id\":\"https:\/\/www.hotelcentrale.sicilia.it\/fr\/experiences-bien-etre\/forfait-bien-etre-un-toucher-de-paradis\/#breadcrumb\"},\"inLanguage\":\"fr-FR\",\"potentialAction\":[{\"@type\":\"ReadAction\",\"target\":[\"https:\/\/www.hotelcentrale.sicilia.it\/fr\/experiences-bien-etre\/forfait-bien-etre-un-toucher-de-paradis\/\"]}]},{\"@type\":\"BreadcrumbList\",\"@id\":\"https:\/\/www.hotelcentrale.sicilia.it\/fr\/experiences-bien-etre\/forfait-bien-etre-un-toucher-de-paradis\/#breadcrumb\",\"itemListElement\":[{\"@type\":\"ListItem\",\"position\":1,\"name\":\"Home\",\"item\":\"https:\/\/www.hotelcentrale.sicilia.it\/fr\/\"},{\"@type\":\"ListItem\",\"position\":2,\"name\":\"Exp\u00e9riences Bien-\u00catre\",\"item\":\"https:\/\/www.hotelcentrale.sicilia.it\/fr\/pacchetti-benessere\/\"},{\"@type\":\"ListItem\",\"position\":3,\"name\":\"Forfait Bien-\u00eatre Un Toucher de Paradis\"}]},{\"@type\":\"WebSite\",\"@id\":\"https:\/\/www.hotelcentrale.sicilia.it\/fr\/#website\",\"url\":\"https:\/\/www.hotelcentrale.sicilia.it\/fr\/\",\"name\":\"Hotel Centrale Alcamo\",\"description\":\"Hotel  4 stelle nel cuore della citt\u00e0\",\"publisher\":{\"@id\":\"https:\/\/www.hotelcentrale.sicilia.it\/fr\/#organization\"},\"alternateName\":\"Hotel Centrale Alcamo\",\"potentialAction\":[{\"@type\":\"SearchAction\",\"target\":{\"@type\":\"EntryPoint\",\"urlTemplate\":\"https:\/\/www.hotelcentrale.sicilia.it\/fr\/?s={search_term_string}\"},\"query-input\":\"required name=search_term_string\"}],\"inLanguage\":\"fr-FR\"},{\"@type\":\"Organization\",\"@id\":\"https:\/\/www.hotelcentrale.sicilia.it\/fr\/#organization\",\"name\":\"Hotel Centrale Alcamo\",\"url\":\"https:\/\/www.hotelcentrale.sicilia.it\/fr\/\",\"logo\":{\"@type\":\"ImageObject\",\"inLanguage\":\"fr-FR\",\"@id\":\"https:\/\/www.hotelcentrale.sicilia.it\/fr\/#\/schema\/logo\/image\/\",\"url\":\"https:\/\/hotel-centrale-alcamo.ms2.decms.eu\/wp-content\/uploads\/sites\/219\/2025\/02\/logo.png\",\"contentUrl\":\"https:\/\/hotel-centrale-alcamo.ms2.decms.eu\/wp-content\/uploads\/sites\/219\/2025\/02\/logo.png\",\"width\":200,\"height\":98,\"caption\":\"Hotel Centrale Alcamo\"},\"image\":{\"@id\":\"https:\/\/www.hotelcentrale.sicilia.it\/fr\/#\/schema\/logo\/image\/\"},\"sameAs\":[\"https:\/\/www.facebook.com\/hotelcentrale.alcamo\/\"]}]}<\/script>\n<!-- \/ Yoast SEO plugin. -->","yoast_head_json":{"title":"Forfait Bien-\u00eatre Un Toucher de Paradis &#8211; Hotel Centrale Alcamo","description":"Le forfait comprend :   Une exp\u00e9rience Bien-\u00eatre Priv\u00e9e de 60 minutes avec un verre de Prosecco offert,  Massaggio Relax di coppia 30 min. ,  Nuit dans la chambre r\u00e9serv\u00e9e,  Petit-d\u00e9jeuner buffet copieux,  D\u00eener au raffin\u00e9 Restaurant de l'Hotel Centrale (boissons non incluses)","robots":{"index":"index","follow":"follow","max-snippet":"max-snippet:-1","max-image-preview":"max-image-preview:large","max-video-preview":"max-video-preview:-1"},"canonical":"https:\/\/www.hotelcentrale.sicilia.it\/fr\/experiences-bien-etre\/forfait-bien-etre-un-toucher-de-paradis\/","og_locale":"fr_FR","og_type":"article","og_title":"Forfait Bien-\u00eatre Un Toucher de Paradis &#8211; Hotel Centrale Alcamo","og_description":"Le forfait comprend :   Une exp\u00e9rience Bien-\u00eatre Priv\u00e9e de 60 minutes avec un verre de Prosecco offert,  Massaggio Relax di coppia 30 min. ,  Nuit dans la chambre r\u00e9serv\u00e9e,  Petit-d\u00e9jeuner buffet copieux,  D\u00eener au raffin\u00e9 Restaurant de l'Hotel Centrale (boissons non incluses)","og_url":"https:\/\/www.hotelcentrale.sicilia.it\/fr\/experiences-bien-etre\/forfait-bien-etre-un-toucher-de-paradis\/","og_site_name":"Hotel Centrale Alcamo","article_publisher":"https:\/\/www.facebook.com\/hotelcentrale.alcamo\/","article_modified_time":"2025-04-30T13:35:21+00:00","og_image":[{"width":1800,"height":1200,"url":"https:\/\/www.hotelcentrale.sicilia.it\/wp-content\/uploads\/sites\/219\/2025\/03\/slide-hall.jpg","type":"image\/jpeg"}],"twitter_card":"summary_large_image","schema":{"@context":"https:\/\/schema.org","@graph":[{"@type":"WebPage","@id":"https:\/\/www.hotelcentrale.sicilia.it\/fr\/experiences-bien-etre\/forfait-bien-etre-un-toucher-de-paradis\/","url":"https:\/\/www.hotelcentrale.sicilia.it\/fr\/experiences-bien-etre\/forfait-bien-etre-un-toucher-de-paradis\/","name":"Forfait Bien-\u00eatre Un Toucher de Paradis &#8211; Hotel Centrale Alcamo","isPartOf":{"@id":"https:\/\/www.hotelcentrale.sicilia.it\/fr\/#website"},"datePublished":"2025-03-07T09:42:15+00:00","dateModified":"2025-04-30T13:35:21+00:00","description":"Le forfait comprend : \u2022 Une exp\u00e9rience Bien-\u00eatre Priv\u00e9e de 60 minutes avec un verre de Prosecco offert, \u2022 Massaggio Relax di coppia 30 min. , \u2022 Nuit dans la chambre r\u00e9serv\u00e9e, \u2022 Petit-d\u00e9jeuner buffet copieux, \u2022 D\u00eener au raffin\u00e9 Restaurant de l'Hotel Centrale (boissons non incluses)","breadcrumb":{"@id":"https:\/\/www.hotelcentrale.sicilia.it\/fr\/experiences-bien-etre\/forfait-bien-etre-un-toucher-de-paradis\/#breadcrumb"},"inLanguage":"fr-FR","potentialAction":[{"@type":"ReadAction","target":["https:\/\/www.hotelcentrale.sicilia.it\/fr\/experiences-bien-etre\/forfait-bien-etre-un-toucher-de-paradis\/"]}]},{"@type":"BreadcrumbList","@id":"https:\/\/www.hotelcentrale.sicilia.it\/fr\/experiences-bien-etre\/forfait-bien-etre-un-toucher-de-paradis\/#breadcrumb","itemListElement":[{"@type":"ListItem","position":1,"name":"Home","item":"https:\/\/www.hotelcentrale.sicilia.it\/fr\/"},{"@type":"ListItem","position":2,"name":"Exp\u00e9riences Bien-\u00catre","item":"https:\/\/www.hotelcentrale.sicilia.it\/fr\/pacchetti-benessere\/"},{"@type":"ListItem","position":3,"name":"Forfait Bien-\u00eatre Un Toucher de Paradis"}]},{"@type":"WebSite","@id":"https:\/\/www.hotelcentrale.sicilia.it\/fr\/#website","url":"https:\/\/www.hotelcentrale.sicilia.it\/fr\/","name":"Hotel Centrale Alcamo","description":"Hotel  4 stelle nel cuore della citt\u00e0","publisher":{"@id":"https:\/\/www.hotelcentrale.sicilia.it\/fr\/#organization"},"alternateName":"Hotel Centrale Alcamo","potentialAction":[{"@type":"SearchAction","target":{"@type":"EntryPoint","urlTemplate":"https:\/\/www.hotelcentrale.sicilia.it\/fr\/?s={search_term_string}"},"query-input":"required name=search_term_string"}],"inLanguage":"fr-FR"},{"@type":"Organization","@id":"https:\/\/www.hotelcentrale.sicilia.it\/fr\/#organization","name":"Hotel Centrale Alcamo","url":"https:\/\/www.hotelcentrale.sicilia.it\/fr\/","logo":{"@type":"ImageObject","inLanguage":"fr-FR","@id":"https:\/\/www.hotelcentrale.sicilia.it\/fr\/#\/schema\/logo\/image\/","url":"https:\/\/hotel-centrale-alcamo.ms2.decms.eu\/wp-content\/uploads\/sites\/219\/2025\/02\/logo.png","contentUrl":"https:\/\/hotel-centrale-alcamo.ms2.decms.eu\/wp-content\/uploads\/sites\/219\/2025\/02\/logo.png","width":200,"height":98,"caption":"Hotel Centrale Alcamo"},"image":{"@id":"https:\/\/www.hotelcentrale.sicilia.it\/fr\/#\/schema\/logo\/image\/"},"sameAs":["https:\/\/www.facebook.com\/hotelcentrale.alcamo\/"]}]}},"acf":[],"_links":{"self":[{"href":"https:\/\/www.hotelcentrale.sicilia.it\/fr\/wp-json\/wp\/v2\/pages\/511","targetHints":{"allow":["GET"]}}],"collection":[{"href":"https:\/\/www.hotelcentrale.sicilia.it\/fr\/wp-json\/wp\/v2\/pages"}],"about":[{"href":"https:\/\/www.hotelcentrale.sicilia.it\/fr\/wp-json\/wp\/v2\/types\/page"}],"author":[{"embeddable":true,"href":"https:\/\/www.hotelcentrale.sicilia.it\/fr\/wp-json\/wp\/v2\/users\/12"}],"replies":[{"embeddable":true,"href":"https:\/\/www.hotelcentrale.sicilia.it\/fr\/wp-json\/wp\/v2\/comments?post=511"}],"version-history":[{"count":0,"href":"https:\/\/www.hotelcentrale.sicilia.it\/fr\/wp-json\/wp\/v2\/pages\/511\/revisions"}],"up":[{"embeddable":true,"href":"https:\/\/www.hotelcentrale.sicilia.it\/fr\/wp-json\/wp\/v2\/pages\/303"}],"wp:attachment":[{"href":"https:\/\/www.hotelcentrale.sicilia.it\/fr\/wp-json\/wp\/v2\/media?parent=511"}],"curies":[{"name":"wp","href":"https:\/\/api.w.org\/{rel}","templated":true}]}}