{"id":521,"date":"2025-03-07T10:18:31","date_gmt":"2025-03-07T10:18:31","guid":{"rendered":"https:\/\/hotel-centrale-alcamo.ms2.decms.eu\/?page_id=521"},"modified":"2025-05-02T08:56:50","modified_gmt":"2025-05-02T08:56:50","slug":"vins-bien-etre","status":"publish","type":"page","link":"https:\/\/www.hotelcentrale.sicilia.it\/fr\/offres-speciales\/vins-bien-etre\/","title":{"rendered":"Vins &#038; Bien-\u00eatre"},"content":{"rendered":"<p class=\"\" data-start=\"91\" data-end=\"236\">Nous avons imagin\u00e9 pour vous des forfaits qui marient l\u2019excellence gastronomique de notre terroir \u00e0 la s\u00e9r\u00e9nit\u00e9 et au bien-\u00eatre de notre Spa.<\/p>\n<p class=\"\" data-start=\"238\" data-end=\"271\">En partenariat avec <a href=\"https:\/\/www.facebook.com\/AdamoBioAlcamo?__cft__%5b0%5d=AZV1hCkoA1PTg6gSGPtq2RGSUWpTBglIIJ5rNgjBDxLKXl3hKNE7IorWvoSSi2OptjVDrbt14EyTMyeA4xKuCLiwd-GVYwoK3LxVQzC4ehYIZ8w8XphvjMtwd_cLkm44M8c&amp;__tn__=-%5dK-R\">Adamo Bio<\/a><\/p>\n<p data-start=\"238\" data-end=\"271\">Vous visiterez le Baglio historique, anciennement le domaine des Cantines Florio, et d\u00e9gusterez d&rsquo;excellents produits biologiques de l&rsquo;exploitation, \u00e0 z\u00e9ro kilom\u00e8tre, tout en \u00e9tant s\u00e9duit par l\u2019endroit.<\/p>\n<p class=\"\" data-start=\"466\" data-end=\"593\">Plongez dans l\u2019art culinaire sicilien gr\u00e2ce \u00e0 un cours de cuisine, o\u00f9 vous apprendrez les secrets des recettes traditionnelles.<\/p>\n<p class=\"\" data-start=\"595\" data-end=\"654\">Enfin, profitez d\u2019un moment de pure d\u00e9tente dans notre Spa.<\/p>\n","protected":false},"excerpt":{"rendered":"<p>Nous avons imagin\u00e9 pour vous des forfaits qui marient l\u2019excellence gastronomique de notre terroir \u00e0 la s\u00e9r\u00e9nit\u00e9 et au bien-\u00eatre de notre Spa. En partenariat avec Adamo Bio Vous visiterez le Baglio historique, anciennement le domaine des Cantines Florio, et d\u00e9gusterez d&rsquo;excellents produits biologiques de l&rsquo;exploitation, \u00e0 z\u00e9ro kilom\u00e8tre, tout en \u00e9tant s\u00e9duit par l\u2019endroit. [&hellip;]<\/p>\n","protected":false},"author":12,"featured_media":0,"parent":390,"menu_order":74,"comment_status":"closed","ping_status":"closed","template":"template-default-2.php","meta":{"footnotes":""},"class_list":["post-521","page","type-page","status-publish","hentry"],"yoast_head":"<!-- This site is optimized with the Yoast SEO plugin v27.3 - https:\/\/yoast.com\/product\/yoast-seo-wordpress\/ -->\n<title>Vins &amp; Bien-\u00eatre &#8211; Hotel Centrale Alcamo<\/title>\n<meta name=\"description\" content=\"Nous avons imagin\u00e9 pour vous des forfaits qui marient l\u2019excellence gastronomique de notre terroir \u00e0 la s\u00e9r\u00e9nit\u00e9 et au bien-\u00eatre de notre Spa. En partenariat avec Adamo Bio Vous visiterez le Baglio historique, anciennement le domaine des Cantines Florio, et d\u00e9gusterez d&#039;excellents produits biologiques de l&#039;exploitation, \u00e0 z\u00e9ro kilom\u00e8tre, tout en \u00e9tant s\u00e9duit par l\u2019endroit. Plongez dans l\u2019art culinaire sicilien gr\u00e2ce \u00e0 un cours de cuisine, o\u00f9 vous apprendrez les secrets des recettes traditionnelles. Enfin, profitez d\u2019un moment de pure d\u00e9tente dans notre Spa..\" \/>\n<meta name=\"robots\" content=\"index, follow, max-snippet:-1, max-image-preview:large, max-video-preview:-1\" \/>\n<link rel=\"canonical\" href=\"https:\/\/www.hotelcentrale.sicilia.it\/fr\/offres-speciales\/vins-bien-etre\/\" \/>\n<meta property=\"og:locale\" content=\"fr_FR\" \/>\n<meta property=\"og:type\" content=\"article\" \/>\n<meta property=\"og:title\" content=\"Vins &amp; Bien-\u00eatre &#8211; Hotel Centrale Alcamo\" \/>\n<meta property=\"og:description\" content=\"Nous avons imagin\u00e9 pour vous des forfaits qui marient l\u2019excellence gastronomique de notre terroir \u00e0 la s\u00e9r\u00e9nit\u00e9 et au bien-\u00eatre de notre Spa. En partenariat avec Adamo Bio Vous visiterez le Baglio historique, anciennement le domaine des Cantines Florio, et d\u00e9gusterez d&#039;excellents produits biologiques de l&#039;exploitation, \u00e0 z\u00e9ro kilom\u00e8tre, tout en \u00e9tant s\u00e9duit par l\u2019endroit. Plongez dans l\u2019art culinaire sicilien gr\u00e2ce \u00e0 un cours de cuisine, o\u00f9 vous apprendrez les secrets des recettes traditionnelles. Enfin, profitez d\u2019un moment de pure d\u00e9tente dans notre Spa..\" \/>\n<meta property=\"og:url\" content=\"https:\/\/www.hotelcentrale.sicilia.it\/fr\/offres-speciales\/vins-bien-etre\/\" \/>\n<meta property=\"og:site_name\" content=\"Hotel Centrale Alcamo\" \/>\n<meta property=\"article:publisher\" content=\"https:\/\/www.facebook.com\/hotelcentrale.alcamo\/\" \/>\n<meta property=\"article:modified_time\" content=\"2025-05-02T08:56:50+00:00\" \/>\n<meta property=\"og:image\" content=\"https:\/\/www.hotelcentrale.sicilia.it\/wp-content\/uploads\/sites\/219\/2025\/03\/slide-hall.jpg\" \/>\n\t<meta property=\"og:image:width\" content=\"1800\" \/>\n\t<meta property=\"og:image:height\" content=\"1200\" \/>\n\t<meta property=\"og:image:type\" content=\"image\/jpeg\" \/>\n<meta name=\"twitter:card\" content=\"summary_large_image\" \/>\n<meta name=\"twitter:label1\" content=\"Dur\u00e9e de lecture estim\u00e9e\" \/>\n\t<meta name=\"twitter:data1\" content=\"1 minute\" \/>\n<script type=\"application\/ld+json\" class=\"yoast-schema-graph\">{\"@context\":\"https:\\\/\\\/schema.org\",\"@graph\":[{\"@type\":\"WebPage\",\"@id\":\"https:\\\/\\\/www.hotelcentrale.sicilia.it\\\/fr\\\/offres-speciales\\\/vins-bien-etre\\\/\",\"url\":\"https:\\\/\\\/www.hotelcentrale.sicilia.it\\\/fr\\\/offres-speciales\\\/vins-bien-etre\\\/\",\"name\":\"Vins & Bien-\u00eatre &#8211; Hotel Centrale Alcamo\",\"isPartOf\":{\"@id\":\"https:\\\/\\\/www.hotelcentrale.sicilia.it\\\/fr\\\/#website\"},\"datePublished\":\"2025-03-07T10:18:31+00:00\",\"dateModified\":\"2025-05-02T08:56:50+00:00\",\"description\":\"Nous avons imagin\u00e9 pour vous des forfaits qui marient l\u2019excellence gastronomique de notre terroir \u00e0 la s\u00e9r\u00e9nit\u00e9 et au bien-\u00eatre de notre Spa. En partenariat avec Adamo Bio Vous visiterez le Baglio historique, anciennement le domaine des Cantines Florio, et d\u00e9gusterez d'excellents produits biologiques de l'exploitation, \u00e0 z\u00e9ro kilom\u00e8tre, tout en \u00e9tant s\u00e9duit par l\u2019endroit. Plongez dans l\u2019art culinaire sicilien gr\u00e2ce \u00e0 un cours de cuisine, o\u00f9 vous apprendrez les secrets des recettes traditionnelles. Enfin, profitez d\u2019un moment de pure d\u00e9tente dans notre Spa. .\",\"breadcrumb\":{\"@id\":\"https:\\\/\\\/www.hotelcentrale.sicilia.it\\\/fr\\\/offres-speciales\\\/vins-bien-etre\\\/#breadcrumb\"},\"inLanguage\":\"fr-FR\",\"potentialAction\":[{\"@type\":\"ReadAction\",\"target\":[\"https:\\\/\\\/www.hotelcentrale.sicilia.it\\\/fr\\\/offres-speciales\\\/vins-bien-etre\\\/\"]}]},{\"@type\":\"BreadcrumbList\",\"@id\":\"https:\\\/\\\/www.hotelcentrale.sicilia.it\\\/fr\\\/offres-speciales\\\/vins-bien-etre\\\/#breadcrumb\",\"itemListElement\":[{\"@type\":\"ListItem\",\"position\":1,\"name\":\"Home\",\"item\":\"https:\\\/\\\/www.hotelcentrale.sicilia.it\\\/fr\\\/\"},{\"@type\":\"ListItem\",\"position\":2,\"name\":\"Offres sp\u00e9ciales\",\"item\":\"https:\\\/\\\/www.hotelcentrale.sicilia.it\\\/fr\\\/pacchetti-hotel\\\/\"},{\"@type\":\"ListItem\",\"position\":3,\"name\":\"Vins &#038; Bien-\u00eatre\"}]},{\"@type\":\"WebSite\",\"@id\":\"https:\\\/\\\/www.hotelcentrale.sicilia.it\\\/fr\\\/#website\",\"url\":\"https:\\\/\\\/www.hotelcentrale.sicilia.it\\\/fr\\\/\",\"name\":\"Hotel Centrale Alcamo\",\"description\":\"Hotel  4 stelle nel cuore della citt\u00e0\",\"publisher\":{\"@id\":\"https:\\\/\\\/www.hotelcentrale.sicilia.it\\\/fr\\\/#organization\"},\"alternateName\":\"Hotel Centrale Alcamo\",\"potentialAction\":[{\"@type\":\"SearchAction\",\"target\":{\"@type\":\"EntryPoint\",\"urlTemplate\":\"https:\\\/\\\/www.hotelcentrale.sicilia.it\\\/fr\\\/?s={search_term_string}\"},\"query-input\":{\"@type\":\"PropertyValueSpecification\",\"valueRequired\":true,\"valueName\":\"search_term_string\"}}],\"inLanguage\":\"fr-FR\"},{\"@type\":\"Organization\",\"@id\":\"https:\\\/\\\/www.hotelcentrale.sicilia.it\\\/fr\\\/#organization\",\"name\":\"Hotel Centrale Alcamo\",\"url\":\"https:\\\/\\\/www.hotelcentrale.sicilia.it\\\/fr\\\/\",\"logo\":{\"@type\":\"ImageObject\",\"inLanguage\":\"fr-FR\",\"@id\":\"https:\\\/\\\/www.hotelcentrale.sicilia.it\\\/fr\\\/#\\\/schema\\\/logo\\\/image\\\/\",\"url\":\"https:\\\/\\\/hotel-centrale-alcamo.ms2.decms.eu\\\/wp-content\\\/uploads\\\/sites\\\/219\\\/2025\\\/02\\\/logo.png\",\"contentUrl\":\"https:\\\/\\\/hotel-centrale-alcamo.ms2.decms.eu\\\/wp-content\\\/uploads\\\/sites\\\/219\\\/2025\\\/02\\\/logo.png\",\"width\":200,\"height\":98,\"caption\":\"Hotel Centrale Alcamo\"},\"image\":{\"@id\":\"https:\\\/\\\/www.hotelcentrale.sicilia.it\\\/fr\\\/#\\\/schema\\\/logo\\\/image\\\/\"},\"sameAs\":[\"https:\\\/\\\/www.facebook.com\\\/hotelcentrale.alcamo\\\/\"]}]}<\/script>\n<!-- \/ Yoast SEO plugin. -->","yoast_head_json":{"title":"Vins & Bien-\u00eatre &#8211; Hotel Centrale Alcamo","description":"Nous avons imagin\u00e9 pour vous des forfaits qui marient l\u2019excellence gastronomique de notre terroir \u00e0 la s\u00e9r\u00e9nit\u00e9 et au bien-\u00eatre de notre Spa. En partenariat avec Adamo Bio Vous visiterez le Baglio historique, anciennement le domaine des Cantines Florio, et d\u00e9gusterez d'excellents produits biologiques de l'exploitation, \u00e0 z\u00e9ro kilom\u00e8tre, tout en \u00e9tant s\u00e9duit par l\u2019endroit. Plongez dans l\u2019art culinaire sicilien gr\u00e2ce \u00e0 un cours de cuisine, o\u00f9 vous apprendrez les secrets des recettes traditionnelles. Enfin, profitez d\u2019un moment de pure d\u00e9tente dans notre Spa..","robots":{"index":"index","follow":"follow","max-snippet":"max-snippet:-1","max-image-preview":"max-image-preview:large","max-video-preview":"max-video-preview:-1"},"canonical":"https:\/\/www.hotelcentrale.sicilia.it\/fr\/offres-speciales\/vins-bien-etre\/","og_locale":"fr_FR","og_type":"article","og_title":"Vins & Bien-\u00eatre &#8211; Hotel Centrale Alcamo","og_description":"Nous avons imagin\u00e9 pour vous des forfaits qui marient l\u2019excellence gastronomique de notre terroir \u00e0 la s\u00e9r\u00e9nit\u00e9 et au bien-\u00eatre de notre Spa. En partenariat avec Adamo Bio Vous visiterez le Baglio historique, anciennement le domaine des Cantines Florio, et d\u00e9gusterez d'excellents produits biologiques de l'exploitation, \u00e0 z\u00e9ro kilom\u00e8tre, tout en \u00e9tant s\u00e9duit par l\u2019endroit. Plongez dans l\u2019art culinaire sicilien gr\u00e2ce \u00e0 un cours de cuisine, o\u00f9 vous apprendrez les secrets des recettes traditionnelles. Enfin, profitez d\u2019un moment de pure d\u00e9tente dans notre Spa..","og_url":"https:\/\/www.hotelcentrale.sicilia.it\/fr\/offres-speciales\/vins-bien-etre\/","og_site_name":"Hotel Centrale Alcamo","article_publisher":"https:\/\/www.facebook.com\/hotelcentrale.alcamo\/","article_modified_time":"2025-05-02T08:56:50+00:00","og_image":[{"width":1800,"height":1200,"url":"https:\/\/www.hotelcentrale.sicilia.it\/wp-content\/uploads\/sites\/219\/2025\/03\/slide-hall.jpg","type":"image\/jpeg"}],"twitter_card":"summary_large_image","twitter_misc":{"Dur\u00e9e de lecture estim\u00e9e":"1 minute"},"schema":{"@context":"https:\/\/schema.org","@graph":[{"@type":"WebPage","@id":"https:\/\/www.hotelcentrale.sicilia.it\/fr\/offres-speciales\/vins-bien-etre\/","url":"https:\/\/www.hotelcentrale.sicilia.it\/fr\/offres-speciales\/vins-bien-etre\/","name":"Vins & Bien-\u00eatre &#8211; Hotel Centrale Alcamo","isPartOf":{"@id":"https:\/\/www.hotelcentrale.sicilia.it\/fr\/#website"},"datePublished":"2025-03-07T10:18:31+00:00","dateModified":"2025-05-02T08:56:50+00:00","description":"Nous avons imagin\u00e9 pour vous des forfaits qui marient l\u2019excellence gastronomique de notre terroir \u00e0 la s\u00e9r\u00e9nit\u00e9 et au bien-\u00eatre de notre Spa. En partenariat avec Adamo Bio Vous visiterez le Baglio historique, anciennement le domaine des Cantines Florio, et d\u00e9gusterez d'excellents produits biologiques de l'exploitation, \u00e0 z\u00e9ro kilom\u00e8tre, tout en \u00e9tant s\u00e9duit par l\u2019endroit. Plongez dans l\u2019art culinaire sicilien gr\u00e2ce \u00e0 un cours de cuisine, o\u00f9 vous apprendrez les secrets des recettes traditionnelles. Enfin, profitez d\u2019un moment de pure d\u00e9tente dans notre Spa. .","breadcrumb":{"@id":"https:\/\/www.hotelcentrale.sicilia.it\/fr\/offres-speciales\/vins-bien-etre\/#breadcrumb"},"inLanguage":"fr-FR","potentialAction":[{"@type":"ReadAction","target":["https:\/\/www.hotelcentrale.sicilia.it\/fr\/offres-speciales\/vins-bien-etre\/"]}]},{"@type":"BreadcrumbList","@id":"https:\/\/www.hotelcentrale.sicilia.it\/fr\/offres-speciales\/vins-bien-etre\/#breadcrumb","itemListElement":[{"@type":"ListItem","position":1,"name":"Home","item":"https:\/\/www.hotelcentrale.sicilia.it\/fr\/"},{"@type":"ListItem","position":2,"name":"Offres sp\u00e9ciales","item":"https:\/\/www.hotelcentrale.sicilia.it\/fr\/pacchetti-hotel\/"},{"@type":"ListItem","position":3,"name":"Vins &#038; Bien-\u00eatre"}]},{"@type":"WebSite","@id":"https:\/\/www.hotelcentrale.sicilia.it\/fr\/#website","url":"https:\/\/www.hotelcentrale.sicilia.it\/fr\/","name":"Hotel Centrale Alcamo","description":"Hotel  4 stelle nel cuore della citt\u00e0","publisher":{"@id":"https:\/\/www.hotelcentrale.sicilia.it\/fr\/#organization"},"alternateName":"Hotel Centrale Alcamo","potentialAction":[{"@type":"SearchAction","target":{"@type":"EntryPoint","urlTemplate":"https:\/\/www.hotelcentrale.sicilia.it\/fr\/?s={search_term_string}"},"query-input":{"@type":"PropertyValueSpecification","valueRequired":true,"valueName":"search_term_string"}}],"inLanguage":"fr-FR"},{"@type":"Organization","@id":"https:\/\/www.hotelcentrale.sicilia.it\/fr\/#organization","name":"Hotel Centrale Alcamo","url":"https:\/\/www.hotelcentrale.sicilia.it\/fr\/","logo":{"@type":"ImageObject","inLanguage":"fr-FR","@id":"https:\/\/www.hotelcentrale.sicilia.it\/fr\/#\/schema\/logo\/image\/","url":"https:\/\/hotel-centrale-alcamo.ms2.decms.eu\/wp-content\/uploads\/sites\/219\/2025\/02\/logo.png","contentUrl":"https:\/\/hotel-centrale-alcamo.ms2.decms.eu\/wp-content\/uploads\/sites\/219\/2025\/02\/logo.png","width":200,"height":98,"caption":"Hotel Centrale Alcamo"},"image":{"@id":"https:\/\/www.hotelcentrale.sicilia.it\/fr\/#\/schema\/logo\/image\/"},"sameAs":["https:\/\/www.facebook.com\/hotelcentrale.alcamo\/"]}]}},"acf":[],"_links":{"self":[{"href":"https:\/\/www.hotelcentrale.sicilia.it\/fr\/wp-json\/wp\/v2\/pages\/521","targetHints":{"allow":["GET"]}}],"collection":[{"href":"https:\/\/www.hotelcentrale.sicilia.it\/fr\/wp-json\/wp\/v2\/pages"}],"about":[{"href":"https:\/\/www.hotelcentrale.sicilia.it\/fr\/wp-json\/wp\/v2\/types\/page"}],"author":[{"embeddable":true,"href":"https:\/\/www.hotelcentrale.sicilia.it\/fr\/wp-json\/wp\/v2\/users\/12"}],"replies":[{"embeddable":true,"href":"https:\/\/www.hotelcentrale.sicilia.it\/fr\/wp-json\/wp\/v2\/comments?post=521"}],"version-history":[{"count":0,"href":"https:\/\/www.hotelcentrale.sicilia.it\/fr\/wp-json\/wp\/v2\/pages\/521\/revisions"}],"up":[{"embeddable":true,"href":"https:\/\/www.hotelcentrale.sicilia.it\/fr\/wp-json\/wp\/v2\/pages\/390"}],"wp:attachment":[{"href":"https:\/\/www.hotelcentrale.sicilia.it\/fr\/wp-json\/wp\/v2\/media?parent=521"}],"curies":[{"name":"wp","href":"https:\/\/api.w.org\/{rel}","templated":true}]}}